{"id":18025,"date":"2017-10-26T16:55:30","date_gmt":"2017-10-26T14:55:30","guid":{"rendered":"http:\/\/164.132.120.236\/inforad\/?page_id=18025"},"modified":"2024-11-28T16:42:12","modified_gmt":"2024-11-28T15:42:12","slug":"mentions-legales","status":"publish","type":"page","link":"https:\/\/inforad.net\/?page_id=18025","title":{"rendered":"Mentions L\u00e9gales"},"content":{"rendered":"<p><\/p>\n<h2>Mentions L\u00e9gales<\/h2>\n<p>INFORAD est une marque de la soci\u00e9t\u00e9 Inforad Ltd, distribu\u00e9 par :<\/p>\n<p>INFORAD DIRECT LTD<br \/>\nUnit L6, Smithstown Ind. Estate,<br \/>\nShannon, County Clare,<br \/>\nV14 H582, Ireland<\/p>\n<p>Notre service client est \u00e0 votre disposition du Lundi &#8211; 13h \u00e0 16h, Mardi &#8211; de 10h \u00e0 12h, Mercredi &#8211; FERM\u00c9, Jeudi &#8211; 10h \u00e0 12h, Vendredi &#8211; 13h \u00e0 16h<\/p>\n<p>Num\u00e9ro de Registre du Commerce : 608680<br \/>\nNum\u00e9ro de TVA intracommunautaire : IE3488023QH<\/p>\n<p>La boutique en ligne est g\u00e9r\u00e9e par :<\/p>\n<p>INFORAD DIRECT LTD<br \/>\nUnit L6, Smithstown Ind. Estate,<br \/>\nShannon, County Clare,<br \/>\nV14 H582, Ireland<\/p>\n<p>Pour toute demande de r\u00e9tractation, remboursement et\/ou \u00e9change, merci de bien vouloir utiliser le bon de retour mis a votre disposition.<\/p>\n<p>Vous trouverez ci-dessous les conditions de mises a disposition et r\u00e9futations associ\u00e9es a l&#8217;int\u00e9gration par INFORAD DIRECT LTD de certains logiciels open-source dans ses Produits, \u00e0 savoir INFORAD Smart et Ci.<\/p>\n<p>SDK est bas\u00e9 sur Sourcery G++ Lite 2008q3<br \/>\nBootloader Kernel est bas\u00e9 sur SiRF SDK v0.4.006<\/p>\n<p>Packages modifi\u00e9s:<br \/>\n\u2022 Linux-2.6.28 : Licence, Code source modifi\u00e9.<br \/>\n\u2022 U-Boot-1.2.0 : Licence, Code source modifi\u00e9.<\/p>\n<p>Packages Originaux:<br \/>\n\u2022 Busybox-1.19.3: http:\/\/www.busybox.net<br \/>\n\u2022 Coreutils-5.3.0: http:\/\/www.gnu.org\/software\/coreutils\/<br \/>\n\u2022 GCC-4.3.2: http:\/\/gcc.gnu.org\/<br \/>\n\u2022 Avec image-format: jpeg, mng, svg, tiff, ico, gif<\/p>","protected":false},"excerpt":{"rendered":"<p>Mentions L\u00e9gales INFORAD est une marque de la soci\u00e9t\u00e9 Inforad Ltd, distribu\u00e9 par : INFORAD DIRECT LTD Unit L6, Smithstown [&hellip;]<\/p>\n","protected":false},"author":1,"featured_media":0,"parent":0,"menu_order":0,"comment_status":"closed","ping_status":"closed","template":"","meta":{"footnotes":""},"class_list":["post-18025","page","type-page","status-publish","hentry"],"_links":{"self":[{"href":"https:\/\/inforad.net\/index.php?rest_route=\/wp\/v2\/pages\/18025","targetHints":{"allow":["GET"]}}],"collection":[{"href":"https:\/\/inforad.net\/index.php?rest_route=\/wp\/v2\/pages"}],"about":[{"href":"https:\/\/inforad.net\/index.php?rest_route=\/wp\/v2\/types\/page"}],"author":[{"embeddable":true,"href":"https:\/\/inforad.net\/index.php?rest_route=\/wp\/v2\/users\/1"}],"replies":[{"embeddable":true,"href":"https:\/\/inforad.net\/index.php?rest_route=%2Fwp%2Fv2%2Fcomments&post=18025"}],"version-history":[{"count":4,"href":"https:\/\/inforad.net\/index.php?rest_route=\/wp\/v2\/pages\/18025\/revisions"}],"predecessor-version":[{"id":871125310676,"href":"https:\/\/inforad.net\/index.php?rest_route=\/wp\/v2\/pages\/18025\/revisions\/871125310676"}],"wp:attachment":[{"href":"https:\/\/inforad.net\/index.php?rest_route=%2Fwp%2Fv2%2Fmedia&parent=18025"}],"curies":[{"name":"wp","href":"https:\/\/api.w.org\/{rel}","templated":true}]}}