{"id":18050,"date":"2017-10-30T16:44:17","date_gmt":"2017-10-30T15:44:17","guid":{"rendered":"http:\/\/164.132.120.236\/inforad\/?page_id=18050"},"modified":"2022-05-03T10:12:45","modified_gmt":"2022-05-03T08:12:45","slug":"mise-a-jour","status":"publish","type":"page","link":"https:\/\/inforad.net\/?page_id=18050","title":{"rendered":"Mise \u00e0 jour"},"content":{"rendered":"<p><div class=\"fusion-fullwidth fullwidth-box fusion-builder-row-1 nonhundred-percent-fullwidth non-hundred-percent-height-scrolling\" style=\"--awb-border-radius-top-left:0px;--awb-border-radius-top-right:0px;--awb-border-radius-bottom-right:0px;--awb-border-radius-bottom-left:0px;\" ><div class=\"fusion-builder-row fusion-row\"><div class=\"fusion-layout-column fusion_builder_column fusion-builder-column-0 fusion_builder_column_1_1 1_1 fusion-one-full fusion-column-first fusion-column-last\" style=\"--awb-bg-size:cover;\"><div class=\"fusion-column-wrapper fusion-flex-column-wrapper-legacy\"><div class=\"fusion-title title fusion-title-1 fusion-title-center fusion-title-text fusion-title-size-three\" style=\"--awb-sep-color:#d82f2f;\"><div class=\"title-sep-container title-sep-container-left\"><div class=\"title-sep sep-double sep-dotted\" style=\"border-color:#d82f2f;\"><\/div><\/div><span class=\"awb-title-spacer\"><\/span><h3 class=\"title-heading-center fusion-responsive-typography-calculated\" style=\"margin:0;--fontSize:16;--minFontSize:16;line-height:1.88;\"><span style=\"color: #d82f2f;\">Comment mettre \u00e0 jour votre Inforad :<\/span><\/h3><span class=\"awb-title-spacer\"><\/span><div class=\"title-sep-container title-sep-container-right\"><div class=\"title-sep sep-double sep-dotted\" style=\"border-color:#d82f2f;\"><\/div><\/div><\/div><div class=\"fusion-clearfix\"><\/div><\/div><\/div><\/div><\/div><div class=\"fusion-fullwidth fullwidth-box fusion-builder-row-2 nonhundred-percent-fullwidth non-hundred-percent-height-scrolling\" style=\"--awb-border-radius-top-left:0px;--awb-border-radius-top-right:0px;--awb-border-radius-bottom-right:0px;--awb-border-radius-bottom-left:0px;\" ><div class=\"fusion-builder-row fusion-row\"><div class=\"fusion-layout-column fusion_builder_column fusion-builder-column-1 fusion_builder_column_1_2 1_2 fusion-one-half fusion-column-first\" style=\"--awb-bg-size:cover;width:50%;width:calc(50% - ( ( 4% ) * 0.5 ) );margin-right: 4%;\"><div class=\"fusion-column-wrapper fusion-flex-column-wrapper-legacy\"><div class=\"fusion-title title fusion-title-2 fusion-title-center fusion-title-text fusion-title-size-three\"><div class=\"title-sep-container title-sep-container-left\"><div class=\"title-sep sep-single sep-solid\" style=\"border-color:#e0dede;\"><\/div><\/div><span class=\"awb-title-spacer\"><\/span><h3 class=\"title-heading-center fusion-responsive-typography-calculated\" style=\"margin:0;--fontSize:16;--minFontSize:16;line-height:1.88;\">APPAREILS COMMUNICANTS<\/h3><span class=\"awb-title-spacer\"><\/span><div class=\"title-sep-container title-sep-container-right\"><div class=\"title-sep sep-single sep-solid\" style=\"border-color:#e0dede;\"><\/div><\/div><\/div><div class=\"awb-gallery-wrapper awb-gallery-wrapper-1 button-span-no\"><div style=\"margin:-5px;--awb-bordersize:0px;\" class=\"fusion-gallery fusion-gallery-container fusion-grid-2 fusion-columns-total-2 fusion-gallery-layout-grid fusion-gallery-1\"><div style=\"padding:5px;\" class=\"fusion-grid-column fusion-gallery-column fusion-gallery-column-2 hover-type-zoomin\"><div class=\"fusion-gallery-image\"><a href=\"https:\/\/inforad.net\/wp-content\/uploads\/2017\/10\/CI_thumb.png\" data-title=\"CI_thumb\" title=\"CI_thumb\" rel=\"noreferrer\" data-rel=\"iLightbox[gallery_image_1]\" class=\"fusion-lightbox\" target=\"_self\"><img decoding=\"async\" src=\"https:\/\/inforad.net\/wp-content\/uploads\/2017\/10\/CI_thumb.png\" width=\"137\" height=\"100\" alt=\"\" title=\"CI_thumb\" aria-label=\"CI_thumb\" class=\"img-responsive wp-image-18057 fusion-gallery-image-size-fixed\"  \/><\/a><\/div><\/div><div style=\"padding:5px;\" class=\"fusion-grid-column fusion-gallery-column fusion-gallery-column-2 hover-type-zoomin\"><div class=\"fusion-gallery-image\"><a href=\"https:\/\/inforad.net\/wp-content\/uploads\/2017\/10\/SMART_thumb.png\" data-title=\"SMART_thumb\" title=\"SMART_thumb\" rel=\"noreferrer\" data-rel=\"iLightbox[gallery_image_1]\" class=\"fusion-lightbox\" target=\"_self\"><img decoding=\"async\" src=\"https:\/\/inforad.net\/wp-content\/uploads\/2017\/10\/SMART_thumb.png\" width=\"137\" height=\"100\" alt=\"\" title=\"SMART_thumb\" aria-label=\"SMART_thumb\" class=\"img-responsive wp-image-18058 fusion-gallery-image-size-fixed\"  \/><\/a><\/div><\/div><div class=\"clearfix\"><\/div><\/div><\/div><div class=\"fusion-text fusion-text-1\"><p style=\"text-align: center;\"><strong><br \/>\nDerni\u00e8re version :<\/strong><\/p>\n<p style=\"text-align: center;\">Firmware \u2192\u00a0<span style=\"color: #d82f2f;\">2.8-0028<\/span><\/p>\n<p style=\"text-align: center;\">Cartographie Ci \u2192\u00a0<span style=\"color: #d82f2f;\">01-00070\u00a0\u00a0<\/span>| Cartographie Smart \u2192\u00a0<span style=\"color: #d82f2f;\">01-00071<\/span><\/p>\n<p style=\"text-align: center;\">Logiciel pour la mise \u00e0 jour :\u00a0<span style=\"color: #d82f2f;\">Inforad Ci Manager<\/span><a href=\"http:\/\/inforadci.com\" target=\"_blank\" rel=\"noopener\"><img decoding=\"async\" class=\"aligncenter wp-image-18067 size-thumbnail\" src=\"https:\/\/inforad.net\/wp-content\/uploads\/2017\/10\/Folder-Downloads-icon-150x150.png\" alt=\"\" width=\"150\" height=\"150\" \/><\/a><a href=\"http:\/\/inforadci.com\" target=\"_blank\" rel=\"noopener\"><span style=\"color: #d82f2f;\">Acc\u00e9der \u00e0 l&#8217;espace client pour T\u00e9l\u00e9charger Inforad Ci Manager<\/span><\/a><\/p>\n<\/div><div class=\"fusion-clearfix\"><\/div><\/div><\/div><div class=\"fusion-layout-column fusion_builder_column fusion-builder-column-2 fusion_builder_column_1_2 1_2 fusion-one-half fusion-column-last\" style=\"--awb-bg-size:cover;width:50%;width:calc(50% - ( ( 4% ) * 0.5 ) );\"><div class=\"fusion-column-wrapper fusion-flex-column-wrapper-legacy\"><div class=\"fusion-title title fusion-title-3 fusion-title-center fusion-title-text fusion-title-size-three\"><div class=\"title-sep-container title-sep-container-left\"><div class=\"title-sep sep-single sep-solid\" style=\"border-color:#e0dede;\"><\/div><\/div><span class=\"awb-title-spacer\"><\/span><h3 class=\"title-heading-center fusion-responsive-typography-calculated\" style=\"margin:0;--fontSize:16;--minFontSize:16;line-height:1.88;\">APPAREILS NON COMMUNICANTS<\/h3><span class=\"awb-title-spacer\"><\/span><div class=\"title-sep-container title-sep-container-right\"><div class=\"title-sep sep-single sep-solid\" style=\"border-color:#e0dede;\"><\/div><\/div><\/div><div class=\"awb-gallery-wrapper awb-gallery-wrapper-2 button-span-no\"><div style=\"margin:-5px;--awb-bordersize:0px;\" class=\"fusion-gallery fusion-gallery-container fusion-grid-4 fusion-columns-total-4 fusion-gallery-layout-grid fusion-gallery-2\"><div style=\"padding:5px;\" class=\"fusion-grid-column fusion-gallery-column fusion-gallery-column-4 hover-type-zoomin\"><div class=\"fusion-gallery-image\"><a href=\"https:\/\/inforad.net\/wp-content\/uploads\/2017\/10\/K2_thumb.png\" data-title=\"K2_thumb\" title=\"K2_thumb\" rel=\"noreferrer\" data-rel=\"iLightbox[gallery_image_2]\" class=\"fusion-lightbox\" target=\"_self\"><img decoding=\"async\" src=\"https:\/\/inforad.net\/wp-content\/uploads\/2017\/10\/K2_thumb.png\" width=\"137\" height=\"100\" alt=\"\" title=\"K2_thumb\" aria-label=\"K2_thumb\" class=\"img-responsive wp-image-18061 fusion-gallery-image-size-fixed\"  \/><\/a><\/div><\/div><div style=\"padding:5px;\" class=\"fusion-grid-column fusion-gallery-column fusion-gallery-column-4 hover-type-zoomin\"><div class=\"fusion-gallery-image\"><a href=\"https:\/\/inforad.net\/wp-content\/uploads\/2017\/10\/M1_thumb.png\" data-title=\"M1_thumb\" title=\"M1_thumb\" rel=\"noreferrer\" data-rel=\"iLightbox[gallery_image_2]\" class=\"fusion-lightbox\" target=\"_self\"><img decoding=\"async\" src=\"https:\/\/inforad.net\/wp-content\/uploads\/2017\/10\/M1_thumb.png\" width=\"137\" height=\"100\" alt=\"\" title=\"M1_thumb\" aria-label=\"M1_thumb\" class=\"img-responsive wp-image-18064 fusion-gallery-image-size-fixed\"  \/><\/a><\/div><\/div><div class=\"clearfix\"><\/div><div style=\"padding:5px;\" class=\"fusion-grid-column fusion-gallery-column fusion-gallery-column-4 hover-type-zoomin\"><div class=\"fusion-gallery-image\"><a href=\"https:\/\/inforad.net\/wp-content\/uploads\/2017\/10\/V4_thumb.png\" data-title=\"V4_thumb\" title=\"V4_thumb\" rel=\"noreferrer\" data-rel=\"iLightbox[gallery_image_2]\" class=\"fusion-lightbox\" target=\"_self\"><img decoding=\"async\" src=\"https:\/\/inforad.net\/wp-content\/uploads\/2017\/10\/V4_thumb.png\" width=\"137\" height=\"100\" alt=\"\" title=\"V4_thumb\" aria-label=\"V4_thumb\" class=\"img-responsive wp-image-18065 fusion-gallery-image-size-fixed\"  \/><\/a><\/div><\/div><div style=\"padding:5px;\" class=\"fusion-grid-column fusion-gallery-column fusion-gallery-column-4 hover-type-zoomin\"><div class=\"fusion-gallery-image\"><a href=\"https:\/\/inforad.net\/wp-content\/uploads\/2017\/10\/V6_thumb.png\" data-title=\"V6_thumb\" title=\"V6_thumb\" rel=\"noreferrer\" data-rel=\"iLightbox[gallery_image_2]\" class=\"fusion-lightbox\" target=\"_self\"><img decoding=\"async\" src=\"https:\/\/inforad.net\/wp-content\/uploads\/2017\/10\/V6_thumb.png\" width=\"137\" height=\"100\" alt=\"\" title=\"V6_thumb\" aria-label=\"V6_thumb\" class=\"img-responsive wp-image-18062 fusion-gallery-image-size-fixed\"  \/><\/a><\/div><\/div><\/div><\/div><div class=\"fusion-text fusion-text-2\"><p style=\"text-align: center;\">Logiciel pour la mise \u00e0 jour :\u00a0<span style=\"color: #d82f2f;\">Inforad Manager 3.9.3<\/span><a href=\"https:\/\/inforad.net\/tools\/ifmsetup\/IFM393SETUP.exe\" target=\"_blank\" rel=\"noopener\"><img decoding=\"async\" class=\"aligncenter wp-image-18067 size-thumbnail\" src=\"https:\/\/inforad.net\/wp-content\/uploads\/2017\/10\/Folder-Downloads-icon-150x150.png\" alt=\"\" width=\"150\" height=\"150\" \/><\/a><a href=\"https:\/\/inforad.net\/tools\/ifmsetup\/IFM393SETUP.exe\"><span style=\"color: #d82f2f;\">T\u00e9l\u00e9charger Inforad Manager 3.9.3 (pour Windows)<\/span><\/a><\/p>\n<\/div><div class=\"fusion-clearfix\"><\/div><\/div><\/div><\/div><\/div><\/p>","protected":false},"excerpt":{"rendered":"","protected":false},"author":1,"featured_media":0,"parent":0,"menu_order":0,"comment_status":"closed","ping_status":"closed","template":"","meta":{"footnotes":""},"class_list":["post-18050","page","type-page","status-publish","hentry"],"_links":{"self":[{"href":"https:\/\/inforad.net\/index.php?rest_route=\/wp\/v2\/pages\/18050","targetHints":{"allow":["GET"]}}],"collection":[{"href":"https:\/\/inforad.net\/index.php?rest_route=\/wp\/v2\/pages"}],"about":[{"href":"https:\/\/inforad.net\/index.php?rest_route=\/wp\/v2\/types\/page"}],"author":[{"embeddable":true,"href":"https:\/\/inforad.net\/index.php?rest_route=\/wp\/v2\/users\/1"}],"replies":[{"embeddable":true,"href":"https:\/\/inforad.net\/index.php?rest_route=%2Fwp%2Fv2%2Fcomments&post=18050"}],"version-history":[{"count":36,"href":"https:\/\/inforad.net\/index.php?rest_route=\/wp\/v2\/pages\/18050\/revisions"}],"predecessor-version":[{"id":871125308172,"href":"https:\/\/inforad.net\/index.php?rest_route=\/wp\/v2\/pages\/18050\/revisions\/871125308172"}],"wp:attachment":[{"href":"https:\/\/inforad.net\/index.php?rest_route=%2Fwp%2Fv2%2Fmedia&parent=18050"}],"curies":[{"name":"wp","href":"https:\/\/api.w.org\/{rel}","templated":true}]}}