{"id":18079,"date":"2017-10-31T16:33:27","date_gmt":"2017-10-31T15:33:27","guid":{"rendered":"http:\/\/164.132.120.236\/inforad\/?page_id=18079"},"modified":"2025-09-02T10:36:11","modified_gmt":"2025-09-02T08:36:11","slug":"cgu","status":"publish","type":"page","link":"https:\/\/inforad.net\/?page_id=18079","title":{"rendered":"CONDITIONS GENERALES D\u2019UTILISATION"},"content":{"rendered":"<p><\/p>\n<h2 style=\"text-align: center;\">CONDITIONS GENERALES D\u2019UTILISATION (\u00ab CGU \u00bb)<\/h2>\n<p>INFORAD DIRECT LTD met en ligne le Site Web accessible \u00e0 l\u2019adresse www.inforad.eu (le \u00ab Site Web \u00bb) en vue de sa consultation par les internautes sous les termes et conditions pr\u00e9vues aux pr\u00e9sentes CGU.<br \/>\nLe Site Web est compos\u00e9 de diff\u00e9rents espaces et les pr\u00e9sentes CGU s\u2019appliquent \u00e0 l\u2019ensemble du Site Web.<br \/>\nLes CGU sont opposables \u00e0 toute personne visitant le Site Web ainsi qu\u2019\u00e0 toute personne cr\u00e9ant un Compte INFORAD sur le Site Web (les \u00ab Utilisateurs \u00bb).<br \/>\nLe cas \u00e9ch\u00e9ant et notamment dans le cadre de la vente en ligne des Produits INFORAD et la souscription au(x) Service(s), les Conditions G\u00e9n\u00e9rales de Vente (les \u00ab CGV \u00bb) et les Conditions G\u00e9n\u00e9rales de Services (les \u00ab CGS \u00bb) seront cumulativement applicables.<\/p>\n<p><strong>ARTICLE 1. MENTIONS LEGALES : EDITION ET HEBERGEMENT DU SITE WEB<\/strong><\/p>\n<p>Conform\u00e9ment aux dispositions de l&#8217;article 6 III-1 de la loi n\u00b0 2004-575 du 21 juin 2004 pour la confiance dans l&#8217;\u00e9conomie num\u00e9rique, INFORAD DIRECT LTD informe l\u2019Utilisateur des \u00e9l\u00e9ments suivants :1.1 Editeur du Site Web<br \/>\nLe Site Web est \u00e9dit\u00e9 par la soci\u00e9t\u00e9 INFORAD DIRECT LTD, soci\u00e9t\u00e9 par actions simplifi\u00e9e \u00e0 associ\u00e9 unique et dont le si\u00e8ge social est situ\u00e9 Unit L6, Smithstown Ind. Estate, Shannon, County Clare, V14 H582, Ireland,<br \/>\nLa soci\u00e9t\u00e9 est repr\u00e9sent\u00e9e par son Directeur Monsieur Steve Wilson.<br \/>\nEmail : sw@inforad.ie<br \/>\nNum\u00e9ro d\u2019immatriculation au Registre du commerce et des soci\u00e9t\u00e9s\u00a0 d\u2019Irlande : 608680<br \/>\nNum\u00e9ro de TVA intracommunautaire : IE3488023QH<br \/>\n1.2 Directeur de la publication<br \/>\nLe directeur de la publication du Site Web est Monsieur Steve Wilson.<br \/>\n1.3 H\u00e9bergeur du Site Web<br \/>\nLe Site Web est h\u00e9berg\u00e9 par la soci\u00e9t\u00e9 :<br \/>\nOVH2, rue Kellermann\u00a059100 Roubaix &#8211; FranceSite internet : www.ovh.com\/fr\/support\/T\u00e9l\u00e9phone : + 330972101112<br \/>\nNum\u00e9ro d\u2019immatriculation au Registre du commerce et des soci\u00e9t\u00e9s de Lille : 424 761 419<br \/>\nNum\u00e9ro TVA intracommunautaire : FR 22 424 761 419<\/p>\n<p>&nbsp;<\/p>\n<p><strong>ARTICLE 2. DEFINITIONS<br \/>\n<\/strong><br \/>\nLes termes ci-dessous, auront entre les parties la signification suivante:<br \/>\n\uf02d \u00ab Assistants d\u2019Aide \u00e0 la Conduite \u00bb ou \u00ab AAC \u00bb : les \u00e9quipements communicants et non communicants commercialis\u00e9s par INFORAD DIRECT LTD<br \/>\n\uf02d \u00ab Client \u00bb : toute personne physique ou morale susceptible de commander des Produits INFORAD et\/ou de souscrire au(x) Service(s) INFORAD<br \/>\n\uf02d \u00ab Club INFORAD \u00bb : l\u2019espace en ligne r\u00e9serv\u00e9 aux Utilisateurs ayant ouvert un Compte INFORAD permettant notamment d\u2019\u00e9changer des informations relatives \u00e0 la circulation routi\u00e8re avec les autres membres du Club INFORAD et de recevoir des offres promotionnelles<br \/>\n\uf02d \u00ab Compte INFORAD \u00bb : le compte personnel cr\u00e9\u00e9 sur le Site Web par l\u2019Utilisateur ou un revendeur agr\u00e9\u00e9 INFORAD permettant notamment d\u2019enregistrer certains Produits INFORAD et d\u2019adh\u00e9rer au Club INFORAD<br \/>\n\uf02d \u00ab INFORAD DIRECT LTD \u00bb : soci\u00e9t\u00e9 par actions simplifi\u00e9e \u00e0 associ\u00e9 unique, immatricul\u00e9e au Registre du commerce Irlandais sous le num\u00e9ro 608680 dont le si\u00e8ge social est situ\u00e9 Unit L6, Smithstown Ind. Estate, Shannon, County Clare, V14 H582, Ireland, titulaire des droits de propri\u00e9t\u00e9 intellectuelle sur la marque INFORAD<br \/>\n\uf02d \u00ab Produit(s) INFORAD \u00bb : les AAC Communicants et non communicants ainsi que leurs accessoires, portant ou non la marque INFORAD,\u00a0 commercialis\u00e9s par INFORAD DIRECT LTD<br \/>\n\uf02d \u00ab Service(s) INFORAD \u00bb : les services propos\u00e9s par INFORAD DIRECT LTD sur le Site Web<br \/>\n\uf02d \u00ab Site web \u00bb : le site internet accessible \u00e0 l\u2019adresse www.inforad.net<\/p>\n<p>\uf02d \u00ab Utilisateur(s) \u00bb : toute personne visitant le Site Web ainsi que toute personne cr\u00e9ant un Compte INFORAD sur le Site Web<\/p>\n<p><strong>ARTICLE 3. UTILISATION DU SITE WEB<br \/>\n<\/strong><br \/>\nL\u2019Utilisateur s&#8217;interdit, dans le cadre de sa navigation sur le Site Web, de se livrer \u00e0 des actes, de quelque nature que ce soit, qui seraient contraires \u00e0 la Loi, porteraient atteinte \u00e0 l&#8217;ordre public, ou aux droits de INFORAD DIRECT LTD ou de tiers. En particulier, sans que cette liste soit limitative, l\u2019Utilisateur s&#8217;engage, lors de sa navigation sur le Site Web, \u00e0 respecter les r\u00e8gles suivantes :<br \/>\n\u2022 Communiquer des informations exactes lors de son inscription et de l&#8217;utilisation du Site Web ;\u00a0\u2022 Mettre \u00e0 jour les donn\u00e9es le concernant ;\u2022 Ne pas utiliser de fausse identit\u00e9 en vue de tromper autrui ;\u00a0\u2022 Se conformer aux lois en vigueur et respecter les droits des tiers, ainsi que les pr\u00e9sentes stipulations contractuelles ;\u00a0\u2022 Respecter les droits de propri\u00e9t\u00e9 intellectuelle aff\u00e9rents aux contenus fournis par INFORAD DIRECT LTD ainsi que les droits de propri\u00e9t\u00e9 intellectuelle des tiers ;\u00a0\u2022 Ne pas diffuser des donn\u00e9es, informations ou contenus \u00e0 caract\u00e8re diffamatoire, injurieux, obsc\u00e8ne, offensant, violent ou incitant \u00e0 la violence, ou \u00e0 caract\u00e8re politique, raciste ou x\u00e9nophobe et de mani\u00e8re g\u00e9n\u00e9rale tout contenu qui serait contraire aux lois et r\u00e8glements en vigueur ou aux bonnes m\u0153urs ; et\u2022 Ne pas collecter des informations sur des tiers, y compris des adresses \u00e9lectroniques, afin de les utiliser pour l&#8217;envoi de sollicitations commerciales ou \u00e9quivalentes, ou de les int\u00e9grer au sein d&#8217;un service de r\u00e9f\u00e9rencement ou \u00e9quivalent, gratuit ou payant, ou encore afin d&#8217;effectuer de la veille concurrentielle.<br \/>\nEn cas de manquement par un Utilisateur \u00e0 l&#8217;une ou plusieurs de ces r\u00e8gles, INFORAD DIRECT LTD se r\u00e9serve le droit de suspendre et\/ou de r\u00e9silier unilat\u00e9ralement son compte INFORAD et de supprimer les contenus et messages litigieux, de fa\u00e7on temporaire ou d\u00e9finitive, sans aucune contrepartie, ni devoir de quelconque d\u00e9dommagement.<\/p>\n<p><strong>ARTICLE 4. PROPRIETE INTELLECTUELLE<br \/>\n<\/strong><br \/>\nLe Site Web, son contenu et tous les \u00e9l\u00e9ments qui le composent sont prot\u00e9g\u00e9s au titre du droit de la propri\u00e9t\u00e9 intellectuelle.<br \/>\nINFORAD DIRECT LTD est propri\u00e9taire des droits d\u2019exploitation de tous les \u00e9l\u00e9ments qui composent le Site Web, tels que les marques, logos, textes, photographies et images, graphiques, donn\u00e9es vid\u00e9os, sonores et animations, logiciels, codes sources, bases de donn\u00e9es ou s\u2019est vu conc\u00e9der les licences n\u00e9cessaires sur les droits de propri\u00e9t\u00e9 intellectuelle y aff\u00e9rent.<br \/>\nL\u2019Utilisateur ne dispose de l\u2019autorisation de visualisation du Site Web et d\u2019utilisation des \u00e9l\u00e9ments qui le composent qu\u2019\u00e0 titre personnel et priv\u00e9 et pour les stricts besoins de la consultation dudit Site Web, \u00e0 l\u2019exclusion de toute visualisation ou diffusion publique.<br \/>\nToute reproduction, repr\u00e9sentation, diffusion ou exploitation de quelque nature que ce soit et par quelque moyen que ce soit de l\u2019un quelconque des \u00e9l\u00e9ments susvis\u00e9s, sans l\u2019autorisation \u00e9crite et pr\u00e9alable de INFORAD DIRECT LTD, est strictement interdite et constituerait un acte de contrefa\u00e7on sanctionn\u00e9 par le Code de la Propri\u00e9t\u00e9 Intellectuelle.<br \/>\nL\u2019impression papier de tout \u00e9l\u00e9ment du Site Web est autoris\u00e9e aux fins de copie priv\u00e9e, \u00e0 l\u2019usage exclusif du copiste au sens de l\u2019article L. 122-5 2\u00b0 du Code de la Propri\u00e9t\u00e9 Intellectuelle.<\/p>\n<p><strong>ARTICLE 5. RESPONSABILITE<\/strong><\/p>\n<p>L\u2019acc\u00e8s \u00e0 tout ou partie du Site Web pourra \u00eatre interrompu ou suspendu par INFORAD DIRECT LTD aux fins de maintenance pr\u00e9ventive, \u00e9volutive ou d\u2019actions correctives ou en cas de difficult\u00e9s li\u00e9es aux r\u00e9seaux de communications \u00e9lectroniques ou \u00e0 son infrastructure d\u2019h\u00e9bergement.<br \/>\nEn cons\u00e9quence, INFORAD DIRECT LTD ne pourra pas \u00eatre tenue pour responsable des interruptions et suspensions de l\u2019acc\u00e8s au Site Web, des erreurs et bogues, de la pr\u00e9sence de virus ou autres infections informatiques, de l\u2019intrusion frauduleuse d\u2019un tiers ayant entra\u00een\u00e9 une modification des informations mises \u00e0 la disposition sur le Site Web ainsi que de leurs cons\u00e9quences pour l\u2019Utilisateur.<br \/>\nINFORAD DIRECT LTD ne pourra pas \u00eatre tenue pour responsable de tous dommages, directs ou indirects, qu&#8217;elles qu&#8217;en soient les causes, origines, natures ou cons\u00e9quences, provoqu\u00e9s par des tiers, par l\u2019Utilisateur ou par toute personne agissant pour son compte.<br \/>\nLa mise en place de liens hypertextes vers tout ou partie du Site Web est strictement interdite sauf autorisation \u00e9crite et pr\u00e9alable d\u2019INFORAD DIRECT LTD.<br \/>\nINFORAD DIRECT LTD ne saurait, dans tous les cas, \u00eatre tenue pour responsable du contenu, des donn\u00e9es, des produits et informations diverses propos\u00e9s \u00e0 travers les sites web vers lesquels des liens hypertextes sont r\u00e9alis\u00e9s. En particulier, INFORAD DIRECT LTD se d\u00e9gage de toute responsabilit\u00e9 relative aux sites web dont les donn\u00e9es ne seraient par conformes aux dispositions l\u00e9gales et r\u00e9glementaires en vigueur.<\/p>\n<p><strong>ARTICLE 6. PROTECTION DES DONNEES A CARACTERE PERSONNEL \u2013 POLITIQUE DE CONFIDENTIALITE<br \/>\n<\/strong><br \/>\nToutes les donn\u00e9es \u00e0 caract\u00e8re personnel transmises par l\u2019Utilisateur dans le cadre de l&#8217;utilisation du Site Web sont recueillies l\u00e9galement et loyalement. Les traitements de donn\u00e9es \u00e0 caract\u00e8re personnel op\u00e9r\u00e9s par INFORAD DIRECT LTD ont \u00e9t\u00e9 d\u00e9clar\u00e9s \u00e0 la Commission Nationale de l\u2019Informatique et des Libert\u00e9s. Ces traitements ont pour finalit\u00e9 l&#8217;utilisation du Site Web et la fourniture des Produits et Services INFORAD tels que d\u00e9crits aux CGV et CGS.<br \/>\nLe caract\u00e8re obligatoire ou facultatif de la communication des donn\u00e9es sollicit\u00e9es est mentionn\u00e9 sur les formulaires de collecte. Dans le cas o\u00f9 la communication des donn\u00e9es est obligatoire, l&#8217;absence de leur communication aura pour cons\u00e9quence l&#8217;absence de traitement de la demande d&#8217;inscription de l\u2019Utilisateur.<br \/>\nEn particulier, INFORAD DIRECT LTD pourra \u00eatre amen\u00e9e \u00e0 conserver :<br \/>\n&#8211; un historique des achats effectu\u00e9s par l\u2019Utilisateur, des pages du Site Web visit\u00e9es par l\u2019Utilisateur ainsi que du type de navigateur utilis\u00e9 par l\u2019Utilisateur ;- le contenu des courriers \u00e9lectroniques adress\u00e9s par l\u2019Utilisateur ainsi que les r\u00e9ponses qui lui auront \u00e9t\u00e9 adress\u00e9es ;- les commentaires et avis transmis directement sur le Site Web par l\u2019Utilisateur ;- les mesures d\u2019audience r\u00e9alis\u00e9es par INFORAD DIRECT LTD ou pour son compte sur le Site Web : nombre de pages vues, nombre de visite du Site Web, activit\u00e9 de l\u2019Utilisateur, fr\u00e9quence de retour.<br \/>\nLa collecte et la conservation de ces donn\u00e9es effectu\u00e9es par INFORAD DIRECT LTD sont notamment destin\u00e9es :<br \/>\n&#8211; au traitement des commandes pass\u00e9es par l\u2019Utilisateur, Client au sens des CGV en vigueur ;- \u00e0 l\u2019am\u00e9lioration des Produits et Services INFORAD propos\u00e9s \u00e0 l\u2019Utilisateur ;- \u00e0 la gestion des commentaires et avis transmis directement sur le Site Web par l\u2019Utilisateur.<br \/>\nLes informations ainsi enregistr\u00e9es sont exclusivement r\u00e9serv\u00e9es \u00e0 l\u2019usage du (ou des) service(s) concern\u00e9(s) dans le cadre de la gestion du Site Web ainsi que du traitement des commandes pass\u00e9es par l\u2019Utilisateur, Client au sens des CGV et CGS en vigueur.<br \/>\nLes donn\u00e9es \u00e0 caract\u00e8re personnel de l\u2019Utilisateur pourront, avec son accord, \u00eatre:<br \/>\n&#8211; utilis\u00e9es par INFORAD DIRECT LTD pour lui adresser par voie postale, \u00e9lectronique et \/ ou t\u00e9l\u00e9phonique, des informations et offres commerciales sur les Produits et Services INFORAD ;<br \/>\n&#8211; transmises aux partenaires de INFORAD DIRECT LTD pour lui adresser par voie postale, \u00e9lectronique et \/ ou t\u00e9l\u00e9phonique, des informations et offres commerciales sur leurs produits et services ;<br \/>\nConform\u00e9ment aux articles 39 et suivants de la loi n\u00b0 78-17 du 6 janvier 1978 modifi\u00e9e relative \u00e0 l\u2019informatique, aux fichiers et aux libert\u00e9s, toute personne peut obtenir l\u2019acc\u00e8s, la communication et, le cas \u00e9ch\u00e9ant, la rectification ou la suppression des informations la concernant.<br \/>\nL\u2019Utilisateur peut exercer l&#8217;ensemble de ces droits en s\u2019adressant \u00e0 INFORAD DIRECT LTD par courrier \u00e9lectronique accompagn\u00e9 d\u2019une copie d\u2019un titre d\u2019identit\u00e9 en cours de validit\u00e9 \u00e0 l\u2019adresse suivante : info@inforad.eu<\/p>\n<p><strong>ARTICLE 7. COMPTE INFORAD<br \/>\n<\/strong><br \/>\n7.1 Cr\u00e9ation d\u2019un compte<br \/>\nL\u2019Utilisateur peut cr\u00e9er un Compte INFORAD sur le Site Web en se rendant sur la page \u00ab Espace client \u00bb. L\u2019Utilisateur ayant fait l\u2019acquisition d\u2019un Produit INFORAD doit cr\u00e9er un Compte INFORAD afin d\u2019enregistrer et mettre \u00e0 jour son appareil.<br \/>\nINFORAD DIRECT LTD a mis \u00e0 disposition des Utilisateurs sur son Site Web un manuel d\u00e9taillant la proc\u00e9dure d\u2019inscription.<br \/>\nLa cr\u00e9ation du Compte INFORAD permet \u00e0 l\u2019Utilisateur d\u2019acc\u00e9der au portail Club INFORAD.Pour cr\u00e9er un Compte INFORAD, l\u2019Utilisateur doit renseigner les informations demand\u00e9es dans le formulaire pr\u00e9vu \u00e0 cet effet.<br \/>\nLa saisie de ces informations par l\u2019Utilisateur vaut preuve de sa connexion au Site Web.\u00a0Les identifiant et mot de passe sont strictement personnels et confidentiels. Ils seront demand\u00e9s \u00e0 l\u2019Utilisateur \u00e0 chacune de ses connexions \u00e0 son Compte INFORAD. Ils ne devront pas \u00eatre communiqu\u00e9s ni partag\u00e9s avec des tiers.<br \/>\nL\u2019Utilisateur reconna\u00eet \u00eatre le seul et unique responsable, \u00e0 l\u2019\u00e9gard d\u2019INFORAD DIRECT LTD et\/ou de toute autre personne (physique ou morale), de l&#8217;utilisation de ses \u00e9l\u00e9ments d&#8217;identification par des tiers ou des actions ou d\u00e9clarations faites par l&#8217;interm\u00e9diaire de son Compte INFORAD, qu&#8217;elles soient frauduleuses ou non et garantit INFORAD DIRECT LTD contre toute demande \u00e0 ce titre.<br \/>\nAfin d\u2019assurer la s\u00e9curit\u00e9 du Site Web, du syst\u00e8me d\u2019information de INFORAD DIRECT LTD et d\u2019\u00e9viter toute intrusion frauduleuse par des personnes non habilit\u00e9es, les mots de passe des Utilisateurs devront \u00eatre constitu\u00e9s d\u2019au moins 8 caract\u00e8res incluant chiffres, lettres et caract\u00e8res sp\u00e9ciaux. L\u2019Utilisateur est invit\u00e9 \u00e0 changer r\u00e9guli\u00e8rement son mot de passe. L\u2019Utilisateur doit imp\u00e9rativement choisir un mot de passe diff\u00e9rent des trois qu\u2019il a utilis\u00e9s pr\u00e9c\u00e9demment.<br \/>\nL\u2019Utilisateur s\u2019engage \u00e0 informer INFORAD DIRECT LTD imm\u00e9diatement en cas d\u2019utilisation non autoris\u00e9e de son Compte INFORAD.<br \/>\nApr\u00e8s avoir acc\u00e9d\u00e9 \u00e0 son Compte INFORAD, l\u2019Utilisateur doit se d\u00e9connecter de celui-ci en cliquant sur l\u2019onglet \u00ab DECONNEXION \u00bb afin que toute personne non autoris\u00e9e ne puisse y acc\u00e9der. INFORAD DIRECT LTD invite, \u00e0 cet \u00e9gard, l\u2019Utilisateur \u00e0 \u00eatre vigilant, surtout lorsque celui-ci se connecte \u00e0 son Compte INFORAD depuis des postes publics (cybercaf\u00e9s, biblioth\u00e8ques, universit\u00e9s, etc.)<\/p>\n<p>7.2 CLUB INFORAD<br \/>\nL\u2019enregistrement du Compte INFORAD permet \u00e0 l\u2019Utilisateur de devenir membre du Club INFORAD. L\u2019Utilisateur b\u00e9n\u00e9ficie ainsi d\u2019une messagerie lui permettant de recevoir des informations de la part d\u2019INFORAD DIRECT LTD et notamment des offres promotionnelles en qualit\u00e9 de membre du Club INFORAD.<br \/>\nLe Club INFORAD a notamment pour objet l&#8217;\u00e9change d&#8217;informations en temps r\u00e9el entre ses membres pour communiquer sur la pr\u00e9sence de zones \u00e0 risques (dangers, incidents routiers, bouchons &#8230;).<\/p>\n<p>7.3 Fermeture du Compte INFORAD par l\u2019Utilisateur<br \/>\nL\u2019Utilisateur peut, \u00e0 tout moment, fermer son Compte INFORAD en envoyant sa demande par\u00a0 courrier \u00e9lectronique \u00e0 l\u2019adresse suivante support@inforad.net. Il recevra alors une confirmation de la fermeture de son Compte INFORAD par courrier \u00e9lectronique \u00e0 l\u2019adresse qu\u2019il a renseign\u00e9e lors de son inscription.<\/p>\n<p>7.4 Fermeture du Compte INFORAD par INFORAD DIRECT LTD<br \/>\nEn cas d\u2019inactivit\u00e9 du Compte INFORAD pendant une dur\u00e9e de treize (13) mois cons\u00e9cutifs\u00a0 ou en cas d\u2019utilisation du Site Web contraire \u00e0 l\u2019ordre public, aux bonnes m\u0153urs, \u00e0 toute disposition l\u00e9gale ou r\u00e9glementaire, ainsi qu\u2019aux pr\u00e9sentes CGU, INFORAD DIRECT LTD pourra supprimer, de plein droit, sans mise en demeure pr\u00e9alable et sans d\u00e9lai, le Compte INFORAD de l\u2019Utilisateur et ce, sans pr\u00e9judice des dommages et int\u00e9r\u00eats qu\u2019elle serait en droit de r\u00e9clamer.<\/p>\n<p><strong>ARTICLE 8. COOKIES<\/strong><\/p>\n<p>Un cookie est une donn\u00e9e qui est stock\u00e9e sur un ordinateur, une tablette ou un mobile lorsque l\u2019Utilisateur navigue sur Internet de fa\u00e7on \u00e0 ce que cet ordinateur, cette tablette ou ce mobile (l\u2019\u00ab Appareil \u00bb) puisse \u00eatre reconnu plus tard.<br \/>\nLes cookies enregistr\u00e9s par INFORAD DIRECT LTD ou par des tiers lorsque l\u2019Utilisateur visite le Site Web ne reconnaissent pas l\u2019Utilisateur personnellement en tant qu&#8217;individu, ils reconnaissent seulement l&#8217;appareil que l\u2019Utilisateur utilise. Les cookies ne causent aucun dommage, de quelque sorte que ce soit, \u00e0 l\u2019Appareil de l\u2019Utilisateur mais ils permettent \u00e0 l\u2019Utilisateur de b\u00e9n\u00e9ficier de certaines fonctionnalit\u00e9s du Site Web. Par exemple, les cookies permettront plus particuli\u00e8rement d\u2019identifier l\u2019Utilisateur, de g\u00e9rer ses commandes, de m\u00e9moriser ses consultations et de personnaliser les offres et informations qui lui seront propos\u00e9es.<br \/>\nL\u2019Utilisateur est libre de choisir, lors de sa premi\u00e8re connexion au Site Web, s\u2019il souhaite que des cookies soient enregistr\u00e9s sur son Appareil. Pour une information sp\u00e9cifique sur la gestion et le contr\u00f4le des cookies, l\u2019Utilisateur est invit\u00e9 \u00e0 se r\u00e9f\u00e9rer \u00e0 la gestion des cookies ci-dessous.<br \/>\nCependant, l\u2019Appareil de l\u2019Utilisateur doit accepter les cookies pour pouvoir utiliser pleinement le Site Web.<\/p>\n<p>L\u2019Utilisateur est inform\u00e9 du fait qu\u2019INFORAD DIRECT LTD utilise des cookies \u00ab fonctionnels \u00bb : ces cookies permettent de conserver les choix que l\u2019Utilisateur a faits sur le Site Web et de lui fournir des fonctionnalit\u00e9s personnalis\u00e9es. Ces cookies sont utilis\u00e9s par INFORAD DIRECT LTD pour l\u2019INFORAD login et l\u2019INFORAD lang.<br \/>\nINFORAD DIRECT LTD explique ci-dessous comment g\u00e9rer les cookies sur l\u2019ordinateur de l\u2019Utilisateur par l&#8217;interm\u00e9diaire des principaux navigateurs internet. Pour plus d&#8217;informations sur comment g\u00e9rer les cookies, l\u2019Utilisateur doit consulter sa documentation ou des fichiers d&#8217;aide en ligne.<br \/>\nGoogle Chrome\u00a0\u2022 Cliquer sur l&#8217;ic\u00f4ne repr\u00e9sentant une cl\u00e9 \u00e0 molette\u00a0 \u00a0qui est situ\u00e9e dans la barre d&#8217;outils du navigateur.\u2022 S\u00e9lectionnez Param\u00e8tres.\u2022 Cliquer sur Afficher les param\u00e8tres avanc\u00e9s.\u2022 Dans la section &#8220;Confidentialit\u00e9&#8221;, cliquez sur le bouton Param\u00e8tres de contenu.\u2022 Dans la section &#8220;Cookies&#8221;, cliquez sur Cookies et donn\u00e9es de Site Web pour ouvrir la bo\u00eete de dialogue Cookies et autres donn\u00e9es.\u2022 Pour supprimer tous les cookies, cliquez sur Tout supprimer en bas de la bo\u00eete de dialogue.Pour supprimer un cookie sp\u00e9cifique, s\u00e9lectionnez le Site Web ayant cr\u00e9\u00e9 le cookie, puis le cookie. Cliquez ensuite sur Supprimer.<br \/>\nSafari<br \/>\nSous Mac\u00a0\u2022 Cliquer sur Safari dans la barre de menu.\u2022 Aller dans Pr\u00e9f\u00e9rences.\u2022 Puis dans l&#8217;onglet S\u00e9curit\u00e9.\u2022 Cliquer sur Afficher les cookies.\u2022 Et sur Tout effacer, puis confirmer (si besoin, annuler).\u2022 Sinon, s\u00e9lectionner les cookies voulus et cliquer sur Effacer (pas de confirmation de suppression dans ce cas).<br \/>\nSous Windows\u2022 Aller dans Pr\u00e9f\u00e9rence\u2022 Puis dans l&#8217;onglet Confidentialit\u00e9\u2022 Cliquer sur Supprimer toutes les donn\u00e9es des sites Web\u2022 Cliquer ensuite sur Supprimer.<\/p>\n<p>Mozilla Firefox\u2022 Cliquer sur Outils dans la barre de menu.\u2022 Aller tout en bas dans Options\u2022 Puis dans l&#8217;onglet Vie priv\u00e9e.\u2022 Dans le menu d\u00e9roulant R\u00e8gles de conservation choisir : \u00ab \u00e0 utiliser les param\u00e8tres personnalis\u00e9s pour l\u2019historique. \u00bb\u2022 Cliquer sur Afficher les cookies. La fen\u00eatre \u00ab Cookies \u00bb appara\u00eet.\u2022 Cliquer sur \u00ab Supprimer le cookie \u00bb ou \u00ab\u00a0 Supprimer tous les cookies \u00bb<\/p>\n<p>&nbsp;<\/p>\n<p>Internet Explorer<br \/>\nInternet Explorer 7\u2022 Cliquer sur Outils dans la barre de menu, ou sur l&#8217;ic\u00f4ne repr\u00e9sent\u00e9e par une roue crant\u00e9e dans la barre d&#8217;outils.\u2022 Aller tout en bas dans Options Internet.\u2022 Dans l&#8217;onglet G\u00e9n\u00e9ral, rep\u00e9rer la rubrique Historique de navigation et cliquer sur le bouton Supprimer&#8230;\u2022 Cliquer sur le bouton Supprimer les cookies (ou sur le bouton Tout supprimer&#8230; selon le souhait) et confirmer en cliquant sur Oui.<br \/>\nInternet Explorer 8\u2022 Cliquer sur Outils dans la barre de menu, ou sur l&#8217;ic\u00f4ne repr\u00e9sent\u00e9e par une roue crant\u00e9e dans la barre d&#8217;outils.\u2022 Aller tout en bas dans Options Internet.\u2022 Dans l&#8217;onglet G\u00e9n\u00e9ral, rep\u00e9rer la rubrique Historique de navigation et cliquer sur le bouton Supprimer.\u2022 Activer la case \u00e0 cocher en regard de Cookies.\u2022 Activer la case Conserver les donn\u00e9es des sites Web favoris si l\u2019Utilisateur ne souhaite pas supprimer les cookies et les fichiers associ\u00e9s aux sites Web dans la liste des Favoris.\u2022 Cliquer sur Supprimer.<br \/>\nInternet Explorer 9<br \/>\n\u2022 Cliquer sur le bouton Outils , pointer sur S\u00e9curit\u00e9, puis cliquer sur Supprimer l\u2019historique de navigation.\u2022 Cocher la case Cookies, puis cliquez sur Supprimer.<br \/>\nLa CNIL recommande que les cookies permettant la tra\u00e7abilit\u00e9 des Utilisateurs ne soient pas conserv\u00e9s au-del\u00e0 de six (6) mois \u00e0 partir de leur premi\u00e8re insertion.<\/p>\n<p><strong>ARTICLE 9. SERVICE CLIENT<\/strong><\/p>\n<p>Pour toute r\u00e9clamation relative au contenu du Site Web, l\u2019Utilisateur est invit\u00e9 \u00e0 contacter INFORAD DIRECT LTD en utilisant l\u2019un des moyens de communication pr\u00e9vus sur le Site Web en cliquant sur l\u2019onglet \u00ab Nous contacter \u00bb.<\/p>\n<p><strong>ARTICLE 10. MODIFICATIONS DES CGU \/ LOI APPLICABLE ET COMPETENCE JURIDICTIONNELLE<\/strong><\/p>\n<p>INFORAD DIRECT LTD pourra modifier les termes des pr\u00e9sentes CGU. Ces modifications engagent l\u2019Utilisateur d\u00e8s leurs mises en ligne. Il est en cons\u00e9quence recommand\u00e9 \u00e0 l\u2019Utilisateur de consulter r\u00e9guli\u00e8rement les CGU afin de prendre connaissance de ces nouvelles conditions.<br \/>\nLe non respect par l\u2019Utilisateur, quelle que soit sa localisation, de l\u2019une quelconque des dispositions des pr\u00e9sentes CGU et de fa\u00e7on plus g\u00e9n\u00e9rale toute difficult\u00e9 touchant \u00e0 son ex\u00e9cution, son interpr\u00e9tation ou sa validit\u00e9, sont soumis \u00e0 la loi Fran\u00e7aise.<\/p>\n<p>&nbsp;<\/p>\n<p><\/p>","protected":false},"excerpt":{"rendered":"<p>CONDITIONS GENERALES D\u2019UTILISATION (\u00ab CGU \u00bb) INFORAD DIRECT LTD met en ligne le Site Web accessible \u00e0 l\u2019adresse www.inforad.eu (le [&hellip;]<\/p>\n","protected":false},"author":1,"featured_media":0,"parent":0,"menu_order":0,"comment_status":"closed","ping_status":"closed","template":"","meta":{"footnotes":""},"class_list":["post-18079","page","type-page","status-publish","hentry"],"_links":{"self":[{"href":"https:\/\/inforad.net\/index.php?rest_route=\/wp\/v2\/pages\/18079","targetHints":{"allow":["GET"]}}],"collection":[{"href":"https:\/\/inforad.net\/index.php?rest_route=\/wp\/v2\/pages"}],"about":[{"href":"https:\/\/inforad.net\/index.php?rest_route=\/wp\/v2\/types\/page"}],"author":[{"embeddable":true,"href":"https:\/\/inforad.net\/index.php?rest_route=\/wp\/v2\/users\/1"}],"replies":[{"embeddable":true,"href":"https:\/\/inforad.net\/index.php?rest_route=%2Fwp%2Fv2%2Fcomments&post=18079"}],"version-history":[{"count":9,"href":"https:\/\/inforad.net\/index.php?rest_route=\/wp\/v2\/pages\/18079\/revisions"}],"predecessor-version":[{"id":871125311189,"href":"https:\/\/inforad.net\/index.php?rest_route=\/wp\/v2\/pages\/18079\/revisions\/871125311189"}],"wp:attachment":[{"href":"https:\/\/inforad.net\/index.php?rest_route=%2Fwp%2Fv2%2Fmedia&parent=18079"}],"curies":[{"name":"wp","href":"https:\/\/api.w.org\/{rel}","templated":true}]}}