{"id":18085,"date":"2017-10-31T16:45:21","date_gmt":"2017-10-31T15:45:21","guid":{"rendered":"http:\/\/164.132.120.236\/inforad\/?page_id=18085"},"modified":"2025-10-03T16:02:28","modified_gmt":"2025-10-03T14:02:28","slug":"a-propos","status":"publish","type":"page","link":"https:\/\/inforad.net\/?page_id=18085","title":{"rendered":"A propos d&#8217;Inforad"},"content":{"rendered":"<p><div class=\"fusion-fullwidth fullwidth-box fusion-builder-row-1 nonhundred-percent-fullwidth non-hundred-percent-height-scrolling\" style=\"--awb-border-radius-top-left:0px;--awb-border-radius-top-right:0px;--awb-border-radius-bottom-right:0px;--awb-border-radius-bottom-left:0px;\" ><div class=\"fusion-builder-row fusion-row\"><div class=\"fusion-layout-column fusion_builder_column fusion-builder-column-0 fusion_builder_column_1_1 1_1 fusion-one-full fusion-column-first fusion-column-last\" style=\"--awb-bg-size:cover;\"><div class=\"fusion-column-wrapper fusion-flex-column-wrapper-legacy\"><div class=\"fusion-image-element in-legacy-container\" style=\"--awb-caption-title-size:var(--h2_typography-font-size);--awb-caption-title-transform:var(--h2_typography-text-transform);--awb-caption-title-line-height:var(--h2_typography-line-height);--awb-caption-title-letter-spacing:var(--h2_typography-letter-spacing);\"><span class=\" fusion-imageframe imageframe-none imageframe-1 hover-type-none fusion-animated\" data-animationType=\"fadeInLeft\" data-animationDuration=\"0.3\" data-animationOffset=\"top-into-view\"><img decoding=\"async\" width=\"200\" height=\"72\" title=\"INFORAD-MAJ-LOGO-200&#215;72\" src=\"https:\/\/inforad.net\/wp-content\/uploads\/2017\/10\/INFORAD-MAJ-LOGO-200x72.png\" alt class=\"img-responsive wp-image-18086\"\/><\/span><\/div><div class=\"fusion-clearfix\"><\/div><\/div><\/div><\/div><\/div><div class=\"fusion-fullwidth fullwidth-box fusion-builder-row-2 nonhundred-percent-fullwidth non-hundred-percent-height-scrolling\" style=\"--awb-border-radius-top-left:0px;--awb-border-radius-top-right:0px;--awb-border-radius-bottom-right:0px;--awb-border-radius-bottom-left:0px;\" ><div class=\"fusion-builder-row fusion-row\"><div class=\"fusion-layout-column fusion_builder_column fusion-builder-column-1 fusion_builder_column_1_2 1_2 fusion-one-half fusion-column-first\" style=\"--awb-bg-size:cover;width:50%;width:calc(50% - ( ( 4% ) * 0.5 ) );margin-right: 4%;\"><div class=\"fusion-column-wrapper fusion-flex-column-wrapper-legacy\"><div class=\"fusion-text fusion-text-1\"><p><strong>Depuis 2003, INFORAD est la r\u00e9f\u00e9rence en mati\u00e8re de d\u00e9tecteurs de radars l\u00e9gaux.<\/strong><\/p>\n<p>Son d\u00e9partement R&amp;D international assure la maintenance, mais aussi l&#8217;\u00e9volution logicielle et mat\u00e9rielle des produits INFORAD.<\/p>\n<p>Nous offrons \u00e0 nos clients une assistance par e-mail avec un d\u00e9lai de r\u00e9ponse de 1 \u00e0 2 jours pour r\u00e9pondre \u00e0 toutes leurs questions.<\/p>\n<p>INFORAD Ltd s&#8217;engage \u00e0 f\u00e9d\u00e9rer et \u00e0 d\u00e9velopper une communaut\u00e9 de plus de 100 000 utilisateurs.<\/p>\n<p><strong>Produits<\/strong><\/p>\n<p>Premier appareil communicant de la marque, le Ci se pr\u00e9sente dans un bo\u00eetier carr\u00e9 avec un \u00e9cran haute r\u00e9solution de 3 pouces.<\/p>\n<p>Il est contr\u00f4l\u00e9 par une t\u00e9l\u00e9commande qui peut \u00eatre install\u00e9e au volant, ce qui permet de signaler intuitivement le type de danger rencontr\u00e9 \u00e0 la communaut\u00e9 tout en restant concentr\u00e9 sur la conduite.<\/p>\n<p>Pour un abonnement modique, le Ci b\u00e9n\u00e9ficie :<\/p>\n<p>de mises \u00e0 jour en temps r\u00e9el des zones de danger que les clients peuvent rencontrer<\/p>\n<p>_____________________________________________________________________________________<\/p>\n<p><strong>Since 2003, INFORAD has been the source of legal speed camera detector.<\/strong><\/p>\n<p>Its international R&amp;D allows for maintenance but also for software and hardware evolution of the INFORAD products.<\/p>\n<p>We offer our customers email supoort with 1\/2 days to answer all their questions.<\/p>\n<p>INFORAD Ltd is committed to federating and growing a community of more than 100,000 users.<\/p>\n<p><strong>Products <\/strong><\/p>\n<p>1st communicating device from the brand, the Ci comes in a square case with a high resolution 3&#8243;screen.<\/p>\n<p>It is controlled by a remote control that can be installed at the wheel, which allows to intuitively report the type of danger encountered to the community while remaining focused on driving.<\/p>\n<p>For a small subscription, the Ci benefits from:<\/p>\n<p>real-time updates of the danger zones that customers may encounter<\/p>\n<p>a HERE embedded map (formerly NAVTECH) with regular updates<\/p>\n<p>calls the emergency services<\/p>\n<p>Thanks to its modular design, the Ci has been derived as a European version (called Inforad Smart)<\/p>\n<h2>Inforad guarantees its products for 2 years.<\/h2>\n<\/div><div class=\"fusion-clearfix\"><\/div><\/div><\/div><div class=\"fusion-layout-column fusion_builder_column fusion-builder-column-2 fusion_builder_column_1_3 1_3 fusion-one-third fusion-column-last\" style=\"--awb-bg-size:cover;width:33.333333333333%;width:calc(33.333333333333% - ( ( 4% ) * 0.33333333333333 ) );\"><div class=\"fusion-column-wrapper fusion-flex-column-wrapper-legacy\"><div class=\"fusion-widget-area awb-widget-area-element fusion-widget-area-1 fusion-content-widget-area\" style=\"--awb-title-size:15px;--awb-title-color:#2b2e32;--awb-padding:0px 0px 0px 0px;\"><div id=\"contact_info-widget-2\" class=\"widget contact_info\" style=\"border-style: solid;border-color:transparent;border-width:0px;\"><div class=\"heading\"><h4 class=\"widget-title\">Contactez-nous<\/h4><\/div>\n\t\t<div class=\"contact-info-container\">\n\t\t\t\t\t\t\t<p class=\"address\">Inforad Direct<br>Unit L6, Smithstown Ind. Estate<br>Shannon County Clare V14 H582<br>Ireland<\/p>\n\t\t\t\n\t\t\t\n\t\t\t\n\t\t\t\n\t\t\t\t\t\t\t\t\t\t\t\t<p class=\"email\">Email: <a href=\"mailto:&#115;&#117;&#112;po&#114;&#116;&#64;&#105;&#110;&#102;ora&#100;&#46;n&#101;&#116;\">support@inforad.net<\/a><\/p>\n\t\t\t\t\t\t\t\n\t\t\t\t\t\t\t<p class=\"web\">Web : <a href=\"http:\/\/inforad.net\">\n\t\t\t\t\t\t\t\t\t\t\tinforad.net\t\t\t\t\t\t\t\t\t<\/a><\/p>\n\t\t\t\t\t<\/div>\n\t\t<\/div><div id=\"facebook-like-widget-3\" class=\"widget facebook_like\"><div class=\"heading\"><h4 class=\"widget-title\">Suivez-nous sur Facebook<\/h4><\/div>\n\t\t\t\t\t\t\t\t\t\t\t\t<script>\n\t\t\t\n\t\t\t\t\twindow.fbAsyncInit = function() {\n\t\t\t\t\t\tfusion_resize_page_widget();\n\n\t\t\t\t\t\tjQuery( window ).on( 'resize', function() {\n\t\t\t\t\t\t\tfusion_resize_page_widget();\n\t\t\t\t\t\t});\n\n\t\t\t\t\t\tfunction fusion_resize_page_widget() {\n\t\t\t\t\t\t\tvar availableSpace     = jQuery( '.facebook-like-widget-3' ).width(),\n\t\t\t\t\t\t\t\tlastAvailableSPace = jQuery( '.facebook-like-widget-3 .fb-page' ).attr( 'data-width' ),\n\t\t\t\t\t\t\t\tmaxWidth           = 268;\n\n\t\t\t\t\t\t\tif ( 1 > availableSpace ) {\n\t\t\t\t\t\t\t\tavailableSpace = maxWidth;\n\t\t\t\t\t\t\t}\n\n\t\t\t\t\t\t\tif ( availableSpace != lastAvailableSPace && availableSpace != maxWidth ) {\n\t\t\t\t\t\t\t\tif ( maxWidth < availableSpace ) {\n\t\t\t\t\t\t\t\t\tavailableSpace = maxWidth;\n\t\t\t\t\t\t\t\t}\n\t\t\t\t\t\t\t\tjQuery('.facebook-like-widget-3 .fb-page' ).attr( 'data-width', Math.floor( availableSpace ) );\n\t\t\t\t\t\t\t\tif ( 'undefined' !== typeof FB ) {\n\t\t\t\t\t\t\t\t\tFB.XFBML.parse();\n\t\t\t\t\t\t\t\t}\n\t\t\t\t\t\t\t}\n\t\t\t\t\t\t}\n\t\t\t\t\t};\n\n\t\t\t\t\t( function( d, s, id ) {\n\t\t\t\t\t\tvar js,\n\t\t\t\t\t\t\tfjs = d.getElementsByTagName( s )[0];\n\t\t\t\t\t\tif ( d.getElementById( id ) ) {\n\t\t\t\t\t\t\treturn;\n\t\t\t\t\t\t}\n\t\t\t\t\t\tjs     = d.createElement( s );\n\t\t\t\t\t\tjs.id  = id;\n\t\t\t\t\t\tjs.src = \"https:\/\/connect.facebook.net\/fr_FR\/sdk.js#xfbml=1&version=v8.0&appId=\";\n\t\t\t\t\t\tfjs.parentNode.insertBefore( js, fjs );\n\t\t\t\t\t}( document, 'script', 'facebook-jssdk' ) );\n\n\t\t\t\t\t\t\t<\/script>\n\t\t\t\n\t\t\t<div class=\"fb-like-box-container facebook-like-widget-3\" id=\"fb-root\">\n\t\t\t\t<div class=\"fb-page\" data-href=\"https:\/\/www.facebook.com\/inforad\/\" data-original-width=\"268\" data-width=\"268\" data-adapt-container-width=\"true\" data-small-header=\"true\" data-height=\"540\" data-hide-cover=\"false\" data-show-facepile=\"true\" data-tabs=\"timeline\"><\/div>\n\t\t\t<\/div>\n\t\t\t<\/div><div id=\"pyre_tabs-widget-3\" class=\"widget fusion-tabs-widget\">\t\t<div class=\"fusion-tabs-widget-wrapper fusion-tabs-widget-3 fusion-tabs-classic fusion-tabs-image-default tab-holder\">\n\t\t\t<nav class=\"fusion-tabs-nav\">\n\t\t\t\t<ul class=\"tabset tabs\">\n\n\t\t\t\t\t\t\t\t\t\t\t<li class=\"active\"><a href=\"#\" data-link=\"fusion-tab-popular\">Populaire<\/a><\/li>\n\t\t\t\t\t\n\t\t\t\t\t\t\t\t\t\t\t<li><a href=\"#\" data-link=\"fusion-tab-recent\">R\u00e9cent<\/a><\/li>\n\t\t\t\t\t\n\t\t\t\t\t\t\t\t\t\t\t<li><a href=\"#\" data-link=\"fusion-tab-comments\"><span class=\"awb-icon-bubbles\"><\/span><span class=\"screen-reader-text\">Commentaires<\/span><\/a><\/li>\n\t\t\t\t\t\n\t\t\t\t<\/ul>\n\t\t\t<\/nav>\n\n\t\t\t<div class=\"fusion-tabs-widget-content tab-box tabs-container\">\n\n\t\t\t\t\n\t\t\t\t\t<div class=\"fusion-tab-popular fusion-tab-content tab tab_content\" data-name=\"fusion-tab-popular\">\n\t\t\t\t\t\t\n\t\t\t\t\t\t<ul class=\"fusion-tabs-widget-items news-list\">\n\t\t\t\t\t\t\t\t\t\t\t\t\t\t\t\t\t\t\t\t\t\t\t\t\t\t\t\t\t\t\t\t\t<li>\n\t\t\t\t\t\t\t\t\t\t\t\t\t\t\t\t\t\t\t\t\t<div class=\"image\">\n\t\t\t\t\t\t\t\t\t\t\t\t<a href=\"https:\/\/inforad.net\/?p=18252\" aria-label=\"S\u00e9curit\u00e9 routi\u00e8re : hausse des conducteurs sans permis ni assurance\"><img decoding=\"async\" width=\"66\" height=\"66\" src=\"https:\/\/inforad.net\/wp-content\/uploads\/2017\/11\/Screenshot-2017-11-20-Car-Pictures-Download-Free-Images-on-Unsplash-66x66.jpg\" class=\"attachment-recent-works-thumbnail size-recent-works-thumbnail wp-post-image\" alt=\"\" srcset=\"https:\/\/inforad.net\/wp-content\/uploads\/2017\/11\/Screenshot-2017-11-20-Car-Pictures-Download-Free-Images-on-Unsplash-66x66.jpg 66w, https:\/\/inforad.net\/wp-content\/uploads\/2017\/11\/Screenshot-2017-11-20-Car-Pictures-Download-Free-Images-on-Unsplash-100x100.jpg 100w, https:\/\/inforad.net\/wp-content\/uploads\/2017\/11\/Screenshot-2017-11-20-Car-Pictures-Download-Free-Images-on-Unsplash-150x150.jpg 150w\" sizes=\"(max-width: 66px) 100vw, 66px\" \/><\/a>\n\t\t\t\t\t\t\t\t\t\t\t<\/div>\n\t\t\t\t\t\t\t\t\t\t\n\t\t\t\t\t\t\t\t\t\t<div class=\"post-holder\">\n\t\t\t\t\t\t\t\t\t\t\t<a href=\"https:\/\/inforad.net\/?p=18252\">S\u00e9curit\u00e9 routi\u00e8re : hausse des conducteurs sans permis ni assurance<\/a>\n\t\t\t\t\t\t\t\t\t\t\t<div class=\"fusion-meta\">\n\t\t\t\t\t\t\t\t\t\t\t\tNovember 15th, 2017\t\t\t\t\t\t\t\t\t\t\t<\/div>\n\t\t\t\t\t\t\t\t\t\t<\/div>\n\t\t\t\t\t\t\t\t\t<\/li>\n\t\t\t\t\t\t\t\t\t\t\t\t\t\t\t\t\t\t\t\t\t\t\t\t\t\t<li>\n\t\t\t\t\t\t\t\t\t\t\n\t\t\t\t\t\t\t\t\t\t<div class=\"post-holder\">\n\t\t\t\t\t\t\t\t\t\t\t<a href=\"https:\/\/inforad.net\/?p=18256\">Mais o\u00f9 va l&#8217;argent des radars ?<\/a>\n\t\t\t\t\t\t\t\t\t\t\t<div class=\"fusion-meta\">\n\t\t\t\t\t\t\t\t\t\t\t\tNovember 15th, 2017\t\t\t\t\t\t\t\t\t\t\t<\/div>\n\t\t\t\t\t\t\t\t\t\t<\/div>\n\t\t\t\t\t\t\t\t\t<\/li>\n\t\t\t\t\t\t\t\t\t\t\t\t\t\t\t\t\t\t\t\t\t\t\t\t\t\t<li>\n\t\t\t\t\t\t\t\t\t\t\t\t\t\t\t\t\t\t\t\t\t<div class=\"image\">\n\t\t\t\t\t\t\t\t\t\t\t\t<a href=\"https:\/\/inforad.net\/?p=18279\" aria-label=\"En Belgique, des radars camoufl\u00e9s dans des poubelles\"><img decoding=\"async\" width=\"66\" height=\"66\" src=\"https:\/\/inforad.net\/wp-content\/uploads\/2017\/11\/38fe405d6ce9f9814582e7eed8d46-66x66.jpeg\" class=\"attachment-recent-works-thumbnail size-recent-works-thumbnail wp-post-image\" alt=\"\" srcset=\"https:\/\/inforad.net\/wp-content\/uploads\/2017\/11\/38fe405d6ce9f9814582e7eed8d46-66x66.jpeg 66w, https:\/\/inforad.net\/wp-content\/uploads\/2017\/11\/38fe405d6ce9f9814582e7eed8d46-100x100.jpeg 100w, https:\/\/inforad.net\/wp-content\/uploads\/2017\/11\/38fe405d6ce9f9814582e7eed8d46-150x150.jpeg 150w\" sizes=\"(max-width: 66px) 100vw, 66px\" \/><\/a>\n\t\t\t\t\t\t\t\t\t\t\t<\/div>\n\t\t\t\t\t\t\t\t\t\t\n\t\t\t\t\t\t\t\t\t\t<div class=\"post-holder\">\n\t\t\t\t\t\t\t\t\t\t\t<a href=\"https:\/\/inforad.net\/?p=18279\">En Belgique, des radars camoufl\u00e9s dans des poubelles<\/a>\n\t\t\t\t\t\t\t\t\t\t\t<div class=\"fusion-meta\">\n\t\t\t\t\t\t\t\t\t\t\t\tOctober 17th, 2017\t\t\t\t\t\t\t\t\t\t\t<\/div>\n\t\t\t\t\t\t\t\t\t\t<\/div>\n\t\t\t\t\t\t\t\t\t<\/li>\n\t\t\t\t\t\t\t\t\n\t\t\t\t\t\t\t\t\t\t\t\t\t\t\t\t\t\t\t\t\t<\/ul>\n\t\t\t\t\t<\/div>\n\n\t\t\t\t\n\t\t\t\t\n\t\t\t\t\t<div class=\"fusion-tab-recent fusion-tab-content tab tab_content\" data-name=\"fusion-tab-recent\" style=\"display: none;\">\n\n\t\t\t\t\t\t\n\t\t\t\t\t\t<ul class=\"fusion-tabs-widget-items news-list\">\n\t\t\t\t\t\t\t\t\t\t\t\t\t\t\t\t\t\t\t\t\t\t\t\t\t\t\t\t\t\t\t\t\t<li>\n\t\t\t\t\t\t\t\t\t\t\t\t\t\t\t\t\t\t\t\t<div class=\"post-holder\">\n\t\t\t\t\t\t\t\t\t\t\t<a href=\"https:\/\/inforad.net\/?p=18504\">S\u00e9curit\u00e9 routi\u00e8re: Les nouvelles mesures pour 2018<\/a>\n\t\t\t\t\t\t\t\t\t\t\t<div class=\"fusion-meta\">\n\t\t\t\t\t\t\t\t\t\t\t\tJanuary 10th, 2018\t\t\t\t\t\t\t\t\t\t\t<\/div>\n\t\t\t\t\t\t\t\t\t\t<\/div>\n\t\t\t\t\t\t\t\t\t<\/li>\n\t\t\t\t\t\t\t\t\t\t\t\t\t\t\t\t\t\t\t\t\t\t\t\t\t\t<li>\n\t\t\t\t\t\t\t\t\t\t\t\t\t\t\t\t\t\t\t\t\t<div class=\"image\">\n\t\t\t\t\t\t\t\t\t\t\t\t<a href=\"https:\/\/inforad.net\/?p=18398\" aria-label=\"Radars : un programme encore flou pour 2018\"><img decoding=\"async\" width=\"66\" height=\"66\" src=\"https:\/\/inforad.net\/wp-content\/uploads\/2018\/01\/S0-2003-2013-dix-ans-de-radars-automatiques-et-un-mecontentement-qui-dure-305907-e1514992317438-66x66.jpg\" class=\"attachment-recent-works-thumbnail size-recent-works-thumbnail wp-post-image\" alt=\"\" srcset=\"https:\/\/inforad.net\/wp-content\/uploads\/2018\/01\/S0-2003-2013-dix-ans-de-radars-automatiques-et-un-mecontentement-qui-dure-305907-e1514992317438-66x66.jpg 66w, https:\/\/inforad.net\/wp-content\/uploads\/2018\/01\/S0-2003-2013-dix-ans-de-radars-automatiques-et-un-mecontentement-qui-dure-305907-e1514992317438-100x100.jpg 100w, https:\/\/inforad.net\/wp-content\/uploads\/2018\/01\/S0-2003-2013-dix-ans-de-radars-automatiques-et-un-mecontentement-qui-dure-305907-e1514992317438-150x150.jpg 150w\" sizes=\"(max-width: 66px) 100vw, 66px\" \/><\/a>\n\t\t\t\t\t\t\t\t\t\t\t<\/div>\n\t\t\t\t\t\t\t\t\t\t\t\t\t\t\t\t\t\t\t\t<div class=\"post-holder\">\n\t\t\t\t\t\t\t\t\t\t\t<a href=\"https:\/\/inforad.net\/?p=18398\">Radars : un programme encore flou pour 2018<\/a>\n\t\t\t\t\t\t\t\t\t\t\t<div class=\"fusion-meta\">\n\t\t\t\t\t\t\t\t\t\t\t\tJanuary 3rd, 2018\t\t\t\t\t\t\t\t\t\t\t<\/div>\n\t\t\t\t\t\t\t\t\t\t<\/div>\n\t\t\t\t\t\t\t\t\t<\/li>\n\t\t\t\t\t\t\t\t\t\t\t\t\t\t\t\t\t\t\t\t\t\t\t\t\t\t<li>\n\t\t\t\t\t\t\t\t\t\t\t\t\t\t\t\t\t\t\t\t\t<div class=\"image\">\n\t\t\t\t\t\t\t\t\t\t\t\t<a href=\"https:\/\/inforad.net\/?p=18365\" aria-label=\"Belgique : 40 radars ind\u00e9tectables pour la R\u00e9gion Wallonne !\"><img decoding=\"async\" width=\"66\" height=\"66\" src=\"https:\/\/inforad.net\/wp-content\/uploads\/2017\/11\/radar-66x66.jpg\" class=\"attachment-recent-works-thumbnail size-recent-works-thumbnail wp-post-image\" alt=\"\" srcset=\"https:\/\/inforad.net\/wp-content\/uploads\/2017\/11\/radar-66x66.jpg 66w, https:\/\/inforad.net\/wp-content\/uploads\/2017\/11\/radar-100x100.jpg 100w, https:\/\/inforad.net\/wp-content\/uploads\/2017\/11\/radar-150x150.jpg 150w\" sizes=\"(max-width: 66px) 100vw, 66px\" \/><\/a>\n\t\t\t\t\t\t\t\t\t\t\t<\/div>\n\t\t\t\t\t\t\t\t\t\t\t\t\t\t\t\t\t\t\t\t<div class=\"post-holder\">\n\t\t\t\t\t\t\t\t\t\t\t<a href=\"https:\/\/inforad.net\/?p=18365\">Belgique : 40 radars ind\u00e9tectables pour la R\u00e9gion Wallonne !<\/a>\n\t\t\t\t\t\t\t\t\t\t\t<div class=\"fusion-meta\">\n\t\t\t\t\t\t\t\t\t\t\t\tNovember 23rd, 2017\t\t\t\t\t\t\t\t\t\t\t<\/div>\n\t\t\t\t\t\t\t\t\t\t<\/div>\n\t\t\t\t\t\t\t\t\t<\/li>\n\t\t\t\t\t\t\t\t\t\t\t\t\t\t\t\t\t\t\t\t\t\t\t\t\t\t\t\t\t<\/ul>\n\t\t\t\t\t<\/div>\n\t\t\t\t\n\t\t\t\t\n\t\t\t\t\t<div class=\"fusion-tab-comments tab fusion-tab-content tab_content\" data-name=\"fusion-tab-comments\" style=\"display: none;\">\n\t\t\t\t\t\t<ul class=\"fusion-tabs-widget-items news-list\">\n\t\t\t\t\t\t\t\n\t\t\t\t\t\t\t\t\t\t\t\t\t\t\t<li>Aucun commentaire n&#039;a \u00e9t\u00e9 publi\u00e9 pour le moment.<\/li>\n\t\t\t\t\t\t\t\t\t\t\t\t\t<\/ul>\n\t\t\t\t\t<\/div>\n\n\t\t\t\t\t\t\t<\/div>\n\t\t<\/div>\n\t\t<\/div><div class=\"fusion-additional-widget-content\"><\/div><\/div><div class=\"fusion-clearfix\"><\/div><\/div><\/div><\/div><\/div><\/p>","protected":false},"excerpt":{"rendered":"","protected":false},"author":1,"featured_media":0,"parent":0,"menu_order":0,"comment_status":"closed","ping_status":"closed","template":"","meta":{"footnotes":""},"class_list":["post-18085","page","type-page","status-publish","hentry"],"_links":{"self":[{"href":"https:\/\/inforad.net\/index.php?rest_route=\/wp\/v2\/pages\/18085","targetHints":{"allow":["GET"]}}],"collection":[{"href":"https:\/\/inforad.net\/index.php?rest_route=\/wp\/v2\/pages"}],"about":[{"href":"https:\/\/inforad.net\/index.php?rest_route=\/wp\/v2\/types\/page"}],"author":[{"embeddable":true,"href":"https:\/\/inforad.net\/index.php?rest_route=\/wp\/v2\/users\/1"}],"replies":[{"embeddable":true,"href":"https:\/\/inforad.net\/index.php?rest_route=%2Fwp%2Fv2%2Fcomments&post=18085"}],"version-history":[{"count":7,"href":"https:\/\/inforad.net\/index.php?rest_route=\/wp\/v2\/pages\/18085\/revisions"}],"predecessor-version":[{"id":871125311231,"href":"https:\/\/inforad.net\/index.php?rest_route=\/wp\/v2\/pages\/18085\/revisions\/871125311231"}],"wp:attachment":[{"href":"https:\/\/inforad.net\/index.php?rest_route=%2Fwp%2Fv2%2Fmedia&parent=18085"}],"curies":[{"name":"wp","href":"https:\/\/api.w.org\/{rel}","templated":true}]}}