{"id":18122,"date":"2017-11-02T13:51:47","date_gmt":"2017-11-02T12:51:47","guid":{"rendered":"http:\/\/164.132.120.236\/inforad\/?post_type=product&#038;p=18122"},"modified":"2025-12-04T11:54:38","modified_gmt":"2025-12-04T10:54:38","slug":"telecommande-pour-inforad-communicant","status":"publish","type":"product","link":"https:\/\/inforad.net\/?product=telecommande-pour-inforad-communicant","title":{"rendered":"T\u00e9l\u00e9commande pour Inforad Communicant"},"content":{"rendered":"<p>T\u00e9l\u00e9commande du produit Inforad Ci et Inforad Smart<\/p>\n<ul>\n<li>Scell\u00e9 sous blister<\/li>\n<li>Clips de connexion inclus<\/li>\n<li>Pile incluse<\/li>\n<\/ul>\n<p><\/p>","protected":false},"excerpt":{"rendered":"<p>T\u00e9l\u00e9commande du produit Inforad Ci et Inforad Smart<\/p>\n<p>Scell\u00e9 sous blister<br \/>\nClips de connexion inclus<br \/>\nPile incluse<\/p>\n","protected":false},"featured_media":871125307057,"template":"","meta":[],"product_brand":[],"product_cat":[86,84,132,108,107],"product_tag":[161,159,90,104],"class_list":{"0":"post-18122","1":"product","2":"type-product","3":"status-publish","4":"has-post-thumbnail","6":"product_cat-accessories","7":"product_cat-speedcam-locators","8":"product_cat-hot","9":"product_cat-non-classe","10":"product_cat-uncategorized","11":"product_tag-inforad-promo","12":"product_tag-speedcam-promo","13":"product_tag-inforad","14":"product_tag-promo","15":"product_shipping_class-gls-only","17":"first","18":"instock","19":"taxable","20":"shipping-taxable","21":"purchasable","22":"product-type-simple"},"_links":{"self":[{"href":"https:\/\/inforad.net\/index.php?rest_route=\/wp\/v2\/product\/18122","targetHints":{"allow":["GET"]}}],"collection":[{"href":"https:\/\/inforad.net\/index.php?rest_route=\/wp\/v2\/product"}],"about":[{"href":"https:\/\/inforad.net\/index.php?rest_route=\/wp\/v2\/types\/product"}],"wp:featuredmedia":[{"embeddable":true,"href":"https:\/\/inforad.net\/index.php?rest_route=\/wp\/v2\/media\/871125307057"}],"wp:attachment":[{"href":"https:\/\/inforad.net\/index.php?rest_route=%2Fwp%2Fv2%2Fmedia&parent=18122"}],"wp:term":[{"taxonomy":"product_brand","embeddable":true,"href":"https:\/\/inforad.net\/index.php?rest_route=%2Fwp%2Fv2%2Fproduct_brand&post=18122"},{"taxonomy":"product_cat","embeddable":true,"href":"https:\/\/inforad.net\/index.php?rest_route=%2Fwp%2Fv2%2Fproduct_cat&post=18122"},{"taxonomy":"product_tag","embeddable":true,"href":"https:\/\/inforad.net\/index.php?rest_route=%2Fwp%2Fv2%2Fproduct_tag&post=18122"}],"curies":[{"name":"wp","href":"https:\/\/api.w.org\/{rel}","templated":true}]}}