{"id":18135,"date":"2017-11-02T14:20:47","date_gmt":"2017-11-02T13:20:47","guid":{"rendered":"http:\/\/164.132.120.236\/inforad\/?post_type=product&#038;p=18135"},"modified":"2025-12-04T10:59:56","modified_gmt":"2025-12-04T09:59:56","slug":"kit-moto-inforad-communicant","status":"publish","type":"product","link":"https:\/\/inforad.net\/?product=kit-moto-inforad-communicant","title":{"rendered":"Kit Moto Inforad Communicant (Ci\/Smart produit non inclus)"},"content":{"rendered":"<p><\/p>\n<p class=\"AccTitle\"><strong>Pour: Ci, Smart, Kit Moto<\/strong><\/p>\n<p class=\"AccDetail\">Le Kit INFORAD Moto accueille un boitier Ci ou Smart (non fourni) installable sur un guidon, un r\u00e9troviseur de moto \u00e0 2 ou 3 roues, compatible avec le support ventouse livr\u00e9 avec le Ci et Smart pour installation sur casquette ou bulle de moto.<\/p>\n<p><strong><span id=\"result_box\" class=\"short_text\" lang=\"fr\"><span class=\"\">*****Unit\u00e9 Ci \/ SMART non incluse*****<\/span><\/span><\/strong><\/p>","protected":false},"excerpt":{"rendered":"<p class=\"AccTitle\"><strong>Pour: Ci, Smart, Kit Moto<\/strong><\/p>\n<p class=\"AccDetail\">Le Kit INFORAD Moto accueille un boitier Ci ou Smart (non fourni) installable sur un guidon, un r\u00e9troviseur de moto \u00e0 2 ou 3 roues, compatible avec le support ventouse livr\u00e9 avec le Ci et Smart pour installation sur casquette ou bulle de moto.<\/p>\n<p>&nbsp;<\/p>\n<h3><strong>NB: Ci\/Smart produit non inclus<\/strong><\/h3>\n","protected":false},"featured_media":19133,"template":"","meta":[],"product_brand":[],"product_cat":[86,84,108,107],"product_tag":[161,90],"class_list":{"0":"post-18135","1":"product","2":"type-product","3":"status-publish","4":"has-post-thumbnail","6":"product_cat-accessories","7":"product_cat-speedcam-locators","8":"product_cat-non-classe","9":"product_cat-uncategorized","10":"product_tag-inforad-promo","11":"product_tag-inforad","13":"first","14":"instock","15":"taxable","16":"shipping-taxable","17":"purchasable","18":"product-type-simple"},"_links":{"self":[{"href":"https:\/\/inforad.net\/index.php?rest_route=\/wp\/v2\/product\/18135","targetHints":{"allow":["GET"]}}],"collection":[{"href":"https:\/\/inforad.net\/index.php?rest_route=\/wp\/v2\/product"}],"about":[{"href":"https:\/\/inforad.net\/index.php?rest_route=\/wp\/v2\/types\/product"}],"wp:featuredmedia":[{"embeddable":true,"href":"https:\/\/inforad.net\/index.php?rest_route=\/wp\/v2\/media\/19133"}],"wp:attachment":[{"href":"https:\/\/inforad.net\/index.php?rest_route=%2Fwp%2Fv2%2Fmedia&parent=18135"}],"wp:term":[{"taxonomy":"product_brand","embeddable":true,"href":"https:\/\/inforad.net\/index.php?rest_route=%2Fwp%2Fv2%2Fproduct_brand&post=18135"},{"taxonomy":"product_cat","embeddable":true,"href":"https:\/\/inforad.net\/index.php?rest_route=%2Fwp%2Fv2%2Fproduct_cat&post=18135"},{"taxonomy":"product_tag","embeddable":true,"href":"https:\/\/inforad.net\/index.php?rest_route=%2Fwp%2Fv2%2Fproduct_tag&post=18135"}],"curies":[{"name":"wp","href":"https:\/\/api.w.org\/{rel}","templated":true}]}}