{"id":18418,"date":"2018-01-04T10:50:21","date_gmt":"2018-01-04T09:50:21","guid":{"rendered":"http:\/\/164.132.120.236\/inforad\/?post_type=product&#038;p=18418"},"modified":"2020-05-10T08:06:34","modified_gmt":"2020-05-10T06:06:34","slug":"renovateur-dessuie-glace-wiper-wizard","status":"publish","type":"product","link":"https:\/\/inforad.net\/?product=renovateur-dessuie-glace-wiper-wizard","title":{"rendered":"R\u00e9novateur d&#8217;essuie-glace Wiper Wizard"},"content":{"rendered":"<p>Wiper Wizard est la solution qui vous faut!<\/p>\n<p>Caract\u00e9ristiques :<\/p>\n<p>&#8211; Am\u00e9liore la visibilit\u00e9<\/p>\n<p>&#8211; Rapide et facile \u00e0 utiliser<\/p>\n<p>&#8211; Gain de temps et d&#8217;argent<\/p>\n<p>&#8211; Con\u00e7u avec des microcristaux<\/p>\n<p>&#8211; Appropri\u00e9 pour tous les types d&#8217;essuie-glaces<\/p>","protected":false},"excerpt":{"rendered":"<p>Vos essuie-glaces sont bruyants et moins efficaces avec le temps.<\/p>\n<p>Avec le Wiper Wizard, vos vieux essuie-glaces redeviennent comme neufs en quelques secondes.<\/p>\n<p>Wiper Wizard a \u00e9t\u00e9 con\u00e7u scientifiquement avec des microcristaux qui adoucissent les bords irr\u00e9guliers des essuie-glaces, qui sont \u00e0 l&#8217;origine des rayures.<\/p>\n<p>Passez le autant de fois que vous le souhaitez sur les essuie-glaces et fini le bruit et les rayures.<\/p>\n<p>Vous serez \u00e9tonn\u00e9 de ce que vos vieux essuie-glaces peuvent encore faire!Vous recevrez 5 chiffons afin de conserver des essuie-glaces hyper propres.<\/p>\n<p>Si vous voulez \u00e9conomiser de l&#8217;argent et am\u00e9liorer votre visibilit\u00e9 au volant n&#8217;h\u00e9sitez plus.<\/p>\n","protected":false},"featured_media":18419,"template":"","meta":[],"product_brand":[],"product_cat":[108],"product_tag":[101,110],"class_list":{"0":"post-18418","1":"product","2":"type-product","3":"status-publish","4":"has-post-thumbnail","6":"product_cat-non-classe","7":"product_tag-3pp","8":"product_tag-dunlop","10":"first","11":"instock","12":"sale","13":"taxable","14":"shipping-taxable","15":"purchasable","16":"product-type-simple"},"_links":{"self":[{"href":"https:\/\/inforad.net\/index.php?rest_route=\/wp\/v2\/product\/18418","targetHints":{"allow":["GET"]}}],"collection":[{"href":"https:\/\/inforad.net\/index.php?rest_route=\/wp\/v2\/product"}],"about":[{"href":"https:\/\/inforad.net\/index.php?rest_route=\/wp\/v2\/types\/product"}],"wp:featuredmedia":[{"embeddable":true,"href":"https:\/\/inforad.net\/index.php?rest_route=\/wp\/v2\/media\/18419"}],"wp:attachment":[{"href":"https:\/\/inforad.net\/index.php?rest_route=%2Fwp%2Fv2%2Fmedia&parent=18418"}],"wp:term":[{"taxonomy":"product_brand","embeddable":true,"href":"https:\/\/inforad.net\/index.php?rest_route=%2Fwp%2Fv2%2Fproduct_brand&post=18418"},{"taxonomy":"product_cat","embeddable":true,"href":"https:\/\/inforad.net\/index.php?rest_route=%2Fwp%2Fv2%2Fproduct_cat&post=18418"},{"taxonomy":"product_tag","embeddable":true,"href":"https:\/\/inforad.net\/index.php?rest_route=%2Fwp%2Fv2%2Fproduct_tag&post=18418"}],"curies":[{"name":"wp","href":"https:\/\/api.w.org\/{rel}","templated":true}]}}