{"id":18896,"date":"2018-02-10T12:58:05","date_gmt":"2018-02-10T11:58:05","guid":{"rendered":"http:\/\/inforad.net\/?post_type=product&#038;p=18896"},"modified":"2026-02-20T15:23:07","modified_gmt":"2026-02-20T14:23:07","slug":"ecran-denregistreur-hd-portable-de-camera-video-dvr-hd-25-pouces-carte-16-gb-incluse","status":"publish","type":"product","link":"https:\/\/inforad.net\/?product=ecran-denregistreur-hd-portable-de-camera-video-dvr-hd-25-pouces-carte-16-gb-incluse","title":{"rendered":"\u00c9cran d&#8217;enregistreur HD Portable de cam\u00e9ra vid\u00e9o DVR HD 2,5 pouces &#8211; (Carte 16 GB incluse) + Inforad V4 gratuit avec pack batterie"},"content":{"rendered":"<p>Enregistrer tout ce qui se passe sur la route !<\/p>\n<p><strong>Camera pour DVR HD avec \u00e9cran LCD 2.5 \u00ab\u00a0TFT de voitures<\/strong>.<\/p>\n<p>Le\u00a0<strong>DVR\u00a0<\/strong>Vous pouvez capturer des vid\u00e9os claires pour les propri\u00e9taires qui souhaitent contr\u00f4ler leurs v\u00e9hicules. C\u2019est aussi un Assistant fonctionnel pour la s\u00e9curit\u00e9 priv\u00e9e.<\/p>\n<p>Id\u00e9al pour tous les types de pilotes, d\u2019am\u00e9liorer la couverture d\u2019assurance et d\u2019\u00e9viter les discussions avant les incidents dramatiques.<\/p>\n<p>Le\u00a0<strong>Camera pour DVR HD avec \u00e9cran LCD 2.5 \u00ab\u00a0TFT de voitures<\/strong>Il est \u00e9galement id\u00e9al pour les professionnels sp\u00e9cialis\u00e9s dans le travail des agents, des journalistes, des d\u00e9tectives, des avocats, Taxi, athl\u00e8tes, etc..<\/p>\n<p><strong>Caract\u00e9ristiques de laCamera pour DVR HD avec \u00e9cran LCD 2.5 \u00ab\u00a0TFT de voitures:<\/strong><\/p>\n<ul>\n<li>Mode\u00a0: Magn\u00e9toscope \/ cam\u00e9ra<\/li>\n<li>5 \u00ab\u00a0TFT LCD<\/li>\n<li>Carte m\u00e9moire SD \/ MMC 1 GB &#8211; 32GB <strong>(<\/strong><strong>Carte 16 GB incluse<\/strong><strong>)<\/strong><\/li>\n<li>Interface\u00a0: USB 2.0<\/li>\n<li>Mise au point de 12 cm \u00e0 \u00e9ventail infini<\/li>\n<li>Grand angle HD<\/li>\n<li>Format vid\u00e9o\u00a0: MJPEG (AVI)<\/li>\n<li>Microphone int\u00e9gr\u00e9 et haut-parleur.<\/li>\n<li>Tournage pendant la charge.<\/li>\n<li>Enregistrement vid\u00e9o.<\/li>\n<li>L\u2019enregistrement de d\u00e9tection de mouvement vid\u00e9o.<\/li>\n<li>Enregistrement de 1280 x 960 de r\u00e9solution \/ 720 x 480 \/ 640 x 480 pixels.<\/li>\n<li>Enregistrements de tron\u00e7ons de 05\/02\/15 minutes.<\/li>\n<li><span id=\"result_box\" class=\"\" lang=\"fr\">La cam\u00e9ra HD portable DVR pour v\u00e9hicule avec \u00e9cran LCD TFT 2,5 &#8220;comprend:<\/span><span id=\"result_box\" class=\"\" lang=\"fr\">\u2022 1 unit\u00e9 DVR portable HD avec \u00e9cran LCD TFT 2,5 pouces<br \/>\n<\/span><span id=\"result_box\" class=\"\" lang=\"fr\"><\/span><\/li>\n<\/ul>\n<p>&nbsp;<\/p>\n<ul>\n<li>+ Inforad V4 gratuit avec pack batterie<\/li>\n<\/ul>\n<p>Petit, rond et l\u00e9ger, le V4e tient dans la paume de la main. Sa couleur gris m\u00e9tallis\u00e9 se marie discr\u00e8tement avec tous les tableaux de bord. Deux boutons sur le dessus et une fa\u00e7ade fum\u00e9e translucide qui cache \u00e9l\u00e9gamment cinq LED tricolores.<\/p>\n<ul>\n<li>C\u00f4t\u00e9 technique :<\/li>\n<li>aucune installation n&#8217;est n\u00e9cessaire<\/li>\n<li>d\u00e9marrage tr\u00e8s rapide<\/li>\n<li>limiteur de vitesse<\/li>\n<li>enregistreur d&#8217;itin\u00e9raires<\/li>\n<li>m\u00e9lodies au son clair adapt\u00e9es \u00e0 chaque type d&#8217;alerte<\/li>\n<li>volume r\u00e9glable pour les alarmes sonores<\/li>\n<li>balayage lumineux adapt\u00e9 \u00e0 chaque type d&#8217;alerte<\/li>\n<\/ul>\n<p><\/p>","protected":false},"excerpt":{"rendered":"<p><strong>Camera pour DVR HD avec \u00e9cran LCD 2.5 \u00ab\u00a0TFT de voitures<\/strong>.<\/p>\n<p>Le\u00a0<strong>DVR\u00a0<\/strong>Vous pouvez capturer des vid\u00e9os claires pour les propri\u00e9taires qui souhaitent contr\u00f4ler leurs v\u00e9hicules. C\u2019est aussi un Assistant fonctionnel pour la s\u00e9curit\u00e9 priv\u00e9e.<\/p>\n<p>Id\u00e9al pour tous les types de pilotes, d\u2019am\u00e9liorer la couverture d\u2019assurance et d\u2019\u00e9viter les discussions avant les incidents dramatiques.<\/p>\n<p><strong>Le\u00a0Cam\u00e9ra de v\u00e9hicule DVR HD portable avec 2.5 \u00ab\u00a0TFT LCD j\u2019ai\u00a0\u00bbcomprend\u00a0:<\/strong><\/p>\n<p style=\"text-align: left;\">1 porte-ventouse<br \/>\n1 chargeur de voiture<\/p>\n<p style=\"text-align: left;\">1 Carte 16 GB<br \/>\n1 c\u00e2ble USB<br \/>\n1 Manuel<\/p>\n<p><strong>+ Inforad V4 gratuit avec pack batterie<\/strong><\/p>\n","protected":false},"featured_media":871125308848,"template":"","meta":[],"product_brand":[],"product_cat":[84,108],"product_tag":[159,101,104],"class_list":{"0":"post-18896","1":"product","2":"type-product","3":"status-publish","4":"has-post-thumbnail","6":"product_cat-speedcam-locators","7":"product_cat-non-classe","8":"product_tag-speedcam-promo","9":"product_tag-3pp","10":"product_tag-promo","11":"product_shipping_class-gls-only","13":"first","14":"instock","15":"sale","16":"taxable","17":"shipping-taxable","18":"purchasable","19":"product-type-simple"},"_links":{"self":[{"href":"https:\/\/inforad.net\/index.php?rest_route=\/wp\/v2\/product\/18896","targetHints":{"allow":["GET"]}}],"collection":[{"href":"https:\/\/inforad.net\/index.php?rest_route=\/wp\/v2\/product"}],"about":[{"href":"https:\/\/inforad.net\/index.php?rest_route=\/wp\/v2\/types\/product"}],"wp:featuredmedia":[{"embeddable":true,"href":"https:\/\/inforad.net\/index.php?rest_route=\/wp\/v2\/media\/871125308848"}],"wp:attachment":[{"href":"https:\/\/inforad.net\/index.php?rest_route=%2Fwp%2Fv2%2Fmedia&parent=18896"}],"wp:term":[{"taxonomy":"product_brand","embeddable":true,"href":"https:\/\/inforad.net\/index.php?rest_route=%2Fwp%2Fv2%2Fproduct_brand&post=18896"},{"taxonomy":"product_cat","embeddable":true,"href":"https:\/\/inforad.net\/index.php?rest_route=%2Fwp%2Fv2%2Fproduct_cat&post=18896"},{"taxonomy":"product_tag","embeddable":true,"href":"https:\/\/inforad.net\/index.php?rest_route=%2Fwp%2Fv2%2Fproduct_tag&post=18896"}],"curies":[{"name":"wp","href":"https:\/\/api.w.org\/{rel}","templated":true}]}}