{"id":19978,"date":"2018-05-05T12:50:58","date_gmt":"2018-05-05T10:50:58","guid":{"rendered":"http:\/\/inforad.net\/?post_type=product&#038;p=19978"},"modified":"2025-04-18T12:13:21","modified_gmt":"2025-04-18T10:13:21","slug":"dunlop-vehicule-cadran-manometre","status":"publish","type":"product","link":"https:\/\/inforad.net\/?product=dunlop-vehicule-cadran-manometre","title":{"rendered":"Dunlop v\u00e9hicule cadran Manom\u00e8tre"},"content":{"rendered":"<p><\/p>\n<h2 class=\"default\">Description du produit<\/h2>\n<div id=\"productDescription\" class=\"a-section a-spacing-small\">\n<p>Manom\u00e8tre de pression des pneus manuel pour v\u00e9rifier la pression de vos pneus lors de vos d\u00e9placements, afin de rouler en toute s\u00e9curit\u00e9.<br \/>\nIl suffit d&#8217;enficher cet appareil compact sur la valve de voiture pour que la pression actuelle s&#8217;affiche instantan\u00e9ment. Vous pouvez ensuite lib\u00e9rer l&#8217;air du manom\u00e8tre \u00e0 l&#8217;aide de la valve d&#8217;\u00e9vacuation.<\/p>\n<ul>\n<li>Dimensions produit, 13 x 6.5 x 4 cm (L x W x D)<\/li>\n<li>Gamme de mesure de pression d&#8217;air (max.) : 7.5 bar<\/li>\n<li>Poids : 86 g<\/li>\n<li>Type d&#8217;affichage (num\u00e9rique\/m\u00e9canique\/analogique) : analogique<\/li>\n<\/ul>\n<\/div>\n<p><\/p>","protected":false},"excerpt":{"rendered":"<h2 class=\"default\">Description du produit<\/h2>\n<div id=\"productDescription\" class=\"a-section a-spacing-small\">\n<p>Manom\u00e8tre de pression des pneus manuel pour v\u00e9rifier la pression de vos pneus lors de vos d\u00e9placements, afin de rouler en toute s\u00e9curit\u00e9.<br \/>\nIl suffit d&#8217;enficher cet appareil compact sur la valve de voiture pour que la pression actuelle s&#8217;affiche instantan\u00e9ment. Vous pouvez ensuite lib\u00e9rer l&#8217;air du manom\u00e8tre \u00e0 l&#8217;aide de la valve d&#8217;\u00e9vacuation.<\/p>\n<ul>\n<li>Dimensions produit, 13 x 6.5 x 4 cm (L x W x D)<\/li>\n<li>Gamme de mesure de pression d&#8217;air (max.) : 7.5 bar<\/li>\n<li>Poids : 86 g<\/li>\n<li>Type d&#8217;affichage (num\u00e9rique\/m\u00e9canique\/analogique) : analogique<\/li>\n<\/ul>\n<\/div>\n","protected":false},"featured_media":19967,"template":"","meta":[],"product_brand":[],"product_cat":[108,107],"product_tag":[161,101,110,104],"class_list":{"0":"post-19978","1":"product","2":"type-product","3":"status-publish","4":"has-post-thumbnail","6":"product_cat-non-classe","7":"product_cat-uncategorized","8":"product_tag-inforad-promo","9":"product_tag-3pp","10":"product_tag-dunlop","11":"product_tag-promo","12":"product_shipping_class-gls-only","14":"first","15":"instock","16":"sale","17":"taxable","18":"shipping-taxable","19":"purchasable","20":"product-type-simple"},"_links":{"self":[{"href":"https:\/\/inforad.net\/index.php?rest_route=\/wp\/v2\/product\/19978","targetHints":{"allow":["GET"]}}],"collection":[{"href":"https:\/\/inforad.net\/index.php?rest_route=\/wp\/v2\/product"}],"about":[{"href":"https:\/\/inforad.net\/index.php?rest_route=\/wp\/v2\/types\/product"}],"wp:featuredmedia":[{"embeddable":true,"href":"https:\/\/inforad.net\/index.php?rest_route=\/wp\/v2\/media\/19967"}],"wp:attachment":[{"href":"https:\/\/inforad.net\/index.php?rest_route=%2Fwp%2Fv2%2Fmedia&parent=19978"}],"wp:term":[{"taxonomy":"product_brand","embeddable":true,"href":"https:\/\/inforad.net\/index.php?rest_route=%2Fwp%2Fv2%2Fproduct_brand&post=19978"},{"taxonomy":"product_cat","embeddable":true,"href":"https:\/\/inforad.net\/index.php?rest_route=%2Fwp%2Fv2%2Fproduct_cat&post=19978"},{"taxonomy":"product_tag","embeddable":true,"href":"https:\/\/inforad.net\/index.php?rest_route=%2Fwp%2Fv2%2Fproduct_tag&post=19978"}],"curies":[{"name":"wp","href":"https:\/\/api.w.org\/{rel}","templated":true}]}}