{"id":19981,"date":"2018-05-05T13:58:51","date_gmt":"2018-05-05T11:58:51","guid":{"rendered":"http:\/\/inforad.net\/?post_type=product&#038;p=19981"},"modified":"2025-08-19T14:35:44","modified_gmt":"2025-08-19T12:35:44","slug":"gilet-de-securite-reflechissant","status":"publish","type":"product","link":"https:\/\/inforad.net\/?product=gilet-de-securite-reflechissant","title":{"rendered":"GILET DE S\u00c9CURIT\u00c9 R\u00c9FL\u00c9CHISSANT"},"content":{"rendered":"<p><span id=\"result_box\" class=\"\" lang=\"fr\"><span class=\"\">GILET DE S\u00c9CURIT\u00c9 R\u00c9FL\u00c9CHISSANT <\/span><\/span><\/p>\n<p><span id=\"result_box\" class=\"\" lang=\"fr\"><span class=\"\">TAILLE UNIQUE TOUT M &#8211; XXL <\/span><\/span><\/p>\n<p><span id=\"result_box\" class=\"\" lang=\"fr\"><span class=\"\">COULEUR &#8211; JAUNE <\/span><\/span><\/p>\n<p><span id=\"result_box\" class=\"\" lang=\"fr\"><span class=\"\">Pour une s\u00e9curit\u00e9 accrue lors des pannes et des situations de faible visibilit\u00e9.<\/span><\/span><span id=\"result_box\" class=\"\" lang=\"fr\"><span class=\"\">GILET DE S\u00c9CURIT\u00c9 R\u00c9FL\u00c9CHISSANT <\/span><\/span><\/p>\n<p><span id=\"result_box\" class=\"\" lang=\"fr\"><span class=\"\">TAILLE UNIQUE TOUT M &#8211; XXL <\/span><\/span><\/p>\n<p><span id=\"result_box\" class=\"\" lang=\"fr\"><span class=\"\">COULEUR &#8211; JAUNE <\/span><\/span><\/p>\n<p><span id=\"result_box\" class=\"\" lang=\"fr\"><span class=\"\">Pour une s\u00e9curit\u00e9 accrue lors des pannes et des situations de faible visibilit\u00e9.<\/span><\/span><\/p>","protected":false},"excerpt":{"rendered":"<p><span id=\"result_box\" class=\"\" lang=\"fr\"><span class=\"\">GILET DE S\u00c9CURIT\u00c9 R\u00c9FL\u00c9CHISSANT <\/span><\/span><\/p>\n<p><span id=\"result_box\" class=\"\" lang=\"fr\"><span class=\"\">TAILLE UNIQUE TOUT M &#8211; XXL <\/span><\/span><\/p>\n<p><span id=\"result_box\" class=\"\" lang=\"fr\"><span class=\"\">COULEUR &#8211; JAUNE <\/span><\/span><\/p>\n<p><span id=\"result_box\" class=\"\" lang=\"fr\"><span class=\"\">Pour une s\u00e9curit\u00e9 accrue lors des pannes et des situations de faible visibilit\u00e9.<\/span><\/span><span id=\"result_box\" class=\"\" lang=\"fr\"><span class=\"\">GILET DE S\u00c9CURIT\u00c9 R\u00c9FL\u00c9CHISSANT <\/span><\/span><\/p>\n<p><span id=\"result_box\" class=\"\" lang=\"fr\"><span class=\"\">TAILLE UNIQUE TOUT M &#8211; XXL <\/span><\/span><\/p>\n<p><span id=\"result_box\" class=\"\" lang=\"fr\"><span class=\"\">COULEUR &#8211; JAUNE <\/span><\/span><\/p>\n<p><span id=\"result_box\" class=\"\" lang=\"fr\"><span class=\"\">Pour une s\u00e9curit\u00e9 accrue lors des pannes et des situations de faible visibilit\u00e9.<\/span><\/span><\/p>\n","protected":false},"featured_media":19982,"template":"","meta":[],"product_brand":[],"product_cat":[86,108,107],"product_tag":[101,110,104],"class_list":{"0":"post-19981","1":"product","2":"type-product","3":"status-publish","4":"has-post-thumbnail","6":"product_cat-accessories","7":"product_cat-non-classe","8":"product_cat-uncategorized","9":"product_tag-3pp","10":"product_tag-dunlop","11":"product_tag-promo","13":"first","14":"instock","15":"taxable","16":"shipping-taxable","17":"purchasable","18":"product-type-simple"},"_links":{"self":[{"href":"https:\/\/inforad.net\/index.php?rest_route=\/wp\/v2\/product\/19981","targetHints":{"allow":["GET"]}}],"collection":[{"href":"https:\/\/inforad.net\/index.php?rest_route=\/wp\/v2\/product"}],"about":[{"href":"https:\/\/inforad.net\/index.php?rest_route=\/wp\/v2\/types\/product"}],"wp:featuredmedia":[{"embeddable":true,"href":"https:\/\/inforad.net\/index.php?rest_route=\/wp\/v2\/media\/19982"}],"wp:attachment":[{"href":"https:\/\/inforad.net\/index.php?rest_route=%2Fwp%2Fv2%2Fmedia&parent=19981"}],"wp:term":[{"taxonomy":"product_brand","embeddable":true,"href":"https:\/\/inforad.net\/index.php?rest_route=%2Fwp%2Fv2%2Fproduct_brand&post=19981"},{"taxonomy":"product_cat","embeddable":true,"href":"https:\/\/inforad.net\/index.php?rest_route=%2Fwp%2Fv2%2Fproduct_cat&post=19981"},{"taxonomy":"product_tag","embeddable":true,"href":"https:\/\/inforad.net\/index.php?rest_route=%2Fwp%2Fv2%2Fproduct_tag&post=19981"}],"curies":[{"name":"wp","href":"https:\/\/api.w.org\/{rel}","templated":true}]}}