{"id":871125299338,"date":"2018-05-05T18:00:43","date_gmt":"2018-05-05T16:00:43","guid":{"rendered":"http:\/\/inforad.net\/produit\/nettoyant-pour-jantes-500ml-2\/"},"modified":"2026-03-22T14:51:59","modified_gmt":"2026-03-22T13:51:59","slug":"nettoyant-pour-jantes-500ml","status":"publish","type":"product","link":"https:\/\/inforad.net\/?product=nettoyant-pour-jantes-500ml","title":{"rendered":"Nettoyant pour jantes 500ml"},"content":{"rendered":"<p>Un agent alcalin rapide pour le nettoyage des jantes de voiture.<\/p>\n<p>Il est parfait pour \u00e9liminer la salet\u00e9 et les r\u00e9sidus coll\u00e9s sur les patins de frein.<\/p>\n<p>Cet agent poss\u00e8de un pouvoir nettoyant exceptionnel qui donne aux jantes l&#8217;aspect du neuf.<\/p>\n<p>Il convient \u00e0 tous les types de jantes comme les jantes en aluminium, en alliage, en chrome et en acier ainsi que les enjoliveurs.<\/p>\n<p>Contenu &#8211; 500ml<\/p>\n<p><\/p>","protected":false},"excerpt":{"rendered":"<p>Un agent alcalin rapide pour le nettoyage des jantes de voiture.<\/p>\n<p>Il est parfait pour \u00e9liminer la salet\u00e9 et les r\u00e9sidus coll\u00e9s sur les patins de frein.<\/p>\n<p>Cet agent poss\u00e8de un pouvoir nettoyant exceptionnel qui donne aux jantes l&#8217;aspect du neuf.<\/p>\n<p>Il convient \u00e0 tous les types de jantes comme les jantes en aluminium, en alliage, en chrome et en acier ainsi que les enjoliveurs.<\/p>\n<p>Contenu &#8211; 500ml<\/p>\n","protected":false},"featured_media":871125308250,"template":"","meta":[],"product_brand":[],"product_cat":[86,108,107],"product_tag":[101,110,104],"class_list":{"0":"post-871125299338","1":"product","2":"type-product","3":"status-publish","4":"has-post-thumbnail","6":"product_cat-accessories","7":"product_cat-non-classe","8":"product_cat-uncategorized","9":"product_tag-3pp","10":"product_tag-dunlop","11":"product_tag-promo","12":"product_shipping_class-gls-only","14":"first","15":"instock","16":"sale","17":"taxable","18":"shipping-taxable","19":"purchasable","20":"product-type-simple"},"_links":{"self":[{"href":"https:\/\/inforad.net\/index.php?rest_route=\/wp\/v2\/product\/871125299338","targetHints":{"allow":["GET"]}}],"collection":[{"href":"https:\/\/inforad.net\/index.php?rest_route=\/wp\/v2\/product"}],"about":[{"href":"https:\/\/inforad.net\/index.php?rest_route=\/wp\/v2\/types\/product"}],"wp:featuredmedia":[{"embeddable":true,"href":"https:\/\/inforad.net\/index.php?rest_route=\/wp\/v2\/media\/871125308250"}],"wp:attachment":[{"href":"https:\/\/inforad.net\/index.php?rest_route=%2Fwp%2Fv2%2Fmedia&parent=871125299338"}],"wp:term":[{"taxonomy":"product_brand","embeddable":true,"href":"https:\/\/inforad.net\/index.php?rest_route=%2Fwp%2Fv2%2Fproduct_brand&post=871125299338"},{"taxonomy":"product_cat","embeddable":true,"href":"https:\/\/inforad.net\/index.php?rest_route=%2Fwp%2Fv2%2Fproduct_cat&post=871125299338"},{"taxonomy":"product_tag","embeddable":true,"href":"https:\/\/inforad.net\/index.php?rest_route=%2Fwp%2Fv2%2Fproduct_tag&post=871125299338"}],"curies":[{"name":"wp","href":"https:\/\/api.w.org\/{rel}","templated":true}]}}