{"id":871125299548,"date":"2018-05-13T08:14:35","date_gmt":"2018-05-13T06:14:35","guid":{"rendered":"http:\/\/inforad.net\/?post_type=product&#038;p=871125299548"},"modified":"2026-05-04T09:45:07","modified_gmt":"2026-05-04T07:45:07","slug":"dunlop-corde-de-traction-2800kg-4m","status":"publish","type":"product","link":"https:\/\/inforad.net\/?product=dunlop-corde-de-traction-2800kg-4m","title":{"rendered":"DUNLOP &#8211; CORDE DE TRACTION 2800kg\/4m"},"content":{"rendered":"<p>Corde de Traction<\/p>\n<p>18 mm de diam\u00e8tre<\/p>\n<p>4 m de long<\/p>\n<p>charge maximale\u202f: 2800 kg.<\/p>\n<p><span id=\"result_box\" class=\"short_text\" lang=\"fr\"><span class=\"\">Avec Dunlop Carry Case.<\/span><\/span><\/p>\n<p><\/p>","protected":false},"excerpt":{"rendered":"<p>Corde de Traction<\/p>\n<p>18 mm de diam\u00e8tre<\/p>\n<p>4 m de long<\/p>\n<p>charge maximale\u202f: 2800 kg.<\/p>\n<p><span id=\"result_box\" class=\"short_text\" lang=\"fr\"><span class=\"\">Avec Dunlop Carry Case.<\/span><\/span><\/p>\n<p>Possibilit\u00e9 d&#8217;opter pour la livraison le lendemain par UPS au moment de la validation de la commande. Les commandes doivent \u00eatre pass\u00e9es avant 12 heures pour pouvoir \u00eatre trait\u00e9es le jour m\u00eame et \u00eatre livr\u00e9es le lendemain.<\/p>\n","protected":false},"featured_media":871125308894,"template":"","meta":[],"product_brand":[],"product_cat":[86,108,107],"product_tag":[156,101,110,104],"class_list":{"0":"post-871125299548","1":"product","2":"type-product","3":"status-publish","4":"has-post-thumbnail","6":"product_cat-accessories","7":"product_cat-non-classe","8":"product_cat-uncategorized","9":"product_tag-entretien-de-la-voiture-nettoyage","10":"product_tag-3pp","11":"product_tag-dunlop","12":"product_tag-promo","13":"product_shipping_class-gls-only","15":"first","16":"instock","17":"sale","18":"taxable","19":"shipping-taxable","20":"purchasable","21":"product-type-simple"},"_links":{"self":[{"href":"https:\/\/inforad.net\/index.php?rest_route=\/wp\/v2\/product\/871125299548","targetHints":{"allow":["GET"]}}],"collection":[{"href":"https:\/\/inforad.net\/index.php?rest_route=\/wp\/v2\/product"}],"about":[{"href":"https:\/\/inforad.net\/index.php?rest_route=\/wp\/v2\/types\/product"}],"wp:featuredmedia":[{"embeddable":true,"href":"https:\/\/inforad.net\/index.php?rest_route=\/wp\/v2\/media\/871125308894"}],"wp:attachment":[{"href":"https:\/\/inforad.net\/index.php?rest_route=%2Fwp%2Fv2%2Fmedia&parent=871125299548"}],"wp:term":[{"taxonomy":"product_brand","embeddable":true,"href":"https:\/\/inforad.net\/index.php?rest_route=%2Fwp%2Fv2%2Fproduct_brand&post=871125299548"},{"taxonomy":"product_cat","embeddable":true,"href":"https:\/\/inforad.net\/index.php?rest_route=%2Fwp%2Fv2%2Fproduct_cat&post=871125299548"},{"taxonomy":"product_tag","embeddable":true,"href":"https:\/\/inforad.net\/index.php?rest_route=%2Fwp%2Fv2%2Fproduct_tag&post=871125299548"}],"curies":[{"name":"wp","href":"https:\/\/api.w.org\/{rel}","templated":true}]}}