{"id":871125300187,"date":"2018-06-30T12:30:58","date_gmt":"2018-06-30T10:30:58","guid":{"rendered":"https:\/\/inforad.net\/produit\/chamois-dunlop-dunlop-oth\/"},"modified":"2025-08-19T14:31:33","modified_gmt":"2025-08-19T12:31:33","slug":"chamois-dunlop-dunlop-oth","status":"publish","type":"product","link":"https:\/\/inforad.net\/?product=chamois-dunlop-dunlop-oth","title":{"rendered":"CHAMOIS Dunlop &#8211; \u00e9ponge transparente &#8211; efface la condensation"},"content":{"rendered":"<p><span id=\"result_box\" class=\"\" lang=\"fr\"><span class=\"\">Avec cette peau de chamois \/ \u00e9ponge de protection, vous pouvez vous assurer que la condensation sur votre fen\u00eatre peut \u00eatre enlev\u00e9e en un rien de temps.<\/span> <span class=\"\">En outre, vous pouvez nettoyer les vitres humides et la peinture humide avec cette \u00e9ponge<\/span><\/span><\/p>\n<p><span class=\"\">Marque: Dunlop<\/span><br \/>\n<span class=\"\">Taille: 170 x 40 x 80 mm<\/span><br \/>\n<span class=\"\">Poids environ: 0.017 KG<\/span><br \/>\n<span class=\"\">EAN: 8711252078823<\/span><\/p>","protected":false},"excerpt":{"rendered":"<p><span id=\"result_box\" class=\"\" lang=\"fr\"><span class=\"\">Avec cette peau de chamois \/ \u00e9ponge de protection, vous pouvez vous assurer que la condensation sur votre fen\u00eatre peut \u00eatre enlev\u00e9e en un rien de temps.<\/span> <span class=\"\">En outre, vous pouvez nettoyer les vitres humides et la peinture humide avec cette \u00e9ponge<\/span><\/span><\/p>\n<p><span class=\"\">Marque: Dunlop<\/span><br \/>\n<span class=\"\">Taille: 170 x 40 x 80 mm<\/span><br \/>\n<span class=\"\">Poids environ: 0.017 KG<\/span><br \/>\n<span class=\"\">EAN: 8711252078823<\/span><\/p>\n","protected":false},"featured_media":871125300244,"template":"","meta":[],"product_brand":[],"product_cat":[86,107],"product_tag":[101,110,104],"class_list":{"0":"post-871125300187","1":"product","2":"type-product","3":"status-publish","4":"has-post-thumbnail","6":"product_cat-accessories","7":"product_cat-uncategorized","8":"product_tag-3pp","9":"product_tag-dunlop","10":"product_tag-promo","12":"first","13":"instock","14":"taxable","15":"shipping-taxable","16":"purchasable","17":"product-type-simple"},"_links":{"self":[{"href":"https:\/\/inforad.net\/index.php?rest_route=\/wp\/v2\/product\/871125300187","targetHints":{"allow":["GET"]}}],"collection":[{"href":"https:\/\/inforad.net\/index.php?rest_route=\/wp\/v2\/product"}],"about":[{"href":"https:\/\/inforad.net\/index.php?rest_route=\/wp\/v2\/types\/product"}],"wp:featuredmedia":[{"embeddable":true,"href":"https:\/\/inforad.net\/index.php?rest_route=\/wp\/v2\/media\/871125300244"}],"wp:attachment":[{"href":"https:\/\/inforad.net\/index.php?rest_route=%2Fwp%2Fv2%2Fmedia&parent=871125300187"}],"wp:term":[{"taxonomy":"product_brand","embeddable":true,"href":"https:\/\/inforad.net\/index.php?rest_route=%2Fwp%2Fv2%2Fproduct_brand&post=871125300187"},{"taxonomy":"product_cat","embeddable":true,"href":"https:\/\/inforad.net\/index.php?rest_route=%2Fwp%2Fv2%2Fproduct_cat&post=871125300187"},{"taxonomy":"product_tag","embeddable":true,"href":"https:\/\/inforad.net\/index.php?rest_route=%2Fwp%2Fv2%2Fproduct_tag&post=871125300187"}],"curies":[{"name":"wp","href":"https:\/\/api.w.org\/{rel}","templated":true}]}}