{"id":871125300188,"date":"2018-06-30T12:30:58","date_gmt":"2018-06-30T10:30:58","guid":{"rendered":"https:\/\/inforad.net\/produit\/warning-triangle-e11\/"},"modified":"2019-12-11T13:33:05","modified_gmt":"2019-12-11T12:33:05","slug":"warning-triangle-e11","status":"publish","type":"product","link":"https:\/\/inforad.net\/?product=warning-triangle-e11","title":{"rendered":"Triangle de signalisation avec l&#8217;approbation et \u00e9tui"},"content":{"rendered":"<p><span id=\"result_box\" class=\"\" lang=\"fr\"><strong>Triangle de signalisation<\/strong><\/span><\/p>\n<p><span class=\"\">Id\u00e9al pour alerter les autres conducteurs que votre voiture est en panne<\/span><br \/>\n<span class=\"\">Le triangle r\u00e9fl\u00e9chissant assure une visibilit\u00e9 ultime<\/span><br \/>\n<span class=\"\">Conforme \u00e0 la r\u00e9glementation de l&#8217;UE \/ Exigences l\u00e9gales dans de nombreux pays europ\u00e9ens<\/span><br \/>\n<span class=\"\">Conception robuste emp\u00eachant le renversement par vent fort<\/span><br \/>\n<span class=\"\">Bo\u00eete de transport pratique pour un transport et un stockage sans effort<\/span><br \/>\n<span class=\"\">Taille 60 x 30 x 430 mm<\/span><\/p>\n<p><span class=\"\">Ce triangle d&#8217;avertissement est un outil pratique pour alerter les autres conducteurs que votre voiture est en panne car il est extr\u00eamement r\u00e9fl\u00e9chissant, assurant une visibilit\u00e9 ultime.<\/span> <span class=\"\">De plus, sa conception robuste l&#8217;emp\u00eache de basculer par vent fort.<\/span> <span class=\"\">Le triangle d&#8217;avertissement est conforme \u00e0 la r\u00e9glementation de l&#8217;UE et est obligatoire dans les pays europ\u00e9ens suivants: France, Belgique, Italie, Autriche, Suisse et Pologne.<\/span> En Espagne, vous devez avoir 2 Triangles d&#8217;avertissement. <span class=\"\">Ce produit est livr\u00e9 dans une bo\u00eete de transport pratique pour un transport et un stockage sans effort<\/span><\/p>\n<p>Triangle de All Ride de r\u00e8glement ECE-R 27.03 avec e-inscription E11 en pratique, enveloppe rouge.<\/p>","protected":false},"excerpt":{"rendered":"<p><span id=\"result_box\" class=\"\" lang=\"fr\">Id\u00e9al pour alerter les autres conducteurs que votre voiture est en panne<br \/>\nLe triangle r\u00e9fl\u00e9chissant assure une visibilit\u00e9 ultime<br \/>\nConforme \u00e0 la r\u00e9glementation de l&#8217;UE \/ Exigences l\u00e9gales dans de nombreux pays europ\u00e9ens<br \/>\nConception robuste emp\u00eachant le renversement par vent fort<br \/>\n<span class=\"\">Bo\u00eete de transport pratique pour un transport et un stockage sans effort<\/span><\/span><\/p>\n<p><strong>Tout Tour triangle avec des marques et la coque<\/strong><\/p>\n<p>Triangle de All Ride de r\u00e8glement ECE-R 27.03 avec e-inscription E11 en pratique, enveloppe rouge.<\/p>\n","protected":false},"featured_media":871125300392,"template":"","meta":[],"product_brand":[],"product_cat":[86,107],"product_tag":[156,101,110],"class_list":{"0":"post-871125300188","1":"product","2":"type-product","3":"status-publish","4":"has-post-thumbnail","6":"product_cat-accessories","7":"product_cat-uncategorized","8":"product_tag-entretien-de-la-voiture-nettoyage","9":"product_tag-3pp","10":"product_tag-dunlop","12":"first","13":"instock","14":"taxable","15":"shipping-taxable","16":"purchasable","17":"product-type-simple"},"_links":{"self":[{"href":"https:\/\/inforad.net\/index.php?rest_route=\/wp\/v2\/product\/871125300188","targetHints":{"allow":["GET"]}}],"collection":[{"href":"https:\/\/inforad.net\/index.php?rest_route=\/wp\/v2\/product"}],"about":[{"href":"https:\/\/inforad.net\/index.php?rest_route=\/wp\/v2\/types\/product"}],"wp:featuredmedia":[{"embeddable":true,"href":"https:\/\/inforad.net\/index.php?rest_route=\/wp\/v2\/media\/871125300392"}],"wp:attachment":[{"href":"https:\/\/inforad.net\/index.php?rest_route=%2Fwp%2Fv2%2Fmedia&parent=871125300188"}],"wp:term":[{"taxonomy":"product_brand","embeddable":true,"href":"https:\/\/inforad.net\/index.php?rest_route=%2Fwp%2Fv2%2Fproduct_brand&post=871125300188"},{"taxonomy":"product_cat","embeddable":true,"href":"https:\/\/inforad.net\/index.php?rest_route=%2Fwp%2Fv2%2Fproduct_cat&post=871125300188"},{"taxonomy":"product_tag","embeddable":true,"href":"https:\/\/inforad.net\/index.php?rest_route=%2Fwp%2Fv2%2Fproduct_tag&post=871125300188"}],"curies":[{"name":"wp","href":"https:\/\/api.w.org\/{rel}","templated":true}]}}