{"id":871125300203,"date":"2018-06-30T12:31:01","date_gmt":"2018-06-30T10:31:01","guid":{"rendered":"https:\/\/inforad.net\/produit\/colour-wax-500ml\/"},"modified":"2023-11-23T18:27:40","modified_gmt":"2023-11-23T17:27:40","slug":"colour-wax-500ml","status":"publish","type":"product","link":"https:\/\/inforad.net\/?product=colour-wax-500ml","title":{"rendered":"Cire de couleur 500ml &#8211; Dunlop"},"content":{"rendered":"<p><span id=\"result_box\" class=\"\" lang=\"fr\">Dunlop cire<\/p>\n<p>Cherchez-vous une cire de voiture qui donne \u00e0 votre voiture sa couleur profonde et son \u00e9clat? Cette cire fournit un joint de vernis ultra-rapide. Cette cire de voiture scelle la peinture et donne une belle brillance sans rayures. La cire est livr\u00e9e dans un vaporisateur pratique.<\/p>\n<p>Caract\u00e9ristiques:<br \/>\n<span class=\"\">Couleur de la bouteille de pulv\u00e9risation: noir<\/span><br \/>\n<span class=\"\">Sexe: unisexe<\/span><br \/>\n<span class=\"\">Mat\u00e9riau de la bouteille de pulv\u00e9risation: plastique<\/span><br \/>\nContenu: 500 ml<br \/>\n<span class=\"\">Pour \u00eatre utilis\u00e9 pour: Ext\u00e9rieur<\/span><\/span><\/p>","protected":false},"excerpt":{"rendered":"<p>Dunlop Colour wax 500ml<\/p>\n<table>\n<tbody>\n<tr>\n<td><strong><span id=\"result_box\" class=\"\" lang=\"fr\">Marque<\/span><\/strong><\/td>\n<td>Dunlop<\/td>\n<\/tr>\n<tr>\n<td><strong>Sexe<\/strong><\/td>\n<td>Unisex<\/td>\n<\/tr>\n<tr>\n<td><strong><span id=\"result_box\" class=\"\" lang=\"fr\">Couleur<\/span><\/strong><\/td>\n<td>Noir<\/td>\n<\/tr>\n<tr>\n<td><strong><span id=\"result_box\" class=\"\" lang=\"fr\"><span class=\"\">Mati\u00e8re<\/span><\/span><\/strong><\/td>\n<td><span id=\"result_box\" class=\"\" lang=\"fr\"><span class=\"\">plastique<\/span><\/span><\/td>\n<\/tr>\n<tr>\n<td><strong><span id=\"result_box\" class=\"\" lang=\"fr\"><span class=\"\">Nombre de pi\u00e8ces dans le paquet<\/span><\/span>e<\/strong><\/td>\n<td>1 <span id=\"result_box\" class=\"\" lang=\"fr\"><span class=\"\">pi\u00e8ces<\/span><\/span><\/td>\n<\/tr>\n<tr>\n<td><strong><span id=\"result_box\" class=\"\" lang=\"fr\"><span class=\"\">\u00c0 utiliser pour<\/span><\/span><\/strong><\/td>\n<td><span id=\"result_box\" class=\"\" lang=\"fr\"><span class=\"\">Ext\u00e9rieur<\/span><\/span><\/td>\n<\/tr>\n<tr>\n<td><strong>Volume<\/strong><\/td>\n<td>0.5 Litre<\/td>\n<\/tr>\n<tr>\n<td><strong>EAN<\/strong><\/td>\n<td>8711252992952<\/td>\n<\/tr>\n<\/tbody>\n<\/table>\n","protected":false},"featured_media":871125300228,"template":"","meta":[],"product_brand":[],"product_cat":[108],"product_tag":[156,101,110,104],"class_list":{"0":"post-871125300203","1":"product","2":"type-product","3":"status-publish","4":"has-post-thumbnail","6":"product_cat-non-classe","7":"product_tag-entretien-de-la-voiture-nettoyage","8":"product_tag-3pp","9":"product_tag-dunlop","10":"product_tag-promo","11":"product_shipping_class-gls-only","13":"first","14":"instock","15":"sale","16":"taxable","17":"shipping-taxable","18":"purchasable","19":"product-type-simple"},"_links":{"self":[{"href":"https:\/\/inforad.net\/index.php?rest_route=\/wp\/v2\/product\/871125300203","targetHints":{"allow":["GET"]}}],"collection":[{"href":"https:\/\/inforad.net\/index.php?rest_route=\/wp\/v2\/product"}],"about":[{"href":"https:\/\/inforad.net\/index.php?rest_route=\/wp\/v2\/types\/product"}],"wp:featuredmedia":[{"embeddable":true,"href":"https:\/\/inforad.net\/index.php?rest_route=\/wp\/v2\/media\/871125300228"}],"wp:attachment":[{"href":"https:\/\/inforad.net\/index.php?rest_route=%2Fwp%2Fv2%2Fmedia&parent=871125300203"}],"wp:term":[{"taxonomy":"product_brand","embeddable":true,"href":"https:\/\/inforad.net\/index.php?rest_route=%2Fwp%2Fv2%2Fproduct_brand&post=871125300203"},{"taxonomy":"product_cat","embeddable":true,"href":"https:\/\/inforad.net\/index.php?rest_route=%2Fwp%2Fv2%2Fproduct_cat&post=871125300203"},{"taxonomy":"product_tag","embeddable":true,"href":"https:\/\/inforad.net\/index.php?rest_route=%2Fwp%2Fv2%2Fproduct_tag&post=871125300203"}],"curies":[{"name":"wp","href":"https:\/\/api.w.org\/{rel}","templated":true}]}}