{"id":871125300401,"date":"2018-07-14T13:32:09","date_gmt":"2018-07-14T11:32:09","guid":{"rendered":"https:\/\/inforad.net\/?post_type=product&#038;p=871125300401"},"modified":"2024-03-28T16:18:03","modified_gmt":"2024-03-28T15:18:03","slug":"sangle-elastique-a-bagages-choix-de-3-longueurs-50cm-100cm-150cm","status":"publish","type":"product","link":"https:\/\/inforad.net\/?product=sangle-elastique-a-bagages-choix-de-3-longueurs-50cm-100cm-150cm","title":{"rendered":"Sangle \u00e9lastique \u00e0 bagages- Choix de 2 longueurs &#8211; 60cm ou150cm"},"content":{"rendered":"<p><span id=\"result_box\" class=\"short_text\" lang=\"fr\"><span class=\"\">Dunlop bagages<\/span><\/span><\/p>\n<p><span id=\"result_box\" class=\"\" lang=\"fr\"><span class=\"\">S\u00e9curisez vos bagages avec ces sangles \u00e0 bagages Dunlop.<\/span> <span class=\"\">Ces classeurs de bagages peuvent \u00eatre coup\u00e9s de mani\u00e8re \u00e0 ce que votre charge soit toujours bien serr\u00e9e et fermement attach\u00e9e.<\/span><\/span><\/p>\n<p>Caract\u00e9ristiques:<br \/>\nCouleur jaune \/ rouge<br \/>\nMat\u00e9riel: nylon, \u00e9lasthanne<br \/>\nLongueur: 60cm ou 150cm<\/p>\n<p>Contenu:<br \/>\n<span class=\"\">2 x Sangles \u00e0 bagages<\/span><\/p>\n<p><\/p>","protected":false},"excerpt":{"rendered":"<p><span id=\"result_box\" class=\"\" lang=\"fr\"><span class=\"\">S\u00e9curisez vos bagages avec ces sangles \u00e0 bagages Dunlop.<\/span> <span class=\"\">Ces classeurs de bagages peuvent \u00eatre coup\u00e9s de mani\u00e8re \u00e0 ce que votre charge soit toujours bien serr\u00e9e et fermement attach\u00e9e.<\/span><\/span><\/p>\n<p>Caract\u00e9ristiques:<br \/>\nCouleur jaune ou rouge<br \/>\nMat\u00e9riel: nylon, \u00e9lasthanne<br \/>\nLongueur: 60cm ou 150cm<\/p>\n<p>Contenu:<br \/>\n<span class=\"\">2 x Sangles \u00e0 bagages<\/span><\/p>\n","protected":false},"featured_media":871125300415,"template":"","meta":[],"product_brand":[],"product_cat":[108,107],"product_tag":[101,110,104,158],"class_list":{"0":"post-871125300401","1":"product","2":"type-product","3":"status-publish","4":"has-post-thumbnail","6":"product_cat-non-classe","7":"product_cat-uncategorized","8":"product_tag-3pp","9":"product_tag-dunlop","10":"product_tag-promo","11":"product_tag-voiture-nettoyage","13":"first","14":"instock","15":"sale","16":"taxable","17":"shipping-taxable","18":"purchasable","19":"product-type-variable"},"_links":{"self":[{"href":"https:\/\/inforad.net\/index.php?rest_route=\/wp\/v2\/product\/871125300401","targetHints":{"allow":["GET"]}}],"collection":[{"href":"https:\/\/inforad.net\/index.php?rest_route=\/wp\/v2\/product"}],"about":[{"href":"https:\/\/inforad.net\/index.php?rest_route=\/wp\/v2\/types\/product"}],"wp:featuredmedia":[{"embeddable":true,"href":"https:\/\/inforad.net\/index.php?rest_route=\/wp\/v2\/media\/871125300415"}],"wp:attachment":[{"href":"https:\/\/inforad.net\/index.php?rest_route=%2Fwp%2Fv2%2Fmedia&parent=871125300401"}],"wp:term":[{"taxonomy":"product_brand","embeddable":true,"href":"https:\/\/inforad.net\/index.php?rest_route=%2Fwp%2Fv2%2Fproduct_brand&post=871125300401"},{"taxonomy":"product_cat","embeddable":true,"href":"https:\/\/inforad.net\/index.php?rest_route=%2Fwp%2Fv2%2Fproduct_cat&post=871125300401"},{"taxonomy":"product_tag","embeddable":true,"href":"https:\/\/inforad.net\/index.php?rest_route=%2Fwp%2Fv2%2Fproduct_tag&post=871125300401"}],"curies":[{"name":"wp","href":"https:\/\/api.w.org\/{rel}","templated":true}]}}