{"id":871125301336,"date":"2018-09-30T11:22:45","date_gmt":"2018-09-30T09:22:45","guid":{"rendered":"https:\/\/inforad.net\/?post_type=product&#038;p=871125301336"},"modified":"2025-12-04T11:02:48","modified_gmt":"2025-12-04T10:02:48","slug":"dunlop-40pcs-trousse-de-depannage-pour-voiture","status":"publish","type":"product","link":"https:\/\/inforad.net\/?product=dunlop-40pcs-trousse-de-depannage-pour-voiture","title":{"rendered":"KIT DE D\u00c9PANNAGE \/ D&#8217;URGENCE POUR VOITURES 40pcs de DUNLOP"},"content":{"rendered":"<p>Dunlop &#8211; KIT DE D\u00c9PANNAGE \/ D&#8217;URGENCE POUR VOITURES 40pcs<\/p>\n<p><span id=\"result_box\" class=\"\" lang=\"fr\"><span class=\"\">Set d&#8217;urgence Dunlop pour la voiture<\/span><br \/>\n<span class=\"\">Dimensions du produit: &#8211; 40x30x4cm<\/span><br \/>\n<span class=\"\">Avec ce kit d\u2019urgence, vous disposez toujours du mat\u00e9riel ad\u00e9quat pour pr\u00e9parer votre voiture au mauvais sort.<\/span><\/span><\/p>\n<p>Caract\u00e9ristiques:<br \/>\nCouleur: multicolore<br \/>\nMat\u00e9riel lampes: verre<br \/>\nMat\u00e9riau glisser: nylon<br \/>\nMati\u00e8re gilet de s\u00e9curit\u00e9: polyester<br \/>\n<span class=\"\">Bouchon de carburant de secours: plastique<\/span><br \/>\n<span class=\"\">Dimensions de l&#8217;emballage: 20 x 30 x 7 cm (L xlxx)<\/span><br \/>\n<span class=\"\">Approuv\u00e9 par l&#8217;UE: oui, norme EN20471<\/span><\/p>\n<p>Contenu:<br \/>\n1 c\u00e2ble de remorquage<br \/>\n1 gilet de s\u00e9curit\u00e9<br \/>\n1 jeu de fusibles (26 pi\u00e8ces)<br \/>\n1 bouchon d&#8217;essence<br \/>\n1 paire de gants<br \/>\n1 jeu de lampes (8 pi\u00e8ces)<\/p>","protected":false},"excerpt":{"rendered":"<p>Kit 40 Pi\u00e8ces Auto de marque Dunlop : bouchon universel, gants, gilet jaune, fusibles, ampoules, cable remorquage Tout ce qu&#8217;il vous faut en cas de probl\u00e8me avec votre voiture !<\/p>\n<p>Contenu:<br \/>\n1 c\u00e2ble de remorquage<br \/>\n1 gilet de s\u00e9curit\u00e9<br \/>\n1 jeu de fusibles (26 pi\u00e8ces)<br \/>\n1 bouchon d&#8217;essence<br \/>\n1 paire de gants<br \/>\n1 jeu de lampes (8 pi\u00e8ces)<\/p>\n","protected":false},"featured_media":871125301337,"template":"","meta":[],"product_brand":[],"product_cat":[108],"product_tag":[101,110,104],"class_list":{"0":"post-871125301336","1":"product","2":"type-product","3":"status-publish","4":"has-post-thumbnail","6":"product_cat-non-classe","7":"product_tag-3pp","8":"product_tag-dunlop","9":"product_tag-promo","10":"product_shipping_class-gls-only","12":"first","13":"instock","14":"sale","15":"featured","16":"taxable","17":"shipping-taxable","18":"purchasable","19":"product-type-simple"},"_links":{"self":[{"href":"https:\/\/inforad.net\/index.php?rest_route=\/wp\/v2\/product\/871125301336","targetHints":{"allow":["GET"]}}],"collection":[{"href":"https:\/\/inforad.net\/index.php?rest_route=\/wp\/v2\/product"}],"about":[{"href":"https:\/\/inforad.net\/index.php?rest_route=\/wp\/v2\/types\/product"}],"wp:featuredmedia":[{"embeddable":true,"href":"https:\/\/inforad.net\/index.php?rest_route=\/wp\/v2\/media\/871125301337"}],"wp:attachment":[{"href":"https:\/\/inforad.net\/index.php?rest_route=%2Fwp%2Fv2%2Fmedia&parent=871125301336"}],"wp:term":[{"taxonomy":"product_brand","embeddable":true,"href":"https:\/\/inforad.net\/index.php?rest_route=%2Fwp%2Fv2%2Fproduct_brand&post=871125301336"},{"taxonomy":"product_cat","embeddable":true,"href":"https:\/\/inforad.net\/index.php?rest_route=%2Fwp%2Fv2%2Fproduct_cat&post=871125301336"},{"taxonomy":"product_tag","embeddable":true,"href":"https:\/\/inforad.net\/index.php?rest_route=%2Fwp%2Fv2%2Fproduct_tag&post=871125301336"}],"curies":[{"name":"wp","href":"https:\/\/api.w.org\/{rel}","templated":true}]}}