{"id":871125302793,"date":"2019-02-08T16:12:43","date_gmt":"2019-02-08T15:12:43","guid":{"rendered":"https:\/\/inforad.net\/?post_type=product&#038;p=871125302793"},"modified":"2023-11-23T18:20:27","modified_gmt":"2023-11-23T17:20:27","slug":"grundig-casque-stereo-edition-or","status":"publish","type":"product","link":"https:\/\/inforad.net\/?product=grundig-casque-stereo-edition-or","title":{"rendered":"GRUNDIG &#8211; Casque St\u00e9r\u00e9o &#8211; \u00c9dition OR &#8211; noir \/ blanc et noir \/ gris"},"content":{"rendered":"<p><span class=\"tlid-translation translation\"><span title=\"\">Casque st\u00e9r\u00e9o Grundig &#8220;Edition OR&#8221;<\/span><br \/>\n<span title=\"\">Casque pliant, id\u00e9al pour \u00e9couter de la musique et des films (mp3 \/ cd \/ ipod)<\/span><br \/>\n<span title=\"\">Contr\u00f4le du volume sur un c\u00e2ble de 2 m\u00e8tres, jack 3,5 mm en or<\/span><br \/>\n<span class=\"\" title=\"\">Couleurs assorties au choix: noir \/ blanc et noir \/ gris<\/span><br \/>\n<span class=\"\" title=\"\">Dimensions (LxPxH): 150x170x75 mm &#8211; Poids: 265gr &#8211; Emballage: Blister<\/span><\/span><\/p>\n<p><\/p>","protected":false},"excerpt":{"rendered":"<p><span class=\"tlid-translation translation\"><span title=\"\">Casque st\u00e9r\u00e9o Grundig &#8220;Edition OR&#8221;<\/span><br \/>\n<span title=\"\">Casque pliant, id\u00e9al pour \u00e9couter de la musique et des films (mp3 \/ cd \/ ipod)<\/span><br \/>\n<span title=\"\">Contr\u00f4le du volume sur un c\u00e2ble de 2 m\u00e8tres, jack 3,5 mm en or<\/span><br \/>\n<span class=\"\" title=\"\">Couleurs assorties au choix: noir \/ blanc et noir \/ gris<\/span><br \/>\n<span class=\"\" title=\"\">Dimensions (LxPxH): 150x170x75 mm &#8211; Poids: 265gr &#8211; Emballage: Blister<\/span><\/span><\/p>\n","protected":false},"featured_media":871125302796,"template":"","meta":[],"product_brand":[],"product_cat":[108],"product_tag":[152,159,101,110],"class_list":{"0":"post-871125302793","1":"product","2":"type-product","3":"status-publish","4":"has-post-thumbnail","6":"product_cat-non-classe","7":"product_tag-electromenager","8":"product_tag-speedcam-promo","9":"product_tag-3pp","10":"product_tag-dunlop","11":"product_shipping_class-gls-only","13":"first","14":"instock","15":"sale","16":"featured","17":"taxable","18":"shipping-taxable","19":"purchasable","20":"product-type-variable"},"_links":{"self":[{"href":"https:\/\/inforad.net\/index.php?rest_route=\/wp\/v2\/product\/871125302793","targetHints":{"allow":["GET"]}}],"collection":[{"href":"https:\/\/inforad.net\/index.php?rest_route=\/wp\/v2\/product"}],"about":[{"href":"https:\/\/inforad.net\/index.php?rest_route=\/wp\/v2\/types\/product"}],"wp:featuredmedia":[{"embeddable":true,"href":"https:\/\/inforad.net\/index.php?rest_route=\/wp\/v2\/media\/871125302796"}],"wp:attachment":[{"href":"https:\/\/inforad.net\/index.php?rest_route=%2Fwp%2Fv2%2Fmedia&parent=871125302793"}],"wp:term":[{"taxonomy":"product_brand","embeddable":true,"href":"https:\/\/inforad.net\/index.php?rest_route=%2Fwp%2Fv2%2Fproduct_brand&post=871125302793"},{"taxonomy":"product_cat","embeddable":true,"href":"https:\/\/inforad.net\/index.php?rest_route=%2Fwp%2Fv2%2Fproduct_cat&post=871125302793"},{"taxonomy":"product_tag","embeddable":true,"href":"https:\/\/inforad.net\/index.php?rest_route=%2Fwp%2Fv2%2Fproduct_tag&post=871125302793"}],"curies":[{"name":"wp","href":"https:\/\/api.w.org\/{rel}","templated":true}]}}