{"id":871125303008,"date":"2019-02-22T16:37:26","date_gmt":"2019-02-22T15:37:26","guid":{"rendered":"https:\/\/inforad.net\/?post_type=product&#038;p=871125303008"},"modified":"2025-08-01T16:41:14","modified_gmt":"2025-08-01T14:41:14","slug":"feu-arriere-dunlop","status":"publish","type":"product","link":"https:\/\/inforad.net\/?product=feu-arriere-dunlop","title":{"rendered":"Feu arri\u00e8re \u00e0 3 LED Dunlop pour v\u00e9lo"},"content":{"rendered":"<p>Le feu arri\u00e8re pour v\u00e9lo DUNLOP fournit une lumi\u00e8re vive g\u00e9n\u00e9r\u00e9e par 3 LED. Son design pratique permet un montage facile sur la fourche arri\u00e8re, s&#8217;adapte parfaitement \u00e0 tous les v\u00e9los et augmente votre s\u00e9curit\u00e9.<\/p>\n<p>Param\u00e8tres :<\/p>\n<p>\u2022 source lumineuse : 3 LED<br \/>\n\u2022 3 fonctions :<br \/>\n\u2022 bouton marche\/arr\u00eat,<br \/>\n\u2022 lumi\u00e8re fixe,<br \/>\n\u2022 lumi\u00e8re clignotante,<br \/>\n\u2022 conception r\u00e9sistante \u00e0 l&#8217;eau<br \/>\n\u2022 construction en plastique<br \/>\n\u2022 alimentation : 2 piles AAA<\/p>\n<p>Informations suppl\u00e9mentaires :<\/p>\n<p>\u2022 piles non incluses<br \/>\n\u2022 dimensions de la lampe : 4 x 6 x 3.5 cm<br \/>\n\u2022 longueur du support : 5 cm<br \/>\n\u2022 diam\u00e8tre maximal du trou : 22 mm<br \/>\n\u2022 couleur : rouge\/noir<\/p>","protected":false},"excerpt":{"rendered":"<p>Le feu arri\u00e8re pour v\u00e9lo DUNLOP fournit une lumi\u00e8re vive g\u00e9n\u00e9r\u00e9e par 3 LED.<br \/>\nSa conception pratique permet un montage facile sur la fourche arri\u00e8re.<br \/>\nIl s&#8217;adapte parfaitement \u00e0 tous les v\u00e9los et augmente votre s\u00e9curit\u00e9.<br \/>\nAlimentation : 2 piles AAA (non incluses)<\/p>\n","protected":false},"featured_media":871125303011,"template":"","meta":[],"product_brand":[],"product_cat":[108,107],"product_tag":[101,110,104],"class_list":{"0":"post-871125303008","1":"product","2":"type-product","3":"status-publish","4":"has-post-thumbnail","6":"product_cat-non-classe","7":"product_cat-uncategorized","8":"product_tag-3pp","9":"product_tag-dunlop","10":"product_tag-promo","12":"first","13":"instock","14":"sale","15":"taxable","16":"shipping-taxable","17":"purchasable","18":"product-type-simple"},"_links":{"self":[{"href":"https:\/\/inforad.net\/index.php?rest_route=\/wp\/v2\/product\/871125303008","targetHints":{"allow":["GET"]}}],"collection":[{"href":"https:\/\/inforad.net\/index.php?rest_route=\/wp\/v2\/product"}],"about":[{"href":"https:\/\/inforad.net\/index.php?rest_route=\/wp\/v2\/types\/product"}],"wp:featuredmedia":[{"embeddable":true,"href":"https:\/\/inforad.net\/index.php?rest_route=\/wp\/v2\/media\/871125303011"}],"wp:attachment":[{"href":"https:\/\/inforad.net\/index.php?rest_route=%2Fwp%2Fv2%2Fmedia&parent=871125303008"}],"wp:term":[{"taxonomy":"product_brand","embeddable":true,"href":"https:\/\/inforad.net\/index.php?rest_route=%2Fwp%2Fv2%2Fproduct_brand&post=871125303008"},{"taxonomy":"product_cat","embeddable":true,"href":"https:\/\/inforad.net\/index.php?rest_route=%2Fwp%2Fv2%2Fproduct_cat&post=871125303008"},{"taxonomy":"product_tag","embeddable":true,"href":"https:\/\/inforad.net\/index.php?rest_route=%2Fwp%2Fv2%2Fproduct_tag&post=871125303008"}],"curies":[{"name":"wp","href":"https:\/\/api.w.org\/{rel}","templated":true}]}}