{"id":871125303050,"date":"2019-02-28T18:14:19","date_gmt":"2019-02-28T17:14:19","guid":{"rendered":"https:\/\/inforad.net\/?post_type=product&#038;p=871125303050"},"modified":"2025-10-28T10:51:51","modified_gmt":"2025-10-28T09:51:51","slug":"inforad-smart-pour-la-france-et-leurope-inforad-kit-moto","status":"publish","type":"product","link":"https:\/\/inforad.net\/?product=inforad-smart-pour-la-france-et-leurope-inforad-kit-moto","title":{"rendered":"Inforad Smart pour la France et l&#8217;Europe + Inforad Moto offert"},"content":{"rendered":"<p><strong>Un pied dans le futur<\/strong><br \/>\nLe SMART + Kit Moto est futuriste et int\u00e8gre des composants \u00e9lectroniques High Tech de derni\u00e8re g\u00e9n\u00e9ration :<\/p>\n<p>GPS SiRF AtlasV 64 canaux<br \/>\nutilisation du service EGNOS (European Geostationary Navigation Overlay Service)<br \/>\n\u00e9cran couleur haute r\u00e9solution de 3&#8221;<br \/>\nm\u00e9moire vive SDRAM DDR2 64 Mo pour acc\u00e9l\u00e9rer le traitement<br \/>\nmodule GSM\/GPRS TELIT GE865 quadribande pour la fonction t\u00e9l\u00e9phone<br \/>\npuissante batterie Li-Ion de 1400 mAh (grande autonomie)<br \/>\nune cartographie HERE (anciennement Navteq) int\u00e9gr\u00e9e (elle ne s&#8217;affiche pas mais permet de reconna\u00eetre la route utilis\u00e9e pour supprimer les fausses alertes)<br \/>\nun processeur ARM11 \u00e0 600 Mhz, le syst\u00e8me d&#8217;exploitation int\u00e8gre une &#8220;machine \u00e0 \u00e9tats&#8221; temps r\u00e9el permettant une pr\u00e9cision et une rapidit\u00e9 de traitement in\u00e9gal\u00e9e<br \/>\nL&#8217;affichage s&#8217;inspire de la technologie a\u00e9ronautique qui facilite la perception et la m\u00e9morisation.<\/p>\n<p><strong>Une r\u00e9volution pour la fixation<\/strong><br \/>\nM\u00eame au niveau de la fixation du Ci\/SMART Inforad innove en proposant un support r\u00e9volutionnaire \u00e0 ventouse autocollante pour une exceptionnelle tenue au tableau de bord ou au pare-brise.<\/p>\n<p><strong>Une t\u00e9l\u00e9commande pour la s\u00e9curit\u00e9<\/strong><br \/>\nContrairement aux autres produits du march\u00e9, INFORAD maximise la s\u00e9curit\u00e9 en dotant le Ci d&#8217;une t\u00e9l\u00e9commande au volant, aussi bien pour droitiers que pour gauchers.<br \/>\nUltime s\u00e9curit\u00e9: chaque bouton de la t\u00e9l\u00e9commande est identifiable au toucher, ce qui permet au conducteur de se consacrer pleinement \u00e0 la conduite du v\u00e9hicule en gardant les mains sur le volant et les yeux sur la route.<\/p>\n<p><strong>2.00\u20ac d&#8217;abonnement par mois<\/strong><\/p>\n<p>Les unit\u00e9s Inforad Smart n\u00e9cessitent des mises \u00e0 jour payantes via un abonnement de seulement 2 euros par mois, avec une souscription\u00a0 l&#8217;abonnement de 6 mois minimum.<\/p>\n<p><strong>La pr\u00e9cision des informations<\/strong><br \/>\nA l&#8217;avant-garde de la technologie, INFORAD a, d\u00e8s la conception, int\u00e9gr\u00e9 EGNOS permettant \u00e0 l&#8217;INFORAD Ci d&#8217;avoir une pr\u00e9cision GPS au m\u00e8tre pr\u00e8s. Gr\u00e2ce \u00e0 cette pr\u00e9cision, l&#8217;INFORAD Ci est le seul \u00e0 vous afficher en permanence les vitesses autoris\u00e9es tout au long de vos trajets avec le nom pr\u00e9cis des routes et des rues.<\/p>","protected":false},"excerpt":{"rendered":"<p><strong>Le copilote sans fronti\u00e8res<\/strong><br \/>\nL&#8217;INFORAD Smart est un puissant outil d&#8217;aide \u00e0 la conduite + Kit Moto. Gr\u00e2ce \u00e0 sa carte SD de 4go, toutes les routes d&#8217;Europe vous sont indiqu\u00e9es. Sa batterie longue dur\u00e9e vous offre une autonomie sans pr\u00e9c\u00e9dent. Son module t\u00e9l\u00e9phone, permet de signaler et de rester inform\u00e9 en temps r\u00e9el des dangers rencontr\u00e9s sur la route gr\u00e2ce \u00e0 l&#8217;\u00e9change communautaire entre les membres du Club<\/p>\n<p>De nouvelles fonctions, telles que la nature des dangers rencontr\u00e9s et l&#8217;indication des changements de vitesse dans une m\u00eame zone de danger rendent votre conduite plus s\u00fbre que jamais.<\/p>\n<p>Sa haute technicit\u00e9, sa puissance et son design en font un produit d&#8217;exception.<br \/>\nDe plus les composants, derni\u00e8re g\u00e9n\u00e9ration, utilis\u00e9s permettent d&#8217;optimiser le prix et ainsi de le rendre accessible au plus grand nombre.<\/p>\n<p><strong>Le seul vrai communicant du march\u00e9<\/strong><br \/>\nL&#8217;INFORAD Smart permet aussi de recevoir des appels t\u00e9l\u00e9phoniques et des SMS. Plus encore, afin d&#8217;augmenter votre s\u00e9r\u00e9nit\u00e9, il vous met en relation t\u00e9l\u00e9phonique avec les services d&#8217;urgence (Police \/ Pompiers) par un simple pression sur la t\u00e9l\u00e9commande.<\/p>\n","protected":false},"featured_media":871125309816,"template":"","meta":[],"product_brand":[],"product_cat":[86,84,108,107],"product_tag":[90,104],"class_list":{"0":"post-871125303050","1":"product","2":"type-product","3":"status-publish","4":"has-post-thumbnail","6":"product_cat-accessories","7":"product_cat-speedcam-locators","8":"product_cat-non-classe","9":"product_cat-uncategorized","10":"product_tag-inforad","11":"product_tag-promo","13":"first","14":"instock","15":"sale","16":"featured","17":"taxable","18":"shipping-taxable","19":"purchasable","20":"product-type-simple"},"_links":{"self":[{"href":"https:\/\/inforad.net\/index.php?rest_route=\/wp\/v2\/product\/871125303050","targetHints":{"allow":["GET"]}}],"collection":[{"href":"https:\/\/inforad.net\/index.php?rest_route=\/wp\/v2\/product"}],"about":[{"href":"https:\/\/inforad.net\/index.php?rest_route=\/wp\/v2\/types\/product"}],"wp:featuredmedia":[{"embeddable":true,"href":"https:\/\/inforad.net\/index.php?rest_route=\/wp\/v2\/media\/871125309816"}],"wp:attachment":[{"href":"https:\/\/inforad.net\/index.php?rest_route=%2Fwp%2Fv2%2Fmedia&parent=871125303050"}],"wp:term":[{"taxonomy":"product_brand","embeddable":true,"href":"https:\/\/inforad.net\/index.php?rest_route=%2Fwp%2Fv2%2Fproduct_brand&post=871125303050"},{"taxonomy":"product_cat","embeddable":true,"href":"https:\/\/inforad.net\/index.php?rest_route=%2Fwp%2Fv2%2Fproduct_cat&post=871125303050"},{"taxonomy":"product_tag","embeddable":true,"href":"https:\/\/inforad.net\/index.php?rest_route=%2Fwp%2Fv2%2Fproduct_tag&post=871125303050"}],"curies":[{"name":"wp","href":"https:\/\/api.w.org\/{rel}","templated":true}]}}