{"id":871125303068,"date":"2019-03-02T13:33:52","date_gmt":"2019-03-02T12:33:52","guid":{"rendered":"https:\/\/inforad.net\/?post_type=product&#038;p=871125303068"},"modified":"2026-05-02T14:12:17","modified_gmt":"2026-05-02T12:12:17","slug":"gps-inforad-m1-moto-manometre-digital-dunlop","status":"publish","type":"product","link":"https:\/\/inforad.net\/?product=gps-inforad-m1-moto-manometre-digital-dunlop","title":{"rendered":"Manom\u00e8tre num\u00e9rique pour pneus avec LED + Gratuit GPS Inforad M1 Moto"},"content":{"rendered":"<p><strong>Dunlop<\/strong> <strong>Manom\u00e8tre digital num\u00e9rique pour pneus avec LED + Gratuit GPS Inforad M1 Moto.<\/strong><\/p>\n<ul>\n<li><span class=\"HwtZe\" lang=\"fr\"><span class=\"jCAhz ChMk0b\"><span class=\"ryNqvb\">Jauge de pneu num\u00e9rique<\/span><\/span> <\/span><\/li>\n<li><span class=\"HwtZe\" lang=\"fr\"><span class=\"jCAhz ChMk0b\"><span class=\"ryNqvb\">Avec LED<\/span><\/span> <\/span><\/li>\n<li><span class=\"HwtZe\" lang=\"fr\"><span class=\"jCAhz ChMk0b\"><span class=\"ryNqvb\">Arr\u00eat automatique<\/span><\/span><\/span><\/li>\n<li>0 &#8211; 150 PSI<\/li>\n<li>0 &#8211; 1000 kPa<\/li>\n<li>0 &#8211; 10 Bar<\/li>\n<li>0 &#8211; 10 kg\/cm2<\/li>\n<\/ul>\n<p>Gr\u00e2ce au syst\u00e8me GPS, INFORAD Moto conna\u00eet en permanence la position de votre v\u00e9hicule et son processeur compare celle-ci avec les zones \u00e0 risques contenues dans sa base de donn\u00e9es. D\u00e8s que vous p\u00e9n\u00e9trez dans une zone dangereuse, mat\u00e9rialis\u00e9e ou non par un danger, INFORAD Moto vous pr\u00e9vient imm\u00e9diatement gr\u00e2ce \u00e0 des signaux lumineux, simples et compr\u00e9hensibles.<\/p>\n<p>Contrairement \u00e0 l&#8217;automobile, l&#8217;environnement moto induit des contraintes d&#8217;ordre climatique, d&#8217;installation et de discr\u00e9tion. INFORAD Moto prend en compte ces diff\u00e9rentes contraintes dans sa conception. Ainsi, le produit se d\u00e9compose en deux parties :<\/p>\n<ul>\n<li>une partie fixe, install\u00e9e sur le v\u00e9hicule que nous d\u00e9nommons &#8220;Support&#8221;<\/li>\n<li>une partie amovible qui contient l&#8217;essentiel de l&#8217;\u00e9lectronique et se branche sur le support, que nous d\u00e9nommons &#8220;Cartouche&#8221;<\/li>\n<\/ul>\n<p>Le choix de cr\u00e9er deux parties distinctes a \u00e9t\u00e9 motiv\u00e9 par la n\u00e9cessit\u00e9 de faciliter le montage et le d\u00e9montage de la partie GPS afin d&#8217;effectuer les mises \u00e0 jour de la base de donn\u00e9es des zones \u00e0 risques contenue dans la m\u00e9moire de l&#8217;appareil, et ce, sans avoir \u00e0 d\u00e9monter l&#8217;ensemble du dispositif.<\/p>","protected":false},"excerpt":{"rendered":"<p><strong>Dunlop<\/strong> <strong>Manom\u00e8tre digital num\u00e9rique pour pneus avec LED + Gratuit GPS Inforad M1 Moto.<\/strong><\/p>\n<ul>\n<li><span class=\"HwtZe\" lang=\"fr\"><span class=\"jCAhz ChMk0b\"><span class=\"ryNqvb\">Jauge de pneu num\u00e9rique<\/span><\/span> <\/span><\/li>\n<li><span class=\"HwtZe\" lang=\"fr\"><span class=\"jCAhz ChMk0b\"><span class=\"ryNqvb\">Avec LED<\/span><\/span> <\/span><\/li>\n<li><span class=\"HwtZe\" lang=\"fr\"><span class=\"jCAhz ChMk0b\"><span class=\"ryNqvb\">Arr\u00eat automatique<\/span><\/span><\/span><\/li>\n<li>0 &#8211; 150 PSI<\/li>\n<li>0 &#8211; 1000 kPa<\/li>\n<li>0 &#8211; 10 Bar<\/li>\n<li>0 &#8211; 10 kg\/cm2<\/li>\n<\/ul>\n<p>Gr\u00e2ce au syst\u00e8me GPS, INFORAD Moto conna\u00eet en permanence la position de votre v\u00e9hicule et son processeur compare celle-ci avec les zones \u00e0 risques contenues dans sa base de donn\u00e9es. D\u00e8s que vous p\u00e9n\u00e9trez dans une zone dangereuse, mat\u00e9rialis\u00e9e ou non par un danger, INFORAD Moto vous pr\u00e9vient imm\u00e9diatement gr\u00e2ce \u00e0 des signaux lumineux, simples et compr\u00e9hensibles.<\/p>\n<p>Contrairement \u00e0 l&#8217;automobile, l&#8217;environnement moto induit des contraintes d&#8217;ordre climatique, d&#8217;installation et de discr\u00e9tion. INFORAD Moto prend en compte ces diff\u00e9rentes contraintes dans sa conception. Ainsi, le produit se d\u00e9compose en deux parties :<\/p>\n<ul>\n<li>une partie fixe, install\u00e9e sur le v\u00e9hicule que nous d\u00e9nommons &#8220;Support&#8221;<\/li>\n<li>une partie amovible qui contient l&#8217;essentiel de l&#8217;\u00e9lectronique et se branche sur le support, que nous d\u00e9nommons &#8220;Cartouche&#8221;<\/li>\n<\/ul>\n<p>Le choix de cr\u00e9er deux parties distinctes a \u00e9t\u00e9 motiv\u00e9 par la n\u00e9cessit\u00e9 de faciliter le montage et le d\u00e9montage de la partie GPS afin d&#8217;effectuer les mises \u00e0 jour de la base de donn\u00e9es des zones \u00e0 risques contenue dans la m\u00e9moire de l&#8217;appareil, et ce, sans avoir \u00e0 d\u00e9monter l&#8217;ensemble du dispositif.<\/p>\n","protected":false},"featured_media":871125300741,"template":"","meta":[],"product_brand":[],"product_cat":[86,84,132,108,107],"product_tag":[101,104],"class_list":{"0":"post-871125303068","1":"product","2":"type-product","3":"status-publish","4":"has-post-thumbnail","6":"product_cat-accessories","7":"product_cat-speedcam-locators","8":"product_cat-hot","9":"product_cat-non-classe","10":"product_cat-uncategorized","11":"product_tag-3pp","12":"product_tag-promo","13":"product_shipping_class-gls-only","15":"first","16":"instock","17":"sale","18":"featured","19":"taxable","20":"shipping-taxable","21":"purchasable","22":"product-type-simple"},"_links":{"self":[{"href":"https:\/\/inforad.net\/index.php?rest_route=\/wp\/v2\/product\/871125303068","targetHints":{"allow":["GET"]}}],"collection":[{"href":"https:\/\/inforad.net\/index.php?rest_route=\/wp\/v2\/product"}],"about":[{"href":"https:\/\/inforad.net\/index.php?rest_route=\/wp\/v2\/types\/product"}],"wp:featuredmedia":[{"embeddable":true,"href":"https:\/\/inforad.net\/index.php?rest_route=\/wp\/v2\/media\/871125300741"}],"wp:attachment":[{"href":"https:\/\/inforad.net\/index.php?rest_route=%2Fwp%2Fv2%2Fmedia&parent=871125303068"}],"wp:term":[{"taxonomy":"product_brand","embeddable":true,"href":"https:\/\/inforad.net\/index.php?rest_route=%2Fwp%2Fv2%2Fproduct_brand&post=871125303068"},{"taxonomy":"product_cat","embeddable":true,"href":"https:\/\/inforad.net\/index.php?rest_route=%2Fwp%2Fv2%2Fproduct_cat&post=871125303068"},{"taxonomy":"product_tag","embeddable":true,"href":"https:\/\/inforad.net\/index.php?rest_route=%2Fwp%2Fv2%2Fproduct_tag&post=871125303068"}],"curies":[{"name":"wp","href":"https:\/\/api.w.org\/{rel}","templated":true}]}}