{"id":871125303464,"date":"2019-04-21T09:31:26","date_gmt":"2019-04-21T07:31:26","guid":{"rendered":"https:\/\/inforad.net\/?post_type=product&#038;p=871125303464"},"modified":"2026-02-13T12:05:00","modified_gmt":"2026-02-13T11:05:00","slug":"inforad-v6","status":"publish","type":"product","link":"https:\/\/inforad.net\/?product=inforad-v6","title":{"rendered":"Inforad V6"},"content":{"rendered":"<p>L\u2019INFORAD V6 h\u00e9rite bien s\u00fbr de l\u2019acquis technologique ayant fait le succ\u00e8s de ses pr\u00e9d\u00e9cesseurs (notamment le fameux processeur GPS SiRFstarIII), mais sa technologie s\u2019enrichit de fa\u00e7on importante :<\/p>\n<p>INFORAD V6 : 100% Nomade<br \/>\nSa compacit\u00e9 et son look moderne permettent \u00e0 INFORAD<br \/>\nV6 de trouver ais\u00e9ment sa place sur n\u2019importe quel tableau de bord.<br \/>\nSon architecture innovante int\u00e8gre en outre une batterie longue dur\u00e9e qui lui conf\u00e9re une totale autonomie pendant plus de 7 heures (en mode \u00e9conomique).<br \/>\nINFORAD V6 pourra donc aussi vous accompagner en dehors de votre v\u00e9hicule si, par exemple, vous partez faire une randonn\u00e9e.<br \/>\nGr\u00e2ce \u00e0 l\u2019affichage du cap suivi, de l\u2019altitude, de la date et de l\u2019heure, vous ne serez plus jamais<br \/>\nperdu.<\/p>\n<p>&nbsp;<\/p>\n<p>&nbsp;<\/p>","protected":false},"excerpt":{"rendered":"<p>Avertisseur de dangers autonome<br \/>\nProcesseur GPS SiRFstar IIITM<br \/>\nEcran frontal haute luminosite\u00b4<br \/>\nAffichage multifonction<br \/>\nMises a` jour gratuites<br \/>\nBatterie longue dure\u00b4e<br \/>\nProcesseur vocal<\/p>\n","protected":false},"featured_media":18062,"template":"","meta":[],"product_brand":[],"product_cat":[86,84,108,107],"product_tag":[112,90,104,133],"class_list":{"0":"post-871125303464","1":"product","2":"type-product","3":"status-publish","4":"has-post-thumbnail","6":"product_cat-accessories","7":"product_cat-speedcam-locators","8":"product_cat-non-classe","9":"product_cat-uncategorized","10":"product_tag-fr","11":"product_tag-inforad","12":"product_tag-promo","13":"product_tag-speedcam","15":"first","16":"instock","17":"sale","18":"featured","19":"taxable","20":"shipping-taxable","21":"purchasable","22":"product-type-simple"},"_links":{"self":[{"href":"https:\/\/inforad.net\/index.php?rest_route=\/wp\/v2\/product\/871125303464","targetHints":{"allow":["GET"]}}],"collection":[{"href":"https:\/\/inforad.net\/index.php?rest_route=\/wp\/v2\/product"}],"about":[{"href":"https:\/\/inforad.net\/index.php?rest_route=\/wp\/v2\/types\/product"}],"wp:featuredmedia":[{"embeddable":true,"href":"https:\/\/inforad.net\/index.php?rest_route=\/wp\/v2\/media\/18062"}],"wp:attachment":[{"href":"https:\/\/inforad.net\/index.php?rest_route=%2Fwp%2Fv2%2Fmedia&parent=871125303464"}],"wp:term":[{"taxonomy":"product_brand","embeddable":true,"href":"https:\/\/inforad.net\/index.php?rest_route=%2Fwp%2Fv2%2Fproduct_brand&post=871125303464"},{"taxonomy":"product_cat","embeddable":true,"href":"https:\/\/inforad.net\/index.php?rest_route=%2Fwp%2Fv2%2Fproduct_cat&post=871125303464"},{"taxonomy":"product_tag","embeddable":true,"href":"https:\/\/inforad.net\/index.php?rest_route=%2Fwp%2Fv2%2Fproduct_tag&post=871125303464"}],"curies":[{"name":"wp","href":"https:\/\/api.w.org\/{rel}","templated":true}]}}