{"id":871125304492,"date":"2019-07-28T12:44:02","date_gmt":"2019-07-28T10:44:02","guid":{"rendered":"https:\/\/inforad.net\/?post_type=product&#038;p=871125304492"},"modified":"2026-05-04T09:52:45","modified_gmt":"2026-05-04T07:52:45","slug":"whistler-d12vr-dash-cam-full-hd-enregistreur-numerique","status":"publish","type":"product","link":"https:\/\/inforad.net\/?product=whistler-d12vr-dash-cam-full-hd-enregistreur-numerique","title":{"rendered":"Whistler D12VR &#8211; DASH CAM &#8211; Full HD &#8211; Enregistreur num\u00e9rique"},"content":{"rendered":"<p>Cette super petite cam\u00e9ra de tableau de bord est discr\u00e8te sur votre pare-brise. Mesurant seulement 1,5 &#8220;x3&#8243;, il a \u00e0 peu pr\u00e8s la taille d&#8217;une carte de visite !<\/p>\n<p>Documentez vos d\u00e9placements, prot\u00e9gez votre v\u00e9hicule et prot\u00e9gez-vous contre la fraude \u00e0 l&#8217;assurance \u00e0 l&#8217;aide d&#8217;une cam\u00e9ra au tableau de bord. L&#8217;enregistrement en boucle vous permet d&#8217;enregistrer votre road trip et le capteur G arr\u00eate l&#8217;enregistrement si une collision est d\u00e9tect\u00e9e.<\/p>\n<p>&#8211; Haute d\u00e9finition 1280 x 720p \/ 30 images par seconde<br \/>\n&#8211; Moniteur LCD 1,5<br \/>\n&#8211; Angle de visionnement de 120 degr\u00e9s<br \/>\n&#8211; Enregistrement en boucle sans couture<br \/>\n&#8211; Carte micro SD de 4Go incluse, pouvant \u00eatre utilis\u00e9e jusqu&#8217;\u00e0 32Go<br \/>\n&#8211; Zoom num\u00e9rique 4x<br \/>\n&#8211; Fonction moniteur de stationnement<br \/>\n&#8211; Fonction de d\u00e9tection de mouvement<br \/>\n&#8211; Capteur G<br \/>\n&#8211; Prise de sortie A\/V<\/p>","protected":false},"excerpt":{"rendered":"<p>Cette super petite cam\u00e9ra au tableau de bord<br \/>\n&#8211; Haute d\u00e9finition 1280 x 720p \/ 30 images par seconde<br \/>\n&#8211; Moniteur LCD 1,5<br \/>\n&#8211; Angle de visionnement de 120 degr\u00e9s<br \/>\n&#8211; Enregistrement en boucle sans couture<br \/>\n&#8211; Carte micro SD de 4Go incluse, pouvant \u00eatre utilis\u00e9e jusqu&#8217;\u00e0 32Go<br \/>\n&#8211; Zoom num\u00e9rique 4x<br \/>\n&#8211; Fonction moniteur de stationnement<br \/>\n&#8211; Fonction de d\u00e9tection de mouvement<br \/>\n&#8211; Capteur G<br \/>\n&#8211; Prise de sortie A\/V<\/p>\n","protected":false},"featured_media":871125304493,"template":"","meta":[],"product_brand":[],"product_cat":[132],"product_tag":[159,101,136,112,104,145,129],"class_list":{"0":"post-871125304492","1":"product","2":"type-product","3":"status-publish","4":"has-post-thumbnail","6":"product_cat-hot","7":"product_tag-speedcam-promo","8":"product_tag-3pp","9":"product_tag-dashcam","10":"product_tag-fr","11":"product_tag-promo","12":"product_tag-uk","13":"product_tag-whistler","15":"first","16":"instock","17":"sale","18":"taxable","19":"shipping-taxable","20":"purchasable","21":"product-type-simple"},"_links":{"self":[{"href":"https:\/\/inforad.net\/index.php?rest_route=\/wp\/v2\/product\/871125304492","targetHints":{"allow":["GET"]}}],"collection":[{"href":"https:\/\/inforad.net\/index.php?rest_route=\/wp\/v2\/product"}],"about":[{"href":"https:\/\/inforad.net\/index.php?rest_route=\/wp\/v2\/types\/product"}],"wp:featuredmedia":[{"embeddable":true,"href":"https:\/\/inforad.net\/index.php?rest_route=\/wp\/v2\/media\/871125304493"}],"wp:attachment":[{"href":"https:\/\/inforad.net\/index.php?rest_route=%2Fwp%2Fv2%2Fmedia&parent=871125304492"}],"wp:term":[{"taxonomy":"product_brand","embeddable":true,"href":"https:\/\/inforad.net\/index.php?rest_route=%2Fwp%2Fv2%2Fproduct_brand&post=871125304492"},{"taxonomy":"product_cat","embeddable":true,"href":"https:\/\/inforad.net\/index.php?rest_route=%2Fwp%2Fv2%2Fproduct_cat&post=871125304492"},{"taxonomy":"product_tag","embeddable":true,"href":"https:\/\/inforad.net\/index.php?rest_route=%2Fwp%2Fv2%2Fproduct_tag&post=871125304492"}],"curies":[{"name":"wp","href":"https:\/\/api.w.org\/{rel}","templated":true}]}}