{"id":871125304545,"date":"2019-08-03T13:42:00","date_gmt":"2019-08-03T11:42:00","guid":{"rendered":"https:\/\/inforad.net\/?post_type=product&#038;p=871125304545"},"modified":"2026-05-04T09:52:01","modified_gmt":"2026-05-04T07:52:01","slug":"whistler-dash-camera-d2200s-double-camera-avec-objectif-pivotant-180o","status":"publish","type":"product","link":"https:\/\/inforad.net\/?product=whistler-dash-camera-d2200s-double-camera-avec-objectif-pivotant-180o","title":{"rendered":"WHISTLER D2200S &#8211; DASH CAMERA &#8211; Cam\u00e9ra double avec objectif pivotant \u00e0 180\u00ba"},"content":{"rendered":"<p>WHISTLER DASH CAMERA D2200S &#8211; Double cam\u00e9ra avec objectif pivotant 180\u00ba.<\/p>\n<p>&#8211; Cam\u00e9ras doubles int\u00e9gr\u00e9es avec diodes \u00e9lectroluminescentes infrarouges<br \/>\n&#8211; Enregistrement \u00e0 l&#8217;int\u00e9rieur et \u00e0 l&#8217;ext\u00e9rieur du v\u00e9hicule<br \/>\n&#8211; Option plein \u00e9cran ou \u00e9cran partag\u00e9<br \/>\n&#8211; Haute d\u00e9finition<br \/>\n&#8211; 1080p\/25fps &#8211; 720p\/30fps<br \/>\n&#8211; Moniteur LCD 2,7<br \/>\n&#8211; Angle de visionnement de 120<br \/>\n&#8211; Enregistrement en boucle sans couture<br \/>\n&#8211; Carte micro SD 8 Go incluse, jusqu&#8217;\u00e0 32 Go utilisables<br \/>\ncarte d&#8217;enregistrement<br \/>\n&#8211; Appareil photo de 12 Mpx<br \/>\n&#8211; Zoom num\u00e9rique r\u00e9glable<br \/>\n&#8211; Capteur G<br \/>\n&#8211; Protection des fichiers<br \/>\n&#8211; Fonction moniteur de stationnement<br \/>\n&#8211; Fonction de d\u00e9tection de mouvement<br \/>\n&#8211; Prise de sortie A\/V<\/p>\n<p>Inclut : Cam\u00e9ra pour tableau de bord, support, c\u00e2ble USB, chargeur de voiture, carte micro SD de 8 Go et guide d&#8217;utilisation<\/p>","protected":false},"excerpt":{"rendered":"<p>WHISTLER DASH CAMERA D2200S &#8211; Double cam\u00e9ra avec objectif pivotant 180\u00ba.<\/p>\n<p>Enregistrement des deux objectifs de la cam\u00e9ra \u00e0 l&#8217;int\u00e9rieur et \u00e0 l&#8217;ext\u00e9rieur du v\u00e9hicule<br \/>\nOption plein \u00e9cran ou \u00e9cran partag\u00e9<br \/>\nFacile \u00e0 installer et \u00e0 utiliser<\/p>\n<p>&#8211; Haute d\u00e9finition<br \/>\n&#8211; 1080p\/25fps &#8211; 720p\/30fps<br \/>\n&#8211; Moniteur LCD 2,7<br \/>\n&#8211; Angle de visionnement de 120<br \/>\n&#8211; Enregistrement en boucle sans couture<br \/>\n&#8211; Carte micro SD 8 Go incluse, jusqu&#8217;\u00e0 32 Go utilisables<br \/>\ncarte d&#8217;enregistrement<br \/>\n&#8211; Appareil photo de 12 Mpx<br \/>\n&#8211; Zoom num\u00e9rique r\u00e9glable<br \/>\n&#8211; Capteur G<br \/>\n&#8211; Protection des fichiers<br \/>\n&#8211; Fonction moniteur de stationnement<br \/>\n&#8211; Fonction de d\u00e9tection de mouvement<br \/>\n&#8211; Prise de sortie A\/V<\/p>\n<p>Inclut : Cam\u00e9ra pour tableau de bord, support, c\u00e2ble USB, chargeur de voiture, carte micro SD de 8 Go et guide d&#8217;utilisation<\/p>\n","protected":false},"featured_media":871125304547,"template":"","meta":[],"product_brand":[],"product_cat":[132],"product_tag":[159,101,136,112,143,104,145,129],"class_list":{"0":"post-871125304545","1":"product","2":"type-product","3":"status-publish","4":"has-post-thumbnail","6":"product_cat-hot","7":"product_tag-speedcam-promo","8":"product_tag-3pp","9":"product_tag-dashcam","10":"product_tag-fr","11":"product_tag-hot","12":"product_tag-promo","13":"product_tag-uk","14":"product_tag-whistler","15":"product_shipping_class-gls-only","17":"first","18":"instock","19":"sale","20":"taxable","21":"shipping-taxable","22":"purchasable","23":"product-type-simple"},"_links":{"self":[{"href":"https:\/\/inforad.net\/index.php?rest_route=\/wp\/v2\/product\/871125304545","targetHints":{"allow":["GET"]}}],"collection":[{"href":"https:\/\/inforad.net\/index.php?rest_route=\/wp\/v2\/product"}],"about":[{"href":"https:\/\/inforad.net\/index.php?rest_route=\/wp\/v2\/types\/product"}],"wp:featuredmedia":[{"embeddable":true,"href":"https:\/\/inforad.net\/index.php?rest_route=\/wp\/v2\/media\/871125304547"}],"wp:attachment":[{"href":"https:\/\/inforad.net\/index.php?rest_route=%2Fwp%2Fv2%2Fmedia&parent=871125304545"}],"wp:term":[{"taxonomy":"product_brand","embeddable":true,"href":"https:\/\/inforad.net\/index.php?rest_route=%2Fwp%2Fv2%2Fproduct_brand&post=871125304545"},{"taxonomy":"product_cat","embeddable":true,"href":"https:\/\/inforad.net\/index.php?rest_route=%2Fwp%2Fv2%2Fproduct_cat&post=871125304545"},{"taxonomy":"product_tag","embeddable":true,"href":"https:\/\/inforad.net\/index.php?rest_route=%2Fwp%2Fv2%2Fproduct_tag&post=871125304545"}],"curies":[{"name":"wp","href":"https:\/\/api.w.org\/{rel}","templated":true}]}}