{"id":871125305847,"date":"2020-01-17T09:38:41","date_gmt":"2020-01-17T08:38:41","guid":{"rendered":"https:\/\/inforad.net\/?post_type=product&#038;p=871125305847"},"modified":"2025-12-04T11:49:33","modified_gmt":"2025-12-04T10:49:33","slug":"v3-externe-antenne-cable-uniquement","status":"publish","type":"product","link":"https:\/\/inforad.net\/?product=v3-externe-antenne-cable-uniquement","title":{"rendered":"V3 externe Antenne (c\u00e2ble uniquement)"},"content":{"rendered":"<p><strong>INFORAD Auto V3 externe Antenne<\/strong><span id=\"result_box\" class=\"short_text\" lang=\"fr\"><\/span><\/p>\n<p><span id=\"result_box\" class=\"\" lang=\"fr\"><span class=\"\">Cette antenne est fabriqu\u00e9e pour des v\u00e9hicules avec un pare-brise athermique ou d&#8217;autres pare-brises qui d\u00e9t\u00e9riorent la r\u00e9ception des ondes GPS. Les meilleures performances sont obtenues en pla\u00e7ant l&#8217;antenne sur le toit du v\u00e9hicule ou le capot du coffre. Cependant vous pouvez aussi placer l&#8217;antenne sur la plage arri\u00e8re du v\u00e9hicule moyennant une r\u00e9duction potentille des performances. L&#8217;utilisation de cette antenne vous permet de placer votre bo\u00eetier INFORAD ou que ce soit dans l&#8217;habitacle du v\u00e9hicule<br \/>\n<\/span><\/span><\/p>\n<p>&nbsp;<\/p>","protected":false},"excerpt":{"rendered":"<p>V3 Antenne externe<\/p>\n<p>Longueur de c\u00e2ble &#8211; 5 m\u00e8tres<\/p>\n<p>Taille &#8211; 50x39x16mm<\/p>\n<p>Poids &#8211; 110g<\/p>\n<p>Temp\u00e9rature de fonctionnement -40c \u00e0 85c<\/p>\n<p>Imperm\u00e9able<\/p>\n","protected":false},"featured_media":871125306795,"template":"","meta":[],"product_brand":[],"product_cat":[86,84,132,108,107],"product_tag":[161,159,90,104],"class_list":{"0":"post-871125305847","1":"product","2":"type-product","3":"status-publish","4":"has-post-thumbnail","6":"product_cat-accessories","7":"product_cat-speedcam-locators","8":"product_cat-hot","9":"product_cat-non-classe","10":"product_cat-uncategorized","11":"product_tag-inforad-promo","12":"product_tag-speedcam-promo","13":"product_tag-inforad","14":"product_tag-promo","15":"product_shipping_class-gls-only","17":"first","18":"instock","19":"sale","20":"taxable","21":"shipping-taxable","22":"purchasable","23":"product-type-simple"},"_links":{"self":[{"href":"https:\/\/inforad.net\/index.php?rest_route=\/wp\/v2\/product\/871125305847","targetHints":{"allow":["GET"]}}],"collection":[{"href":"https:\/\/inforad.net\/index.php?rest_route=\/wp\/v2\/product"}],"about":[{"href":"https:\/\/inforad.net\/index.php?rest_route=\/wp\/v2\/types\/product"}],"wp:featuredmedia":[{"embeddable":true,"href":"https:\/\/inforad.net\/index.php?rest_route=\/wp\/v2\/media\/871125306795"}],"wp:attachment":[{"href":"https:\/\/inforad.net\/index.php?rest_route=%2Fwp%2Fv2%2Fmedia&parent=871125305847"}],"wp:term":[{"taxonomy":"product_brand","embeddable":true,"href":"https:\/\/inforad.net\/index.php?rest_route=%2Fwp%2Fv2%2Fproduct_brand&post=871125305847"},{"taxonomy":"product_cat","embeddable":true,"href":"https:\/\/inforad.net\/index.php?rest_route=%2Fwp%2Fv2%2Fproduct_cat&post=871125305847"},{"taxonomy":"product_tag","embeddable":true,"href":"https:\/\/inforad.net\/index.php?rest_route=%2Fwp%2Fv2%2Fproduct_tag&post=871125305847"}],"curies":[{"name":"wp","href":"https:\/\/api.w.org\/{rel}","templated":true}]}}