{"id":871125305992,"date":"2020-02-19T19:27:19","date_gmt":"2020-02-19T18:27:19","guid":{"rendered":"https:\/\/inforad.net\/?post_type=product&#038;p=871125305992"},"modified":"2020-12-03T15:40:13","modified_gmt":"2020-12-03T14:40:13","slug":"all-ride-cric-voiture","status":"publish","type":"product","link":"https:\/\/inforad.net\/?product=all-ride-cric-voiture","title":{"rendered":"All ride &#8211; Cric Voiture"},"content":{"rendered":"<p>Changer les roues de votre voiture n&#8217;a jamais \u00e9t\u00e9 aussi facile gr\u00e2ce \u00e0 la toute nouvelle cl\u00e9 \u00e0 molette ! de &#8220;All Ride&#8221;.<\/p>\n<p>Cette cl\u00e9 \u00e0 \u00e9crous de roue transversale est en acier et est compos\u00e9e de quatre inserts de roue de 17, 19, 21, 23 mm qui permettent l&#8217;utilisation de cette cl\u00e9 sur tous les mod\u00e8les populaires.<br \/>\nDimensions : 35,5 x 35,5 x 3 cm<br \/>\nType de cl\u00e9 : Croix<br \/>\nCompatibilit\u00e9 : 17-19 -21-23 mm<\/p>","protected":false},"excerpt":{"rendered":"<ul>\n<li>Nouveau support de roue \u00e0 4 voies avec des douilles de 17, 19, 21 et 23 mm.<\/li>\n<li>Outil de qualit\u00e9 professionnelle avec action de spin-off et bon effet de levier.<\/li>\n<\/ul>\n","protected":false},"featured_media":871125305995,"template":"","meta":[],"product_brand":[],"product_cat":[108],"product_tag":[156,101,110],"class_list":{"0":"post-871125305992","1":"product","2":"type-product","3":"status-publish","4":"has-post-thumbnail","6":"product_cat-non-classe","7":"product_tag-entretien-de-la-voiture-nettoyage","8":"product_tag-3pp","9":"product_tag-dunlop","11":"first","12":"instock","13":"sale","14":"featured","15":"taxable","16":"shipping-taxable","17":"purchasable","18":"product-type-simple"},"_links":{"self":[{"href":"https:\/\/inforad.net\/index.php?rest_route=\/wp\/v2\/product\/871125305992","targetHints":{"allow":["GET"]}}],"collection":[{"href":"https:\/\/inforad.net\/index.php?rest_route=\/wp\/v2\/product"}],"about":[{"href":"https:\/\/inforad.net\/index.php?rest_route=\/wp\/v2\/types\/product"}],"wp:featuredmedia":[{"embeddable":true,"href":"https:\/\/inforad.net\/index.php?rest_route=\/wp\/v2\/media\/871125305995"}],"wp:attachment":[{"href":"https:\/\/inforad.net\/index.php?rest_route=%2Fwp%2Fv2%2Fmedia&parent=871125305992"}],"wp:term":[{"taxonomy":"product_brand","embeddable":true,"href":"https:\/\/inforad.net\/index.php?rest_route=%2Fwp%2Fv2%2Fproduct_brand&post=871125305992"},{"taxonomy":"product_cat","embeddable":true,"href":"https:\/\/inforad.net\/index.php?rest_route=%2Fwp%2Fv2%2Fproduct_cat&post=871125305992"},{"taxonomy":"product_tag","embeddable":true,"href":"https:\/\/inforad.net\/index.php?rest_route=%2Fwp%2Fv2%2Fproduct_tag&post=871125305992"}],"curies":[{"name":"wp","href":"https:\/\/api.w.org\/{rel}","templated":true}]}}