{"id":871125306024,"date":"2020-02-22T21:58:44","date_gmt":"2020-02-22T20:58:44","guid":{"rendered":"https:\/\/inforad.net\/?post_type=product&#038;p=871125306024"},"modified":"2023-11-23T18:25:21","modified_gmt":"2023-11-23T17:25:21","slug":"chiffon-de-nettoyage-en-microfibres-tres-fines-par-dunlop","status":"publish","type":"product","link":"https:\/\/inforad.net\/?product=chiffon-de-nettoyage-en-microfibres-tres-fines-par-dunlop","title":{"rendered":"Chiffon de nettoyage en microfibres tr\u00e8s fines par Dunlop"},"content":{"rendered":"<p>Chiffon de nettoyage en microfibres tr\u00e8s fines, fabriqu\u00e9 pour le nettoyage et l&#8217;entretien de la peinture automobile. Couleur jaune. Dimensions : 350&#215;350 mm<\/p>","protected":false},"excerpt":{"rendered":"<ul>\n<li>Nouveau support de roue \u00e0 4 voies avec des douilles de 17, 19, 21 et 23 mm.<\/li>\n<li>Outil de qualit\u00e9 professionnelle avec action de spin-off et bon effet de levier.<\/li>\n<\/ul>\n","protected":false},"featured_media":871125306026,"template":"","meta":[],"product_brand":[],"product_cat":[108],"product_tag":[156,101,110,104],"class_list":{"0":"post-871125306024","1":"product","2":"type-product","3":"status-publish","4":"has-post-thumbnail","6":"product_cat-non-classe","7":"product_tag-entretien-de-la-voiture-nettoyage","8":"product_tag-3pp","9":"product_tag-dunlop","10":"product_tag-promo","11":"product_shipping_class-gls-only","13":"first","14":"instock","15":"sale","16":"featured","17":"taxable","18":"shipping-taxable","19":"purchasable","20":"product-type-simple"},"_links":{"self":[{"href":"https:\/\/inforad.net\/index.php?rest_route=\/wp\/v2\/product\/871125306024","targetHints":{"allow":["GET"]}}],"collection":[{"href":"https:\/\/inforad.net\/index.php?rest_route=\/wp\/v2\/product"}],"about":[{"href":"https:\/\/inforad.net\/index.php?rest_route=\/wp\/v2\/types\/product"}],"wp:featuredmedia":[{"embeddable":true,"href":"https:\/\/inforad.net\/index.php?rest_route=\/wp\/v2\/media\/871125306026"}],"wp:attachment":[{"href":"https:\/\/inforad.net\/index.php?rest_route=%2Fwp%2Fv2%2Fmedia&parent=871125306024"}],"wp:term":[{"taxonomy":"product_brand","embeddable":true,"href":"https:\/\/inforad.net\/index.php?rest_route=%2Fwp%2Fv2%2Fproduct_brand&post=871125306024"},{"taxonomy":"product_cat","embeddable":true,"href":"https:\/\/inforad.net\/index.php?rest_route=%2Fwp%2Fv2%2Fproduct_cat&post=871125306024"},{"taxonomy":"product_tag","embeddable":true,"href":"https:\/\/inforad.net\/index.php?rest_route=%2Fwp%2Fv2%2Fproduct_tag&post=871125306024"}],"curies":[{"name":"wp","href":"https:\/\/api.w.org\/{rel}","templated":true}]}}