{"id":871125306051,"date":"2020-02-22T23:30:27","date_gmt":"2020-02-22T22:30:27","guid":{"rendered":"https:\/\/inforad.net\/?post_type=product&#038;p=871125306051"},"modified":"2025-01-06T11:28:49","modified_gmt":"2025-01-06T10:28:49","slug":"grundig-lampe-magnetique-a-led-de-travail-269-led","status":"publish","type":"product","link":"https:\/\/inforad.net\/?product=grundig-lampe-magnetique-a-led-de-travail-269-led","title":{"rendered":"GRUNDIG Lampe magn\u00e9tique \u00e0 LED de travail 26+9 LED"},"content":{"rendered":"<p><\/p>\n<ul>\n<li>Fonctionne sur piles &#8211; avec 35 (26+9) LED lumineuses &#8211; convient pour une utilisation \u00e0 l&#8217;int\u00e9rieur et \u00e0 l&#8217;ext\u00e9rieur<\/li>\n<li>8 des LED clignotent en rouge en cas d&#8217;urgence<\/li>\n<li>Id\u00e9ale pour les grandes surfaces, o\u00f9 elle doit \u00eatre lumineuse.<\/li>\n<li>Peut \u00eatre utilis\u00e9e pour \u00e9clairer lors de travaux sur la voiture ou dans de nombreux autres endroits gr\u00e2ce \u00e0 sa base magn\u00e9tique.<\/li>\n<\/ul>\n<p><\/p>","protected":false},"excerpt":{"rendered":"<ul>\n<li>Sources lumineuses : 26+9 LED brillantes<\/li>\n<li>Couleurs de lumi\u00e8re : blanc froid \/ rouge danger<\/li>\n<li>18 LED blanches fixes sur les c\u00f4t\u00e9s<\/li>\n<li>8 LED rouges clignotantes sur les c\u00f4t\u00e9s<\/li>\n<li>9 LED blanches fixes \u00e0 l&#8217;avant<\/li>\n<li>Alimentation : 3 piles AAA (incluses)<\/li>\n<li>Utilisation : int\u00e9rieur et ext\u00e9rieur<\/li>\n<li>Mat\u00e9riau : m\u00e9tal\/plastique<\/li>\n<li>Base magn\u00e9tique<\/li>\n<li>Dimensions : 22,5x3x3cm 22.5x3x3cm<\/li>\n<li>Couleur : noir, bleu, argent et rouge.<\/li>\n<\/ul>\n<p><a href=\"https:\/\/inforad.net\/wp-content\/uploads\/2020\/02\/Grundig-299-LED-Torch-White-Lights-On-scaled.jpg\"><img decoding=\"async\" class=\"alignnone size-medium wp-image-871125310315\" src=\"https:\/\/inforad.net\/wp-content\/uploads\/2020\/02\/Grundig-299-LED-Torch-White-Lights-On-300x66.jpg\" alt=\"\" width=\"300\" height=\"66\" srcset=\"https:\/\/inforad.net\/wp-content\/uploads\/2020\/02\/Grundig-299-LED-Torch-White-Lights-On-190x42.jpg 190w, https:\/\/inforad.net\/wp-content\/uploads\/2020\/02\/Grundig-299-LED-Torch-White-Lights-On-200x44.jpg 200w, https:\/\/inforad.net\/wp-content\/uploads\/2020\/02\/Grundig-299-LED-Torch-White-Lights-On-300x66.jpg 300w, https:\/\/inforad.net\/wp-content\/uploads\/2020\/02\/Grundig-299-LED-Torch-White-Lights-On-400x88.jpg 400w, https:\/\/inforad.net\/wp-content\/uploads\/2020\/02\/Grundig-299-LED-Torch-White-Lights-On-409x90.jpg 409w, https:\/\/inforad.net\/wp-content\/uploads\/2020\/02\/Grundig-299-LED-Torch-White-Lights-On-scaled-500x110.jpg 500w, https:\/\/inforad.net\/wp-content\/uploads\/2020\/02\/Grundig-299-LED-Torch-White-Lights-On-600x132.jpg 600w, https:\/\/inforad.net\/wp-content\/uploads\/2020\/02\/Grundig-299-LED-Torch-White-Lights-On-scaled-700x154.jpg 700w, https:\/\/inforad.net\/wp-content\/uploads\/2020\/02\/Grundig-299-LED-Torch-White-Lights-On-768x169.jpg 768w, https:\/\/inforad.net\/wp-content\/uploads\/2020\/02\/Grundig-299-LED-Torch-White-Lights-On-800x176.jpg 800w, https:\/\/inforad.net\/wp-content\/uploads\/2020\/02\/Grundig-299-LED-Torch-White-Lights-On-1024x225.jpg 1024w, https:\/\/inforad.net\/wp-content\/uploads\/2020\/02\/Grundig-299-LED-Torch-White-Lights-On-1200x264.jpg 1200w, https:\/\/inforad.net\/wp-content\/uploads\/2020\/02\/Grundig-299-LED-Torch-White-Lights-On-1536x338.jpg 1536w\" sizes=\"(max-width: 300px) 100vw, 300px\" \/><\/a><\/p>\n<p><a href=\"https:\/\/inforad.net\/wp-content\/uploads\/2020\/02\/Grundig-269-LED-Red-Lights-ON_pic2-scaled.jpg\"><img decoding=\"async\" class=\"alignnone size-medium wp-image-871125310314\" src=\"https:\/\/inforad.net\/wp-content\/uploads\/2020\/02\/Grundig-269-LED-Red-Lights-ON_pic2-300x60.jpg\" alt=\"\" width=\"300\" height=\"60\" srcset=\"https:\/\/inforad.net\/wp-content\/uploads\/2020\/02\/Grundig-269-LED-Red-Lights-ON_pic2-190x38.jpg 190w, https:\/\/inforad.net\/wp-content\/uploads\/2020\/02\/Grundig-269-LED-Red-Lights-ON_pic2-200x40.jpg 200w, https:\/\/inforad.net\/wp-content\/uploads\/2020\/02\/Grundig-269-LED-Red-Lights-ON_pic2-300x60.jpg 300w, https:\/\/inforad.net\/wp-content\/uploads\/2020\/02\/Grundig-269-LED-Red-Lights-ON_pic2-400x80.jpg 400w, https:\/\/inforad.net\/wp-content\/uploads\/2020\/02\/Grundig-269-LED-Red-Lights-ON_pic2-451x90.jpg 451w, https:\/\/inforad.net\/wp-content\/uploads\/2020\/02\/Grundig-269-LED-Red-Lights-ON_pic2-scaled-500x100.jpg 500w, https:\/\/inforad.net\/wp-content\/uploads\/2020\/02\/Grundig-269-LED-Red-Lights-ON_pic2-600x120.jpg 600w, https:\/\/inforad.net\/wp-content\/uploads\/2020\/02\/Grundig-269-LED-Red-Lights-ON_pic2-scaled-700x140.jpg 700w, https:\/\/inforad.net\/wp-content\/uploads\/2020\/02\/Grundig-269-LED-Red-Lights-ON_pic2-768x153.jpg 768w, https:\/\/inforad.net\/wp-content\/uploads\/2020\/02\/Grundig-269-LED-Red-Lights-ON_pic2-800x160.jpg 800w, https:\/\/inforad.net\/wp-content\/uploads\/2020\/02\/Grundig-269-LED-Red-Lights-ON_pic2-1024x204.jpg 1024w, https:\/\/inforad.net\/wp-content\/uploads\/2020\/02\/Grundig-269-LED-Red-Lights-ON_pic2-1200x239.jpg 1200w, https:\/\/inforad.net\/wp-content\/uploads\/2020\/02\/Grundig-269-LED-Red-Lights-ON_pic2-1536x306.jpg 1536w\" sizes=\"(max-width: 300px) 100vw, 300px\" \/><\/a><\/p>\n<p><a href=\"https:\/\/inforad.net\/wp-content\/uploads\/2020\/02\/Grundig-269-front-9-white-lights-ON-pic3.jpg\"><img decoding=\"async\" class=\"alignnone size-medium wp-image-871125310313\" src=\"https:\/\/inforad.net\/wp-content\/uploads\/2020\/02\/Grundig-269-front-9-white-lights-ON-pic3-300x221.jpg\" alt=\"\" width=\"300\" height=\"221\" srcset=\"https:\/\/inforad.net\/wp-content\/uploads\/2020\/02\/Grundig-269-front-9-white-lights-ON-pic3-81x60.jpg 81w, https:\/\/inforad.net\/wp-content\/uploads\/2020\/02\/Grundig-269-front-9-white-lights-ON-pic3-122x90.jpg 122w, https:\/\/inforad.net\/wp-content\/uploads\/2020\/02\/Grundig-269-front-9-white-lights-ON-pic3-200x147.jpg 200w, https:\/\/inforad.net\/wp-content\/uploads\/2020\/02\/Grundig-269-front-9-white-lights-ON-pic3-300x221.jpg 300w, https:\/\/inforad.net\/wp-content\/uploads\/2020\/02\/Grundig-269-front-9-white-lights-ON-pic3-400x295.jpg 400w, https:\/\/inforad.net\/wp-content\/uploads\/2020\/02\/Grundig-269-front-9-white-lights-ON-pic3-500x368.jpg 500w, https:\/\/inforad.net\/wp-content\/uploads\/2020\/02\/Grundig-269-front-9-white-lights-ON-pic3-600x442.jpg 600w, https:\/\/inforad.net\/wp-content\/uploads\/2020\/02\/Grundig-269-front-9-white-lights-ON-pic3-700x515.jpg 700w, https:\/\/inforad.net\/wp-content\/uploads\/2020\/02\/Grundig-269-front-9-white-lights-ON-pic3-768x565.jpg 768w, https:\/\/inforad.net\/wp-content\/uploads\/2020\/02\/Grundig-269-front-9-white-lights-ON-pic3-800x589.jpg 800w, https:\/\/inforad.net\/wp-content\/uploads\/2020\/02\/Grundig-269-front-9-white-lights-ON-pic3-1024x754.jpg 1024w, https:\/\/inforad.net\/wp-content\/uploads\/2020\/02\/Grundig-269-front-9-white-lights-ON-pic3-1200x884.jpg 1200w, https:\/\/inforad.net\/wp-content\/uploads\/2020\/02\/Grundig-269-front-9-white-lights-ON-pic3-1536x1131.jpg 1536w, https:\/\/inforad.net\/wp-content\/uploads\/2020\/02\/Grundig-269-front-9-white-lights-ON-pic3.jpg 1638w\" sizes=\"(max-width: 300px) 100vw, 300px\" \/><\/a><\/p>\n","protected":false},"featured_media":871125306056,"template":"","meta":[],"product_brand":[],"product_cat":[86,132,108],"product_tag":[152,104,158],"class_list":{"0":"post-871125306051","1":"product","2":"type-product","3":"status-publish","4":"has-post-thumbnail","6":"product_cat-accessories","7":"product_cat-hot","8":"product_cat-non-classe","9":"product_tag-electromenager","10":"product_tag-promo","11":"product_tag-voiture-nettoyage","13":"first","14":"instock","15":"sale","16":"featured","17":"taxable","18":"shipping-taxable","19":"purchasable","20":"product-type-variable"},"_links":{"self":[{"href":"https:\/\/inforad.net\/index.php?rest_route=\/wp\/v2\/product\/871125306051","targetHints":{"allow":["GET"]}}],"collection":[{"href":"https:\/\/inforad.net\/index.php?rest_route=\/wp\/v2\/product"}],"about":[{"href":"https:\/\/inforad.net\/index.php?rest_route=\/wp\/v2\/types\/product"}],"wp:featuredmedia":[{"embeddable":true,"href":"https:\/\/inforad.net\/index.php?rest_route=\/wp\/v2\/media\/871125306056"}],"wp:attachment":[{"href":"https:\/\/inforad.net\/index.php?rest_route=%2Fwp%2Fv2%2Fmedia&parent=871125306051"}],"wp:term":[{"taxonomy":"product_brand","embeddable":true,"href":"https:\/\/inforad.net\/index.php?rest_route=%2Fwp%2Fv2%2Fproduct_brand&post=871125306051"},{"taxonomy":"product_cat","embeddable":true,"href":"https:\/\/inforad.net\/index.php?rest_route=%2Fwp%2Fv2%2Fproduct_cat&post=871125306051"},{"taxonomy":"product_tag","embeddable":true,"href":"https:\/\/inforad.net\/index.php?rest_route=%2Fwp%2Fv2%2Fproduct_tag&post=871125306051"}],"curies":[{"name":"wp","href":"https:\/\/api.w.org\/{rel}","templated":true}]}}