{"id":871125307103,"date":"2020-11-29T17:15:14","date_gmt":"2020-11-29T16:15:14","guid":{"rendered":"https:\/\/inforad.net\/?post_type=product&#038;p=871125307103"},"modified":"2026-05-02T14:00:17","modified_gmt":"2026-05-02T12:00:17","slug":"pied-pedale-pompe-avec-manometre-inforad-m1-moto-gratuit","status":"publish","type":"product","link":"https:\/\/inforad.net\/?product=pied-pedale-pompe-avec-manometre-inforad-m1-moto-gratuit","title":{"rendered":"pied p\u00e9dale pompe avec manom\u00e8tre + Inforad M1 Moto GRATUIT"},"content":{"rendered":"<p><\/p>\n<ul>\n<li><strong>pied p\u00e9dale pompe avec manom\u00e8tre<\/strong><\/li>\n<li><strong>Pression maximale : 12 bar<\/strong><\/li>\n<li><strong>Longueur du tuyau de raccordement : 100 cm<\/strong><\/li>\n<li><strong>Contenu : 1 Pompe de sol, 2 Adaptateur<\/strong><\/li>\n<li><strong>Couleur : Jaune et noir &#8211; Mat\u00e9riau : plastique, aluminium<\/strong><\/li>\n<li><strong>Inforad M1 Moto &#8211; GRATUIT<br \/>\n<\/strong><\/li>\n<\/ul>\n<p><strong>INFORAD est s\u00fbr et efficace.<\/strong><\/p>\n<p>Gr\u00e2ce au syst\u00e8me GPS, INFORAD Moto conna\u00eet en permanence la position de votre v\u00e9hicule et son processeur compare celle-ci avec les zones \u00e0 risques contenues dans sa base de donn\u00e9es. D\u00e8s que vous p\u00e9n\u00e9trez dans une zone dangereuse, mat\u00e9rialis\u00e9e ou non par un danger, INFORAD Moto vous pr\u00e9vient imm\u00e9diatement gr\u00e2ce \u00e0 des signaux lumineux, simples et compr\u00e9hensibles.<\/p>\n<p>Contrairement \u00e0 l&#8217;automobile, l&#8217;environnement moto induit des contraintes d&#8217;ordre climatique, d&#8217;installation et de discr\u00e9tion. INFORAD Moto prend en compte ces diff\u00e9rentes contraintes dans sa conception. Ainsi, le produit se d\u00e9compose en deux parties :<\/p>\n<ul>\n<li>une partie fixe, install\u00e9e sur le v\u00e9hicule que nous d\u00e9nommons &#8220;Support&#8221;<\/li>\n<li>une partie amovible qui contient l&#8217;essentiel de l&#8217;\u00e9lectronique et se branche sur le support, que nous d\u00e9nommons &#8220;Cartouche&#8221;<\/li>\n<\/ul>\n<p>Le choix de cr\u00e9er deux parties distinctes a \u00e9t\u00e9 motiv\u00e9 par la n\u00e9cessit\u00e9 de faciliter le montage et le d\u00e9montage de la partie GPS afin d&#8217;effectuer les mises \u00e0 jour de la base de donn\u00e9es des zones \u00e0 risques contenue dans la m\u00e9moire de l&#8217;appareil, et ce, sans avoir \u00e0 d\u00e9monter l&#8217;ensemble du dispositif.<\/p>\n<p>&nbsp;<\/p>\n<p>La mise \u00e0 jour de l&#8217;INFORAD Moto s&#8217;effectue par l&#8217;interm\u00e9diaire du logiciel Inforad Manager, t\u00e9l\u00e9chargeable gratuitement sur notre site internet.<\/p>","protected":false},"excerpt":{"rendered":"<p><strong>pied p\u00e9dale pompe avec manom\u00e8tre<\/strong><\/p>\n<ul>\n<li><strong>Pression maximale : 12 bar<\/strong><\/li>\n<li><strong>Longueur du tuyau de raccordement : 100 cm<\/strong><\/li>\n<li><strong>Contenu : 1 Pompe de sol, 2 Adaptateur<\/strong><\/li>\n<li><strong>Couleur : Jaune et noir &#8211; Mat\u00e9riau : plastique, aluminium<\/strong><\/li>\n<li><strong>Inforad M1 Moto &#8211; GRATUIT<\/strong><\/li>\n<\/ul>\n","protected":false},"featured_media":871125307408,"template":"","meta":[],"product_brand":[],"product_cat":[86,132,108,107],"product_tag":[156,101,110,104,137],"class_list":{"0":"post-871125307103","1":"product","2":"type-product","3":"status-publish","4":"has-post-thumbnail","6":"product_cat-accessories","7":"product_cat-hot","8":"product_cat-non-classe","9":"product_cat-uncategorized","10":"product_tag-entretien-de-la-voiture-nettoyage","11":"product_tag-3pp","12":"product_tag-dunlop","13":"product_tag-promo","14":"product_tag-car-cleaning","16":"first","17":"instock","18":"sale","19":"sold-individually","20":"taxable","21":"shipping-taxable","22":"purchasable","23":"product-type-simple"},"_links":{"self":[{"href":"https:\/\/inforad.net\/index.php?rest_route=\/wp\/v2\/product\/871125307103","targetHints":{"allow":["GET"]}}],"collection":[{"href":"https:\/\/inforad.net\/index.php?rest_route=\/wp\/v2\/product"}],"about":[{"href":"https:\/\/inforad.net\/index.php?rest_route=\/wp\/v2\/types\/product"}],"wp:featuredmedia":[{"embeddable":true,"href":"https:\/\/inforad.net\/index.php?rest_route=\/wp\/v2\/media\/871125307408"}],"wp:attachment":[{"href":"https:\/\/inforad.net\/index.php?rest_route=%2Fwp%2Fv2%2Fmedia&parent=871125307103"}],"wp:term":[{"taxonomy":"product_brand","embeddable":true,"href":"https:\/\/inforad.net\/index.php?rest_route=%2Fwp%2Fv2%2Fproduct_brand&post=871125307103"},{"taxonomy":"product_cat","embeddable":true,"href":"https:\/\/inforad.net\/index.php?rest_route=%2Fwp%2Fv2%2Fproduct_cat&post=871125307103"},{"taxonomy":"product_tag","embeddable":true,"href":"https:\/\/inforad.net\/index.php?rest_route=%2Fwp%2Fv2%2Fproduct_tag&post=871125307103"}],"curies":[{"name":"wp","href":"https:\/\/api.w.org\/{rel}","templated":true}]}}