{"id":871125307105,"date":"2020-11-29T17:29:50","date_gmt":"2020-11-29T16:29:50","guid":{"rendered":"https:\/\/inforad.net\/?post_type=product&#038;p=871125307105"},"modified":"2026-05-02T14:01:46","modified_gmt":"2026-05-02T12:01:46","slug":"pied-pedale-pompe-avec-manometre-inforad-v4-gratuit","status":"publish","type":"product","link":"https:\/\/inforad.net\/?product=pied-pedale-pompe-avec-manometre-inforad-v4-gratuit","title":{"rendered":"Pied p\u00e9dale pompe avec manom\u00e8tre + Inforad V4 GRATUIT"},"content":{"rendered":"<p><strong>Pompe \u00e0 p\u00e9dale avec manom\u00e8tre<\/strong><br \/>\nPression maximale : 12 bar<br \/>\nLongueur du tuyau de raccordement : 100 cm<br \/>\nContenu : 1 pompe de sol, 2 adaptateurs<br \/>\nCouleur : jaune et noir &#8211; Mat\u00e9riau : plastique, aluminium<\/p>\n<p><strong>Inforad V4E+Batterie &#8211; GRATUIT<\/strong><br \/>\nL&#8217;INFORAD V4e est un d\u00e9tecteur de radars.<br \/>\nCe petit appareil plac\u00e9 sur votre tableau de bord vous permettra d&#8217;\u00e9viter les exc\u00e8s de vitesse, les points de votre permis de conduire et d&#8217;am\u00e9liorer votre s\u00e9curit\u00e9.<br \/>\nLe V4e : un appareil s\u00fbr et efficace<br \/>\nGr\u00e2ce au syst\u00e8me GPS, le V4e d&#8217;INFORAD conna\u00eet en permanence la position de votre v\u00e9hicule et son processeur la compare avec les donn\u00e9es radars contenues dans notre base de donn\u00e9es. D\u00e8s que vous entrez dans une zone de radars, le V4e vous avertit imm\u00e9diatement par des signaux lumineux et sonores simples et compr\u00e9hensibles.<\/p>","protected":false},"excerpt":{"rendered":"<p><strong>Pompe \u00e0 p\u00e9dale avec manom\u00e8tre<\/strong><br \/>\nPression maximale : 12 bar<br \/>\nLongueur du tuyau de raccordement : 100 cm<br \/>\nContenu : 1 pompe de sol, 2 adaptateurs<br \/>\nCouleur : jaune et noir &#8211; Mat\u00e9riau : plastique, aluminium<\/p>\n<p><strong>Inforad V4E+Batterie &#8211; GRATUIT<\/strong><br \/>\nL&#8217;INFORAD V4e est un d\u00e9tecteur de radars.<br \/>\nCe petit appareil plac\u00e9 sur votre tableau de bord vous permettra d&#8217;\u00e9viter les exc\u00e8s de vitesse, les points de votre permis de conduire et d&#8217;am\u00e9liorer votre s\u00e9curit\u00e9.<br \/>\nLe V4e : un appareil s\u00fbr et efficace<br \/>\nGr\u00e2ce au syst\u00e8me GPS, le V4e d&#8217;INFORAD conna\u00eet en permanence la position de votre v\u00e9hicule et son processeur la compare avec les donn\u00e9es radars contenues dans notre base de donn\u00e9es. D\u00e8s que vous entrez dans une zone de radars, le V4e vous avertit imm\u00e9diatement par des signaux lumineux et sonores simples et compr\u00e9hensibles.<\/p>\n","protected":false},"featured_media":871125307404,"template":"","meta":[],"product_brand":[],"product_cat":[86,132,108,107],"product_tag":[156,101,110,104,158],"class_list":{"0":"post-871125307105","1":"product","2":"type-product","3":"status-publish","4":"has-post-thumbnail","6":"product_cat-accessories","7":"product_cat-hot","8":"product_cat-non-classe","9":"product_cat-uncategorized","10":"product_tag-entretien-de-la-voiture-nettoyage","11":"product_tag-3pp","12":"product_tag-dunlop","13":"product_tag-promo","14":"product_tag-voiture-nettoyage","15":"product_shipping_class-gls-only","17":"first","18":"instock","19":"sale","20":"sold-individually","21":"taxable","22":"shipping-taxable","23":"purchasable","24":"product-type-simple"},"_links":{"self":[{"href":"https:\/\/inforad.net\/index.php?rest_route=\/wp\/v2\/product\/871125307105","targetHints":{"allow":["GET"]}}],"collection":[{"href":"https:\/\/inforad.net\/index.php?rest_route=\/wp\/v2\/product"}],"about":[{"href":"https:\/\/inforad.net\/index.php?rest_route=\/wp\/v2\/types\/product"}],"wp:featuredmedia":[{"embeddable":true,"href":"https:\/\/inforad.net\/index.php?rest_route=\/wp\/v2\/media\/871125307404"}],"wp:attachment":[{"href":"https:\/\/inforad.net\/index.php?rest_route=%2Fwp%2Fv2%2Fmedia&parent=871125307105"}],"wp:term":[{"taxonomy":"product_brand","embeddable":true,"href":"https:\/\/inforad.net\/index.php?rest_route=%2Fwp%2Fv2%2Fproduct_brand&post=871125307105"},{"taxonomy":"product_cat","embeddable":true,"href":"https:\/\/inforad.net\/index.php?rest_route=%2Fwp%2Fv2%2Fproduct_cat&post=871125307105"},{"taxonomy":"product_tag","embeddable":true,"href":"https:\/\/inforad.net\/index.php?rest_route=%2Fwp%2Fv2%2Fproduct_tag&post=871125307105"}],"curies":[{"name":"wp","href":"https:\/\/api.w.org\/{rel}","templated":true}]}}