{"id":871125308307,"date":"2022-07-31T11:24:28","date_gmt":"2022-07-31T09:24:28","guid":{"rendered":"https:\/\/inforad.net\/?post_type=product&#038;p=871125308307"},"modified":"2026-03-02T12:23:04","modified_gmt":"2026-03-02T11:23:04","slug":"nouveau-service-de-mise-a-jour-reparation-ci-smart","status":"publish","type":"product","link":"https:\/\/inforad.net\/?product=nouveau-service-de-mise-a-jour-reparation-ci-smart","title":{"rendered":"PREMIUM service de mise \u00e0 jour\/r\u00e9paration Ci ou SMART"},"content":{"rendered":"<p><strong>Nouveau service de mise \u00e0 jour\/r\u00e9paration Ci &amp; Smart de INFORAD DIRECT<\/strong><\/p>\n<p>INFORAD DIRECT, propose d\u00e9sormais un tout nouveau service unique de mise \u00e0 jour et de r\u00e9paration pour tous les clients Ci &amp; Smart, avec ou sans garantie.<\/p>\n<p>Qu&#8217;est-ce qui est inclus dans ce service ?<\/p>\n<ul>\n<li>Une batterie neuve sera ins\u00e9r\u00e9e<\/li>\n<li>Une carte SD neuve et plus grande sera ins\u00e9r\u00e9e<\/li>\n<li>Remplacement de l&#8217;\u00e9cran (si n\u00e9cessaire)<\/li>\n<li>Remplacement de la prise d&#8217;alimentation \/ chargement Mini USB (si n\u00e9cessaire)<\/li>\n<li>Remplacement du volume \/ parleur (si n\u00e9cessaire)<\/li>\n<li>Remplacement des boutons d\u00e9fectueux ci-dessous (si n\u00e9cessaire)<\/li>\n<li>Bouton ON\/OFF<\/li>\n<li>Bouton de r\u00e9initialisation<\/li>\n<li>Bouton du menu de configuration<\/li>\n<li>La r\u00e9paration est assortie d&#8217;une garantie de 6 mois<\/li>\n<\/ul>\n<p><strong>Les services suivants sont \u00e9galement inclus :<\/strong><\/p>\n<ul>\n<li>produit mis \u00e0 jour avec la derni\u00e8re cartographie<\/li>\n<li>C\u00e2ble USB et \u00e9tui en cuir gratuits pour chaque r\u00e9paration<\/li>\n<li>Collecte de l&#8217;unit\u00e9 sur votre site<\/li>\n<li>Retour du produit<\/li>\n<\/ul>\n<p>Il suffit d&#8217;acheter l&#8217;option Mise \u00e0 jour\/R\u00e9paration sur www.inforad.net<\/p>\n<p>Nous vous contacterons pour vous demander le meilleur jour et la meilleure heure pour organiser la collecte par GLS ou UPS<\/p>\n<p>Une fois l&#8217;appareil re\u00e7u, il sera mis \u00e0 jour et r\u00e9par\u00e9 puis vous sera renvoy\u00e9 par GLS ou UPS dans un d\u00e9lai de 14 jours ouvrables. (\u00e0 partir de la date de retour de l&#8217;appareil chez INFORAD)<\/p>\n<p><span style=\"color: #ff0000;\"><strong>NOTE IMPORTANTE VERSION PREMIUM :<\/strong><\/span><\/p>\n<p><span style=\"color: #ff0000;\">Un abonnement valide est requis pour toutes les r\u00e9parations<\/span><\/p>\n<p><span style=\"color: #ff0000;\">Si nous ne sommes pas en mesure de r\u00e9parer l&#8217;appareil apr\u00e8s avoir tent\u00e9 toutes les r\u00e9parations, cela signifie que l&#8217;appareil pr\u00e9sente malheureusement un d\u00e9faut tr\u00e8s important et que les r\u00e9parations propos\u00e9es ne sont pas en mesure de corriger ce d\u00e9faut majeur. S&#8217;il s&#8217;agit d&#8217;un appareil hors garantie, nous vous rembourserons votre paiement de 99,90 euros, moins 29,90 euros pour les frais de collecte et d&#8217;exp\u00e9dition par GLS ou UPS<\/span><\/p>\n<p><span style=\"color: #ff0000;\">Si vous vous trouvez dans cette situation, nous vous contacterons directement pour vous en informer.<\/span><\/p>\n<p>Cette offre compl\u00e8te comprenant toutes les mises \u00e0 jour\/services et les frais de port (aller-retour) ne co\u00fbte que 99,90 euros.<\/p>\n<p><em><strong>Remarque importante concernant la garantie :<\/strong><\/em><br \/>\n<em>Si vous devez renvoyer votre appareil pour des r\u00e9parations suppl\u00e9mentaires au cours des 6 mois, nous ne couvrons pas les frais de renvoi de l&#8217;appareil \u00e0 Inforad Direct Ltd.<\/em><\/p>","protected":false},"excerpt":{"rendered":"<p>Qu&#8217;est-ce qui est inclus dans ce service ?<\/p>\n<ul>\n<li>Une batterie neuve sera ins\u00e9r\u00e9e<\/li>\n<li>Une carte SD neuve et plus grande sera ins\u00e9r\u00e9e<\/li>\n<li>Remplacement de l&#8217;\u00e9cran (si n\u00e9cessaire)<\/li>\n<li>Remplacement de la prise d&#8217;alimentation \/ chargement Mini USB (si n\u00e9cessaire)<\/li>\n<li>Remplacement du volume \/ parleur (si n\u00e9cessaire)<\/li>\n<li>Remplacement des boutons d\u00e9fectueux ci-dessous (si n\u00e9cessaire)<\/li>\n<li>Bouton ON\/OFF<\/li>\n<li>Bouton de r\u00e9initialisation<\/li>\n<li>Bouton du menu de configuration<\/li>\n<li>La r\u00e9paration est assortie d&#8217;une garantie de 6 mois<\/li>\n<\/ul>\n<p><strong>Les services suivants sont \u00e9galement inclus :<\/strong><\/p>\n<ul>\n<li>produit mis \u00e0 jour avec la derni\u00e8re cartographie<\/li>\n<li>C\u00e2ble USB et \u00e9tui en cuir gratuits pour chaque r\u00e9paration<\/li>\n<li>Collecte de l&#8217;unit\u00e9 sur votre site<\/li>\n<li>Retour du produit<\/li>\n<\/ul>\n<p><strong><span style=\"color: #ff0000;\">NOTE IMPORTANTE:<\/span> <\/strong><\/p>\n<p><strong>Un abonnement valide est requis pour toutes les r\u00e9parations<\/strong><\/p>\n<p><strong>Si nous ne sommes pas en mesure de r\u00e9parer l&#8217;appareil apr\u00e8s avoir tent\u00e9 toutes les r\u00e9parations, cela signifie que l&#8217;appareil pr\u00e9sente malheureusement un d\u00e9faut tr\u00e8s important et que les r\u00e9parations propos\u00e9es ne sont pas en mesure de corriger ce d\u00e9faut majeur. S&#8217;il s&#8217;agit d&#8217;un appareil hors garantie, nous vous rembourserons votre paiement de 99,90 euros, moins 29,90 euros pour les frais de collecte et d&#8217;exp\u00e9dition par GLS ou UPS.<\/strong><\/p>\n<p><em><strong>Remarque importante concernant la garantie :<\/strong><\/em><br \/>\n<em><strong>Si vous devez renvoyer votre appareil pour des r\u00e9parations suppl\u00e9mentaires au cours des 6 mois, nous ne couvrons pas les frais de renvoi de l&#8217;appareil \u00e0 Inforad Direct Ltd<\/strong><\/em>.<\/p>\n","protected":false},"featured_media":871125310504,"template":"","meta":[],"product_brand":[],"product_cat":[86,84,132,108,107],"product_tag":[112,90,104],"class_list":{"0":"post-871125308307","1":"product","2":"type-product","3":"status-publish","4":"has-post-thumbnail","6":"product_cat-accessories","7":"product_cat-speedcam-locators","8":"product_cat-hot","9":"product_cat-non-classe","10":"product_cat-uncategorized","11":"product_tag-fr","12":"product_tag-inforad","13":"product_tag-promo","15":"first","16":"instock","17":"featured","18":"taxable","19":"shipping-taxable","20":"purchasable","21":"product-type-simple"},"_links":{"self":[{"href":"https:\/\/inforad.net\/index.php?rest_route=\/wp\/v2\/product\/871125308307","targetHints":{"allow":["GET"]}}],"collection":[{"href":"https:\/\/inforad.net\/index.php?rest_route=\/wp\/v2\/product"}],"about":[{"href":"https:\/\/inforad.net\/index.php?rest_route=\/wp\/v2\/types\/product"}],"wp:featuredmedia":[{"embeddable":true,"href":"https:\/\/inforad.net\/index.php?rest_route=\/wp\/v2\/media\/871125310504"}],"wp:attachment":[{"href":"https:\/\/inforad.net\/index.php?rest_route=%2Fwp%2Fv2%2Fmedia&parent=871125308307"}],"wp:term":[{"taxonomy":"product_brand","embeddable":true,"href":"https:\/\/inforad.net\/index.php?rest_route=%2Fwp%2Fv2%2Fproduct_brand&post=871125308307"},{"taxonomy":"product_cat","embeddable":true,"href":"https:\/\/inforad.net\/index.php?rest_route=%2Fwp%2Fv2%2Fproduct_cat&post=871125308307"},{"taxonomy":"product_tag","embeddable":true,"href":"https:\/\/inforad.net\/index.php?rest_route=%2Fwp%2Fv2%2Fproduct_tag&post=871125308307"}],"curies":[{"name":"wp","href":"https:\/\/api.w.org\/{rel}","templated":true}]}}