{"id":871125308451,"date":"2022-09-03T15:36:54","date_gmt":"2022-09-03T13:36:54","guid":{"rendered":"https:\/\/inforad.net\/?post_type=product&#038;p=871125308451"},"modified":"2025-01-05T14:16:27","modified_gmt":"2025-01-05T13:16:27","slug":"bombe-anti-crevaison-et-gonflage-repare-et-previent-300-ml","status":"publish","type":"product","link":"https:\/\/inforad.net\/?product=bombe-anti-crevaison-et-gonflage-repare-et-previent-300-ml","title":{"rendered":"Bombe Anti-Crevaison et Gonflage &#8211; R\u00e9par\u00e9 et pr\u00e9vient 300 ml"},"content":{"rendered":"<p>[fr:]<strong>Scellant et gonfleur de pneus 300ml &#8211; R\u00e9pare et pr\u00e9vient les crevaisons<\/strong><\/p>\n<ul>\n<li>Cette formule sp\u00e9ciale permet de gonfler imm\u00e9diatement les pneus crev\u00e9s.<\/li>\n<li>\u00c9limine le changement de pneu et l&#8217;utilisation d&#8217;outils et de crics.<\/li>\n<li>Ce gonfleur scellera la plupart des pneus endommag\u00e9s de voitures et de motos.<\/li>\n<li>Gonfle les pneus jusqu&#8217;\u00e0 une pression de 2,4 bars (20 lbs).<\/li>\n<li>Capacit\u00e9 : 300 ml<\/li>\n<li>Valve avec tuyau pivotant<\/li>\n<\/ul>\n<p>Mode d&#8217;emploi :<\/p>\n<p>Bien agiter avant utilisation. La valeur du pneu doit se trouver \u00e0 la position 5 ou 7 heures. Visser l&#8217;embout du tuyau sur la valeur du pneu. Retirez le bouchon, tenez la canette \u00e0 la verticale et appuyez sur le bouton situ\u00e9 sur le dessus.<\/p>\n<p>Le pneu sera scell\u00e9 et gonfl\u00e9 en moins d&#8217;une minute. D\u00e9visser la buse de la trye et conduire lentement (max 10ph\/30 km) sur 3,2 km pour \u00e9taler le produit d&#8217;\u00e9tanch\u00e9it\u00e9.<\/p>\n<p>L&#8217;\u00e9tanch\u00e9it\u00e9 et le gonflage ne sont pas garantis si la valve ou l&#8217;extension de valve est d\u00e9fectueuse, si le pneu est tr\u00e8s endommag\u00e9 ou si le pneu est s\u00e9par\u00e9 de la jante.<\/p>\n<p>Si le gonfleur de pneu est utilis\u00e9 \u00e0 moins de 30F (-1C), r\u00e9chauffez la bo\u00eete avec le chauffage de la voiture avant de l&#8217;utiliser (ne pas l&#8217;appliquer sur une flamme nue).<\/p>\n<p>[en:]Tyre Sealer &amp; Inflator\u00a0 300ml &#8211; Repairs &amp; Prevents<\/p>\n<ul>\n<li>This special formula inflates flat tyres immediately<\/li>\n<li>Eliminates tyre changing and the use of tools and jacks<\/li>\n<li>This inflator will seal most car and motorbike damage tyres.<\/li>\n<li>Inflates tyres up to 2.4 bar (20 lbs) pressure<\/li>\n<li>Capacity: 300 ml<\/li>\n<li>Valve with swivel hose<\/li>\n<\/ul>\n<p>Directions:<\/p>\n<p>Shake well before use. Tyre value should be at 5 or 7 o&#8217;clock position. Screw hose nozzle on to tyre value. Remove cap, hold can upright, push button on top.<\/p>\n<p>Tyre will seal and inflate in less than 1 minute. Unscrew nozzle from trye a drive care slowly (max 10ph\/30 km) for 2 miles\/3.2 km to spread sealant.<\/p>\n<p>Sealing and inflating cannot be expected if there is a faulty valve or valve extension, major tyre damage, or if the tyre is separated from the rim.<\/p>\n<p>If tyre inflator is used at less than 30F(-1C) warm can with car heater before using (do not apply to open flame).<\/p>","protected":false},"excerpt":{"rendered":"<ul>\n<li>Cette formule sp\u00e9ciale permet de gonfler imm\u00e9diatement les pneus \u00e0 plat<\/li>\n<li>Supprime le changement de pneus et l&#8217;utilisation d&#8217;outils et de crics<\/li>\n<li>Ce gonfleur permettra de sceller la plupart des pneus endommag\u00e9s par les voitures et les motos.<\/li>\n<li>Gonfle les pneus jusqu&#8217;\u00e0 une pression de 2,4 bars (20 lbs).<\/li>\n<\/ul>\n<ul>\n<li>Cette formule sp\u00e9ciale permet de gonfler imm\u00e9diatement les pneus \u00e0 plat<\/li>\n<li>Supprime le changement de pneus et l&#8217;utilisation d&#8217;outils et de crics<\/li>\n<li>Ce gonfleur permettra de sceller la plupart des pneus endommag\u00e9s par les voitures et les motos.<\/li>\n<li>Gonfle les pneus jusqu&#8217;\u00e0 une pression de 2,4 bars (20 lbs).<\/li>\n<li>Valve avec tuyau pivotant<\/li>\n<li>Capacit\u00e9 : 300 ml<\/li>\n<\/ul>\n<\/li>\n<\/ul>\n","protected":false},"featured_media":871125308453,"template":"","meta":[],"product_brand":[],"product_cat":[108],"product_tag":[156,104,158],"class_list":{"0":"post-871125308451","1":"product","2":"type-product","3":"status-publish","4":"has-post-thumbnail","6":"product_cat-non-classe","7":"product_tag-entretien-de-la-voiture-nettoyage","8":"product_tag-promo","9":"product_tag-voiture-nettoyage","11":"first","12":"instock","13":"sale","14":"taxable","15":"shipping-taxable","16":"purchasable","17":"product-type-simple"},"_links":{"self":[{"href":"https:\/\/inforad.net\/index.php?rest_route=\/wp\/v2\/product\/871125308451","targetHints":{"allow":["GET"]}}],"collection":[{"href":"https:\/\/inforad.net\/index.php?rest_route=\/wp\/v2\/product"}],"about":[{"href":"https:\/\/inforad.net\/index.php?rest_route=\/wp\/v2\/types\/product"}],"wp:featuredmedia":[{"embeddable":true,"href":"https:\/\/inforad.net\/index.php?rest_route=\/wp\/v2\/media\/871125308453"}],"wp:attachment":[{"href":"https:\/\/inforad.net\/index.php?rest_route=%2Fwp%2Fv2%2Fmedia&parent=871125308451"}],"wp:term":[{"taxonomy":"product_brand","embeddable":true,"href":"https:\/\/inforad.net\/index.php?rest_route=%2Fwp%2Fv2%2Fproduct_brand&post=871125308451"},{"taxonomy":"product_cat","embeddable":true,"href":"https:\/\/inforad.net\/index.php?rest_route=%2Fwp%2Fv2%2Fproduct_cat&post=871125308451"},{"taxonomy":"product_tag","embeddable":true,"href":"https:\/\/inforad.net\/index.php?rest_route=%2Fwp%2Fv2%2Fproduct_tag&post=871125308451"}],"curies":[{"name":"wp","href":"https:\/\/api.w.org\/{rel}","templated":true}]}}