{"id":871125308659,"date":"2022-11-20T12:43:23","date_gmt":"2022-11-20T11:43:23","guid":{"rendered":"https:\/\/inforad.net\/?post_type=product&#038;p=871125308659"},"modified":"2025-12-02T11:38:30","modified_gmt":"2025-12-02T10:38:30","slug":"dunlop-le-degivreur-600ml-x-2","status":"publish","type":"product","link":"https:\/\/inforad.net\/?product=dunlop-le-degivreur-600ml-x-2","title":{"rendered":"Dunlop Le d\u00e9givreur 600ml x 2 &#8211; Tr\u00e8s grande taille"},"content":{"rendered":"<p>DESCRIPTION DU PRODUIT :<\/p>\n<p>Le d\u00e9givreur DUNLOP est fabriqu\u00e9 \u00e0 partir d&#8217;une formule concentr\u00e9e haute performance qui fait fondre la glace rapidement et aide \u00e0 r\u00e9duire le regel.<\/p>\n<p>Ce d\u00e9givreur \u00e0 action rapide est rapide et efficace pour d\u00e9gager la glace des fen\u00eatres, des r\u00e9troviseurs, des serrures et des phares.<\/p>\n<p>Indispensable pour une conduite hivernale en toute s\u00e9curit\u00e9.<\/p>\n<p>Le d\u00e9givreur fonctionne jusqu&#8217;\u00e0 -15\u00b0C.<\/p>\n<p>Le volume de chaque paquet est de 600ml<\/p>\n<p>2 packs de 600ml de d\u00e9givrant Dunlop inclus.<\/p>\n<p>Possibilit\u00e9 d&#8217;opter pour la livraison le lendemain par UPS au moment du paiement. Les commandes doivent \u00eatre pass\u00e9es avant 12 heures pour pouvoir \u00eatre trait\u00e9es le jour m\u00eame et \u00eatre livr\u00e9es le lendemain.<\/p>\n<p><\/p>","protected":false},"excerpt":{"rendered":"<p>SP\u00c9CIFICATIONS DU PRODUIT :<br \/>\nMarque : Dunlop<br \/>\nDimensions : 600 ml x 2<br \/>\nTapez : Le d\u00e9givreur<\/p>\n<p>LE CONTENU DE L&#8217;EMBALLAGE :<br \/>\n2 x Le d\u00e9givreur 650ml.<\/p>\n<p>Possibilit\u00e9 d&#8217;opter pour la livraison le lendemain par UPS au moment du paiement. Les commandes doivent \u00eatre pass\u00e9es avant 12 heures pour pouvoir \u00eatre trait\u00e9es le jour m\u00eame et \u00eatre livr\u00e9es le lendemain.<\/p>\n","protected":false},"featured_media":871125308661,"template":"","meta":[],"product_brand":[],"product_cat":[86],"product_tag":[156,110,104],"class_list":{"0":"post-871125308659","1":"product","2":"type-product","3":"status-publish","4":"has-post-thumbnail","6":"product_cat-accessories","7":"product_tag-entretien-de-la-voiture-nettoyage","8":"product_tag-dunlop","9":"product_tag-promo","10":"product_shipping_class-gls-only","12":"first","13":"instock","14":"sale","15":"taxable","16":"shipping-taxable","17":"purchasable","18":"product-type-simple"},"_links":{"self":[{"href":"https:\/\/inforad.net\/index.php?rest_route=\/wp\/v2\/product\/871125308659","targetHints":{"allow":["GET"]}}],"collection":[{"href":"https:\/\/inforad.net\/index.php?rest_route=\/wp\/v2\/product"}],"about":[{"href":"https:\/\/inforad.net\/index.php?rest_route=\/wp\/v2\/types\/product"}],"wp:featuredmedia":[{"embeddable":true,"href":"https:\/\/inforad.net\/index.php?rest_route=\/wp\/v2\/media\/871125308661"}],"wp:attachment":[{"href":"https:\/\/inforad.net\/index.php?rest_route=%2Fwp%2Fv2%2Fmedia&parent=871125308659"}],"wp:term":[{"taxonomy":"product_brand","embeddable":true,"href":"https:\/\/inforad.net\/index.php?rest_route=%2Fwp%2Fv2%2Fproduct_brand&post=871125308659"},{"taxonomy":"product_cat","embeddable":true,"href":"https:\/\/inforad.net\/index.php?rest_route=%2Fwp%2Fv2%2Fproduct_cat&post=871125308659"},{"taxonomy":"product_tag","embeddable":true,"href":"https:\/\/inforad.net\/index.php?rest_route=%2Fwp%2Fv2%2Fproduct_tag&post=871125308659"}],"curies":[{"name":"wp","href":"https:\/\/api.w.org\/{rel}","templated":true}]}}