{"id":871125308750,"date":"2022-12-08T10:34:13","date_gmt":"2022-12-08T09:34:13","guid":{"rendered":"https:\/\/inforad.net\/?post_type=product&#038;p=871125308750"},"modified":"2023-11-23T15:35:52","modified_gmt":"2023-11-23T14:35:52","slug":"dunlop-le-degivreur-600ml-gratte-glace-dans-un-gant-de-luxe","status":"publish","type":"product","link":"https:\/\/inforad.net\/?product=dunlop-le-degivreur-600ml-gratte-glace-dans-un-gant-de-luxe","title":{"rendered":"Dunlop Le d\u00e9givreur 600ml + Gratte-glace dans un gant de luxe"},"content":{"rendered":"<p><\/p>\n<p>DESCRIPTION DU PRODUIT :<\/p>\n<p>Caract\u00e9ristiques:-<br \/>\nLe d\u00e9givreur DUNLOP est fabriqu\u00e9 \u00e0 partir d&#8217;une formule concentr\u00e9e haute performance qui fait fondre la glace rapidement et aide \u00e0 r\u00e9duire le regel.<\/p>\n<p>Ce d\u00e9givreur \u00e0 action rapide est rapide et efficace pour d\u00e9gager la glace des fen\u00eatres, des r\u00e9troviseurs, des serrures et des phares.<\/p>\n<p>Indispensable pour une conduite hivernale en toute s\u00e9curit\u00e9.<\/p>\n<p>Le d\u00e9givreur fonctionne jusqu&#8217;\u00e0 -15\u00b0C.<\/p>\n<p>Le volume de 600ml<\/p>\n<p><strong>Grattoir \u00e0 glace<\/strong> pour les vitres de votre voiture avec un gant de luxe, vous \u00e9vitant de gratter avec les mains froides.<br \/>\nCet article est livr\u00e9 en assortiment. Une couleur al\u00e9atoire sera exp\u00e9di\u00e9e (bleu, noir, rouge et\/ou vert).<\/p>\n<p><\/p>","protected":false},"excerpt":{"rendered":"<p>SP\u00c9CIFICATIONS DU PRODUIT :<br \/>\nMarque : Dunlop<br \/>\n1 x Dunlop Le d\u00e9givreur 600ml<\/p>\n<p>1 x Gratte-glace dans un gant de luxe.<\/p>\n<p>[en]<\/p>\n<p>THE CONTENTS OF THE PACKAGING :<br \/>\n1 x 600ml De-Icer Spray Can.<\/p>\n<p>1 x Ice Scrapper in Deluxe Glove.<\/p>\n","protected":false},"featured_media":871125308751,"template":"","meta":[],"product_brand":[],"product_cat":[86],"product_tag":[156,159,110],"class_list":{"0":"post-871125308750","1":"product","2":"type-product","3":"status-publish","4":"has-post-thumbnail","6":"product_cat-accessories","7":"product_tag-entretien-de-la-voiture-nettoyage","8":"product_tag-speedcam-promo","9":"product_tag-dunlop","11":"first","12":"instock","13":"sale","14":"taxable","15":"shipping-taxable","16":"purchasable","17":"product-type-simple"},"_links":{"self":[{"href":"https:\/\/inforad.net\/index.php?rest_route=\/wp\/v2\/product\/871125308750","targetHints":{"allow":["GET"]}}],"collection":[{"href":"https:\/\/inforad.net\/index.php?rest_route=\/wp\/v2\/product"}],"about":[{"href":"https:\/\/inforad.net\/index.php?rest_route=\/wp\/v2\/types\/product"}],"wp:featuredmedia":[{"embeddable":true,"href":"https:\/\/inforad.net\/index.php?rest_route=\/wp\/v2\/media\/871125308751"}],"wp:attachment":[{"href":"https:\/\/inforad.net\/index.php?rest_route=%2Fwp%2Fv2%2Fmedia&parent=871125308750"}],"wp:term":[{"taxonomy":"product_brand","embeddable":true,"href":"https:\/\/inforad.net\/index.php?rest_route=%2Fwp%2Fv2%2Fproduct_brand&post=871125308750"},{"taxonomy":"product_cat","embeddable":true,"href":"https:\/\/inforad.net\/index.php?rest_route=%2Fwp%2Fv2%2Fproduct_cat&post=871125308750"},{"taxonomy":"product_tag","embeddable":true,"href":"https:\/\/inforad.net\/index.php?rest_route=%2Fwp%2Fv2%2Fproduct_tag&post=871125308750"}],"curies":[{"name":"wp","href":"https:\/\/api.w.org\/{rel}","templated":true}]}}