{"id":871125308936,"date":"2023-01-31T16:51:41","date_gmt":"2023-01-31T15:51:41","guid":{"rendered":"https:\/\/inforad.net\/?post_type=product&#038;p=871125308936"},"modified":"2024-02-10T13:45:03","modified_gmt":"2024-02-10T12:45:03","slug":"applique-solaire-avec-detecteur-de-mouvement-100-leds","status":"publish","type":"product","link":"https:\/\/inforad.net\/?product=applique-solaire-avec-detecteur-de-mouvement-100-leds","title":{"rendered":"APPLIQUE SOLAIRE AVEC D\u00c9TECTEUR DE MOUVEMENT 100 LED&#8217;s"},"content":{"rendered":"<p>La lampe solaire est aliment\u00e9e par un panneau solaire, ce qui garantit un \u00e9clairage sans source d&#8217;\u00e9nergie suppl\u00e9mentaire.<br \/>\nL&#8217;angle d&#8217;\u00e9clairage de 270 degr\u00e9s, combin\u00e9 \u00e0 la longue port\u00e9e du capteur de mouvement (3 \u00e0 5 m\u00e8tres), permet un fonctionnement pr\u00e9cis de l&#8217;appareil.<br \/>\nD\u00e9tecteur de mouvement &#8211; la lampe ne s&#8217;allume que lorsqu&#8217;elle d\u00e9tecte un mouvement.<br \/>\nCapteur de cr\u00e9puscule &#8211; la lampe ne s&#8217;allume que si la lumi\u00e8re est insuffisante.<\/p>\n<ul>\n<li>4 r\u00e9glages d&#8217;utilisation de la lumi\u00e8re<\/li>\n<li>Mod\u00e8le 1 : Les lumi\u00e8res brillantes s&#8217;allument et s&#8217;\u00e9teignent compl\u00e8tement apr\u00e8s 15 secondes. Les lumi\u00e8res compl\u00e8tes se rallument<\/li>\n<li>lorsque le d\u00e9tecteur de mouvement est activ\u00e9.<\/li>\n<li>Mod\u00e8le 2 : les lumi\u00e8res vives s&#8217;allument et passent \u00e0 des lumi\u00e8res tamis\u00e9es apr\u00e8s 15 secondes. Les lumi\u00e8res compl\u00e8tes se rallument lorsque le d\u00e9tecteur de mouvement est activ\u00e9.<\/li>\n<li>Mod\u00e8le 3 : Allumage permanent de toutes les lumi\u00e8res.<\/li>\n<li>Mod\u00e8le 4 : Off &#8211; Aucune lumi\u00e8re ne s&#8217;allume.<\/li>\n<\/ul>\n<p><\/li>\n<\/ul>\n<p><\/p>","protected":false},"excerpt":{"rendered":"<p>La lampe solaire est aliment\u00e9e par un panneau solaire, ce qui garantit un \u00e9clairage sans source d&#8217;\u00e9nergie suppl\u00e9mentaire.<\/p>\n<p>L&#8217;angle d&#8217;\u00e9clairage de 270 degr\u00e9s, combin\u00e9 \u00e0 la longue port\u00e9e du capteur de mouvement (3 \u00e0 5 m\u00e8tres), permet un fonctionnement pr\u00e9cis de l&#8217;appareil.<\/p>\n<p>D\u00e9tecteur de mouvement &#8211; la lampe ne s&#8217;allume que lorsqu&#8217;elle d\u00e9tecte un mouvement.<\/p>\n<p>Capteur de cr\u00e9puscule &#8211; la lampe ne s&#8217;allume que si la lumi\u00e8re est insuffisante.<\/p>\n","protected":false},"featured_media":871125308939,"template":"","meta":[],"product_brand":[],"product_cat":[86,108,107],"product_tag":[152,101,104],"class_list":{"0":"post-871125308936","1":"product","2":"type-product","3":"status-publish","4":"has-post-thumbnail","6":"product_cat-accessories","7":"product_cat-non-classe","8":"product_cat-uncategorized","9":"product_tag-electromenager","10":"product_tag-3pp","11":"product_tag-promo","12":"product_shipping_class-gls-only","14":"first","15":"instock","16":"sale","17":"featured","18":"taxable","19":"shipping-taxable","20":"purchasable","21":"product-type-simple"},"_links":{"self":[{"href":"https:\/\/inforad.net\/index.php?rest_route=\/wp\/v2\/product\/871125308936","targetHints":{"allow":["GET"]}}],"collection":[{"href":"https:\/\/inforad.net\/index.php?rest_route=\/wp\/v2\/product"}],"about":[{"href":"https:\/\/inforad.net\/index.php?rest_route=\/wp\/v2\/types\/product"}],"wp:featuredmedia":[{"embeddable":true,"href":"https:\/\/inforad.net\/index.php?rest_route=\/wp\/v2\/media\/871125308939"}],"wp:attachment":[{"href":"https:\/\/inforad.net\/index.php?rest_route=%2Fwp%2Fv2%2Fmedia&parent=871125308936"}],"wp:term":[{"taxonomy":"product_brand","embeddable":true,"href":"https:\/\/inforad.net\/index.php?rest_route=%2Fwp%2Fv2%2Fproduct_brand&post=871125308936"},{"taxonomy":"product_cat","embeddable":true,"href":"https:\/\/inforad.net\/index.php?rest_route=%2Fwp%2Fv2%2Fproduct_cat&post=871125308936"},{"taxonomy":"product_tag","embeddable":true,"href":"https:\/\/inforad.net\/index.php?rest_route=%2Fwp%2Fv2%2Fproduct_tag&post=871125308936"}],"curies":[{"name":"wp","href":"https:\/\/api.w.org\/{rel}","templated":true}]}}