{"id":871125309066,"date":"2023-03-22T11:29:16","date_gmt":"2023-03-22T10:29:16","guid":{"rendered":"https:\/\/inforad.net\/?post_type=product&#038;p=871125309066"},"modified":"2025-12-02T11:23:52","modified_gmt":"2025-12-02T10:23:52","slug":"housse-protectrice-pour-siege-arriere-danimal-de-compagnie","status":"publish","type":"product","link":"https:\/\/inforad.net\/?product=housse-protectrice-pour-siege-arriere-danimal-de-compagnie","title":{"rendered":"Housse protectrice pour si\u00e8ge arri\u00e8re d&#8217;animal de compagnie"},"content":{"rendered":"<p><strong>Description du produit<\/strong><\/p>\n<p>Vous recherchez une solution id\u00e9ale pour prot\u00e9ger de mani\u00e8re optimale votre voiture contre la salet\u00e9, les taches d&#8217;eau et les dommages ? Et vous voulez emmener votre chien avec vous dans la voiture en toute s\u00e9curit\u00e9 ? Alors cette couverture pour chien est vraiment indispensable. La couverture convient \u00e0 tous les types de voitures et peut \u00eatre utilis\u00e9e aussi bien sur le si\u00e8ge arri\u00e8re que dans le coffre.<\/p>\n<p><strong>Caract\u00e9ristiques<\/strong><\/p>\n<ul>\n<li>Qualit\u00e9 lourde (1400 grammes)<\/li>\n<li>Prot\u00e8ge votre voiture contre la salet\u00e9 et les dommages<\/li>\n<li>Facile \u00e0 monter et \u00e0 d\u00e9monter gr\u00e2ce aux boutons-pression<\/li>\n<li>Facile \u00e0 nettoyer avec un chiffon humide<\/li>\n<li>Avec 2 entr\u00e9es de ceinture<\/li>\n<li>Avec fond antid\u00e9rapant en caoutchouc PVC pour une meilleure adh\u00e9rence et un positionnement stable<\/li>\n<li>Convient \u00e0 tous les types de voitures<\/li>\n<\/ul>\n<p>La qualit\u00e9 robuste de cette couverture pour chien prot\u00e8ge votre voiture non seulement de la salet\u00e9 mais aussi des dommages. Gr\u00e2ce aux fermetures \u00e0 pression, vous pouvez facilement fixer la couverture aux appuis-t\u00eate des si\u00e8ges avant et des si\u00e8ges arri\u00e8re. Les loquets \u00e0 encliqueter, qui peuvent \u00eatre ins\u00e9r\u00e9s entre les dossiers, et le dessous antid\u00e9rapant maintiennent la couverture bien en place. Les c\u00f4t\u00e9s peuvent \u00eatre zipp\u00e9s pour que les accoudoirs restent propres et exempts de griffes de chien et pour que votre chien ne puisse pas sauter de la voiture. Vous pouvez essuyer la couverture avec un chiffon humide.<\/p>\n<p>Sp\u00e9cifications<br \/>\n&#8211; Mat\u00e9riau : polyester et nylon<br \/>\n&#8211; Couleur : noir<br \/>\n&#8211; Fermeture : fermeture \u00e0 clic et zips<br \/>\n&#8211; Dimensions : 144 x 144 cm<br \/>\n&#8211; Utilisable comme : housse de si\u00e8ge arri\u00e8re ou de coffre<\/p>","protected":false},"excerpt":{"rendered":"<ul>\n<li>Qualit\u00e9 lourde (1400 grammes)<\/li>\n<li>Prot\u00e8ge votre voiture contre la salet\u00e9 et les dommages<\/li>\n<li>Facile \u00e0 monter et \u00e0 d\u00e9monter gr\u00e2ce aux boutons-pression<\/li>\n<li>Facile \u00e0 nettoyer avec un chiffon humide<\/li>\n<li>Avec 2 entr\u00e9es de ceinture<\/li>\n<li>Avec fond antid\u00e9rapant en caoutchouc PVC pour une meilleure adh\u00e9rence et un positionnement stable<\/li>\n<li>Convient \u00e0 tous les types de voitures<\/li>\n<\/ul>\n<\/li>\n<\/ul>\n<ul>\n<li>Qualit\u00e9 lourde (1400 grammes)<\/li>\n<li>Prot\u00e8ge votre voiture contre la salet\u00e9 et les dommages<\/li>\n<li>Facile \u00e0 monter et \u00e0 d\u00e9monter gr\u00e2ce aux boutons-pression<\/li>\n<li>Facile \u00e0 nettoyer avec un chiffon humide<\/li>\n<li>Avec 2 entr\u00e9es de ceinture<\/li>\n<li>Avec fond antid\u00e9rapant en caoutchouc PVC pour une meilleure adh\u00e9rence et un positionnement stable<\/li>\n<li>Convient \u00e0 tous les types de voitures<\/li>\n<\/ul>\n<\/li>\n<\/ul>\n","protected":false},"featured_media":871125309070,"template":"","meta":[],"product_brand":[],"product_cat":[108],"product_tag":[156,101,104,158],"class_list":{"0":"post-871125309066","1":"product","2":"type-product","3":"status-publish","4":"has-post-thumbnail","6":"product_cat-non-classe","7":"product_tag-entretien-de-la-voiture-nettoyage","8":"product_tag-3pp","9":"product_tag-promo","10":"product_tag-voiture-nettoyage","11":"product_shipping_class-gls-only","13":"first","14":"instock","15":"sale","16":"taxable","17":"shipping-taxable","18":"purchasable","19":"product-type-simple"},"_links":{"self":[{"href":"https:\/\/inforad.net\/index.php?rest_route=\/wp\/v2\/product\/871125309066","targetHints":{"allow":["GET"]}}],"collection":[{"href":"https:\/\/inforad.net\/index.php?rest_route=\/wp\/v2\/product"}],"about":[{"href":"https:\/\/inforad.net\/index.php?rest_route=\/wp\/v2\/types\/product"}],"wp:featuredmedia":[{"embeddable":true,"href":"https:\/\/inforad.net\/index.php?rest_route=\/wp\/v2\/media\/871125309070"}],"wp:attachment":[{"href":"https:\/\/inforad.net\/index.php?rest_route=%2Fwp%2Fv2%2Fmedia&parent=871125309066"}],"wp:term":[{"taxonomy":"product_brand","embeddable":true,"href":"https:\/\/inforad.net\/index.php?rest_route=%2Fwp%2Fv2%2Fproduct_brand&post=871125309066"},{"taxonomy":"product_cat","embeddable":true,"href":"https:\/\/inforad.net\/index.php?rest_route=%2Fwp%2Fv2%2Fproduct_cat&post=871125309066"},{"taxonomy":"product_tag","embeddable":true,"href":"https:\/\/inforad.net\/index.php?rest_route=%2Fwp%2Fv2%2Fproduct_tag&post=871125309066"}],"curies":[{"name":"wp","href":"https:\/\/api.w.org\/{rel}","templated":true}]}}