{"id":871125309382,"date":"2023-07-12T14:27:59","date_gmt":"2023-07-12T12:27:59","guid":{"rendered":"https:\/\/inforad.net\/?post_type=product&#038;p=871125309382"},"modified":"2025-10-28T10:51:32","modified_gmt":"2025-10-28T09:51:32","slug":"inforad-smart-pour-la-france-et-leurope-neuf","status":"publish","type":"product","link":"https:\/\/inforad.net\/?product=inforad-smart-pour-la-france-et-leurope-neuf","title":{"rendered":"Inforad Smart pour la France et l&#8217;Europe"},"content":{"rendered":"<p>Le SMART est futuriste et int\u00e8gre des composants \u00e9lectroniques High Tech de derni\u00e8re g\u00e9n\u00e9ration :<\/p>\n<p>GPS SiRF AtlasV 64 canaux<br \/>\nutilisation du service EGNOS (European Geostationary Navigation Overlay Service)<br \/>\n\u00e9cran couleur haute r\u00e9solution de 3&#8221;<br \/>\nm\u00e9moire vive SDRAM DDR2 64 Mo pour acc\u00e9l\u00e9rer le traitement<br \/>\npuissante batterie Li-Ion de 1400 mAh (grande autonomie)<br \/>\nune cartographie HERE (anciennement Navteq) int\u00e9gr\u00e9e (elle ne s&#8217;affiche pas mais permet de reconna\u00eetre la route utilis\u00e9e pour supprimer les fausses alertes)<br \/>\nun processeur ARM11 \u00e0 600 Mhz, le syst\u00e8me d&#8217;exploitation int\u00e8gre une &#8220;machine \u00e0 \u00e9tats&#8221; temps r\u00e9el permettant une pr\u00e9cision et une rapidit\u00e9 de traitement in\u00e9gal\u00e9e<br \/>\nL&#8217;affichage s&#8217;inspire de la technologie a\u00e9ronautique qui facilite la perception et la m\u00e9morisation.<\/p>\n<p><strong>Une r\u00e9volution pour la fixation<\/strong><br \/>\nM\u00eame au niveau de la fixation du SMART Inforad innove en proposant un support r\u00e9volutionnaire \u00e0 ventouse autocollante pour une exceptionnelle tenue au tableau de bord ou au pare-brise.<\/p>\n<p><strong>Une t\u00e9l\u00e9commande pour la s\u00e9curit\u00e9<\/strong><br \/>\nContrairement aux autres produits du march\u00e9, INFORAD maximise la s\u00e9curit\u00e9 en dotant le SMART d&#8217;une t\u00e9l\u00e9commande au volant, aussi bien pour droitiers que pour gauchers.<br \/>\nUltime s\u00e9curit\u00e9: chaque bouton de la t\u00e9l\u00e9commande est identifiable au toucher, ce qui permet au conducteur de se consacrer pleinement \u00e0 la conduite du v\u00e9hicule en gardant les mains sur le volant et les yeux sur la route.<\/p>\n<p><strong>2.00\u20ac d&#8217;abonnement par mois<\/strong><\/p>\n<p>Les unit\u00e9s Inforad Smart n\u00e9cessitent des mises \u00e0 jour payantes via un abonnement de seulement 2 euros par mois, avec une souscription\u00a0 l&#8217;abonnement de 12 mois minimum.<\/p>\n<p><strong>La pr\u00e9cision des informations<\/strong><br \/>\nA l&#8217;avant-garde de la technologie, INFORAD a, d\u00e8s la conception, int\u00e9gr\u00e9 EGNOS permettant \u00e0 l&#8217;INFORAD SMART d&#8217;avoir une pr\u00e9cision GPS au m\u00e8tre pr\u00e8s. Gr\u00e2ce \u00e0 cette pr\u00e9cision, l&#8217;INFORAD SMART est le seul \u00e0 vous afficher en permanence les vitesses autoris\u00e9es tout au long de vos trajets avec le nom pr\u00e9cis des routes et des rues.<\/p>\n<p><strong>Garantie<\/strong> = 2 ans.<\/p>","protected":false},"excerpt":{"rendered":"<p><strong>Le SMART est futuriste et int\u00e8gre des composants \u00e9lectroniques High Tech de derni\u00e8re g\u00e9n\u00e9ration :<\/strong><\/p>\n<p>GPS SiRF AtlasV 64 canaux<br \/>\nutilisation du service EGNOS (European Geostationary Navigation Overlay Service)<br \/>\n\u00e9cran couleur haute r\u00e9solution de 3&#8221;<br \/>\nm\u00e9moire vive SDRAM DDR2 64 Mo pour acc\u00e9l\u00e9rer le traitement<br \/>\npuissante batterie Li-Ion de 1400 mAh (grande autonomie)<br \/>\nune cartographie HERE (anciennement Navteq) int\u00e9gr\u00e9e (elle ne s&#8217;affiche pas mais permet de reconna\u00eetre la route utilis\u00e9e pour supprimer les fausses alertes)<br \/>\nun processeur ARM11 \u00e0 600 Mhz, le syst\u00e8me d&#8217;exploitation int\u00e8gre une &#8220;machine \u00e0 \u00e9tats&#8221; temps r\u00e9el permettant une pr\u00e9cision et une rapidit\u00e9 de traitement in\u00e9gal\u00e9e.<\/p>\n<p><strong>Garantie<\/strong> = 2 ans.<\/p>\n","protected":false},"featured_media":18119,"template":"","meta":[],"product_brand":[],"product_cat":[86,84,132,108,107],"product_tag":[161,164,112,90,104],"class_list":{"0":"post-871125309382","1":"product","2":"type-product","3":"status-publish","4":"has-post-thumbnail","6":"product_cat-accessories","7":"product_cat-speedcam-locators","8":"product_cat-hot","9":"product_cat-non-classe","10":"product_cat-uncategorized","11":"product_tag-inforad-promo","12":"product_tag-inforadspeedcam","13":"product_tag-fr","14":"product_tag-inforad","15":"product_tag-promo","17":"first","18":"instock","19":"sale","20":"featured","21":"taxable","22":"shipping-taxable","23":"purchasable","24":"product-type-simple"},"_links":{"self":[{"href":"https:\/\/inforad.net\/index.php?rest_route=\/wp\/v2\/product\/871125309382","targetHints":{"allow":["GET"]}}],"collection":[{"href":"https:\/\/inforad.net\/index.php?rest_route=\/wp\/v2\/product"}],"about":[{"href":"https:\/\/inforad.net\/index.php?rest_route=\/wp\/v2\/types\/product"}],"wp:featuredmedia":[{"embeddable":true,"href":"https:\/\/inforad.net\/index.php?rest_route=\/wp\/v2\/media\/18119"}],"wp:attachment":[{"href":"https:\/\/inforad.net\/index.php?rest_route=%2Fwp%2Fv2%2Fmedia&parent=871125309382"}],"wp:term":[{"taxonomy":"product_brand","embeddable":true,"href":"https:\/\/inforad.net\/index.php?rest_route=%2Fwp%2Fv2%2Fproduct_brand&post=871125309382"},{"taxonomy":"product_cat","embeddable":true,"href":"https:\/\/inforad.net\/index.php?rest_route=%2Fwp%2Fv2%2Fproduct_cat&post=871125309382"},{"taxonomy":"product_tag","embeddable":true,"href":"https:\/\/inforad.net\/index.php?rest_route=%2Fwp%2Fv2%2Fproduct_tag&post=871125309382"}],"curies":[{"name":"wp","href":"https:\/\/api.w.org\/{rel}","templated":true}]}}