{"id":871125309529,"date":"2023-09-08T10:56:58","date_gmt":"2023-09-08T08:56:58","guid":{"rendered":"https:\/\/inforad.net\/?post_type=product&#038;p=871125309529"},"modified":"2025-02-19T13:08:34","modified_gmt":"2025-02-19T12:08:34","slug":"service-de-reparation-des-batteries-ci-smart-dinforad-direct","status":"publish","type":"product","link":"https:\/\/inforad.net\/?product=service-de-reparation-des-batteries-ci-smart-dinforad-direct","title":{"rendered":"Service de r\u00e9paration des batteries Ci &#038; Smart d&#8217;INFORAD DIRECT"},"content":{"rendered":"<p><strong>Service de r\u00e9paration de batteries Ci et Smart uniquement d&#8217;INFORAD DIRECT<\/strong><\/p>\n<p>INFORAD DIRECT offre maintenant un tout nouveau service de r\u00e9paration de batterie uniquement pour tous les clients Ci &amp; Smart<\/p>\n<p>1 : Apr\u00e8s avoir effectu\u00e9 l&#8217;achat<\/p>\n<p>2 : Imprimez une copie de la commande\/facture, placez l&#8217;unit\u00e9 uniquement \u00e0 l&#8217;int\u00e9rieur d&#8217;un colis emball\u00e9 et renvoyez-le nous \u00e0 l&#8217;adresse suivante<\/p>\n<p>Inforad Direct Ltd<br \/>\nUnit L6<br \/>\nSmithstown Industrial Estate<br \/>\nShannon<br \/>\nCounty Clare<br \/>\nV14 H582<br \/>\nIRELAND<\/p>\n<p>Une fois l&#8217;appareil re\u00e7u, il remplacera la batterie et vous sera renvoy\u00e9 par GLS ou UPS dans un d\u00e9lai de 7 jours ouvrables. (\u00e0 compter de la date \u00e0 laquelle l&#8217;appareil est renvoy\u00e9 \u00e0 INFORAD).<\/p>\n<p><strong>REMARQUE IMPORTANTE :<\/strong><\/p>\n<p><strong><span style=\"color: #ff0000;\">Le remplacement de la batterie n&#8217;inclut pas de garantie<\/span><\/strong><\/p>\n<p><span style=\"color: #ff0000;\">Si, apr\u00e8s le remplacement de la batterie, l&#8217;appareil ne fonctionne toujours pas, cela signifie que l&#8217;appareil pr\u00e9sente malheureusement un d\u00e9faut tr\u00e8s grave et que le remplacement de la batterie propos\u00e9 n&#8217;a pas permis d&#8217;y rem\u00e9dier et que l&#8217;appareil pr\u00e9sente un d\u00e9faut majeur. Nous vous rembourserons l&#8217;int\u00e9gralit\u00e9 de votre paiement de 49,90 euros.<\/span><\/p>\n<p><span style=\"color: #ff0000;\">Si vous vous trouvez dans cette situation, nous vous contacterons directement pour vous en informer. Si vous souhaitez que l&#8217;appareil hors d&#8217;usage vous soit renvoy\u00e9, vous mais alors aucun remboursement ne sera effectu\u00e9.<\/span><\/p>","protected":false},"excerpt":{"rendered":"<p>Service de r\u00e9paration de batteries Ci et Smart uniquement d&#8217;INFORAD DIRECT<\/p>\n<p>INFORAD DIRECT offre maintenant un tout nouveau service de r\u00e9paration de batterie uniquement pour tous les clients Ci &amp; Smart<\/p>\n<p>1 : Apr\u00e8s avoir effectu\u00e9 l&#8217;achat<\/p>\n<p>2 : Imprimez une copie de la commande\/facture, placez l&#8217;unit\u00e9 uniquement \u00e0 l&#8217;int\u00e9rieur d&#8217;un colis emball\u00e9 et renvoyez-le nous \u00e0 l&#8217;adresse suivante<\/p>\n<p>Inforad Direct Ltd<br \/>\nUnit L6<br \/>\nSmithstown Industrial Estate<br \/>\nShannon<br \/>\nCounty Clare<br \/>\nV14 H582<br \/>\nIRELAND<\/p>\n<p>Une fois l&#8217;appareil re\u00e7u, il remplacera la batterie et vous sera renvoy\u00e9 par GLS ou UPS dans un d\u00e9lai de 14 jours ouvrables. (\u00e0 compter de la date \u00e0 laquelle l&#8217;appareil est renvoy\u00e9 \u00e0 INFORAD).<\/p>\n<p><span style=\"color: #ff0000;\"><strong>REMARQUE IMPORTANTE :<\/strong><\/span><\/p>\n<p><span style=\"color: #ff0000;\"><strong>Le remplacement de la batterie n&#8217;inclut pas de garantie<\/strong><\/span><\/p>\n<p><span style=\"color: #ff0000;\">Si, apr\u00e8s le remplacement de la batterie, l&#8217;appareil ne fonctionne toujours pas, cela signifie que l&#8217;appareil pr\u00e9sente malheureusement un d\u00e9faut tr\u00e8s grave et que le remplacement de la batterie propos\u00e9 n&#8217;a pas permis d&#8217;y rem\u00e9dier et que l&#8217;appareil pr\u00e9sente un d\u00e9faut majeur. Nous vous rembourserons l&#8217;int\u00e9gralit\u00e9 de votre paiement de 19,90 euros.<\/span><\/p>\n<p><span style=\"color: #ff0000;\">Si vous vous trouvez dans cette situation, nous vous contacterons directement pour vous en informer. Si vous souhaitez que l&#8217;appareil hors d&#8217;usage vous soit renvoy\u00e9, vous mais alors aucun remboursement ne sera effectu\u00e9.<\/span><\/p>\n","protected":false},"featured_media":871125309531,"template":"","meta":[],"product_brand":[],"product_cat":[86,84,132,108,107],"product_tag":[161,164,112,90,104],"class_list":{"0":"post-871125309529","1":"product","2":"type-product","3":"status-publish","4":"has-post-thumbnail","6":"product_cat-accessories","7":"product_cat-speedcam-locators","8":"product_cat-hot","9":"product_cat-non-classe","10":"product_cat-uncategorized","11":"product_tag-inforad-promo","12":"product_tag-inforadspeedcam","13":"product_tag-fr","14":"product_tag-inforad","15":"product_tag-promo","17":"first","18":"instock","19":"taxable","20":"shipping-taxable","21":"purchasable","22":"product-type-simple"},"_links":{"self":[{"href":"https:\/\/inforad.net\/index.php?rest_route=\/wp\/v2\/product\/871125309529","targetHints":{"allow":["GET"]}}],"collection":[{"href":"https:\/\/inforad.net\/index.php?rest_route=\/wp\/v2\/product"}],"about":[{"href":"https:\/\/inforad.net\/index.php?rest_route=\/wp\/v2\/types\/product"}],"wp:featuredmedia":[{"embeddable":true,"href":"https:\/\/inforad.net\/index.php?rest_route=\/wp\/v2\/media\/871125309531"}],"wp:attachment":[{"href":"https:\/\/inforad.net\/index.php?rest_route=%2Fwp%2Fv2%2Fmedia&parent=871125309529"}],"wp:term":[{"taxonomy":"product_brand","embeddable":true,"href":"https:\/\/inforad.net\/index.php?rest_route=%2Fwp%2Fv2%2Fproduct_brand&post=871125309529"},{"taxonomy":"product_cat","embeddable":true,"href":"https:\/\/inforad.net\/index.php?rest_route=%2Fwp%2Fv2%2Fproduct_cat&post=871125309529"},{"taxonomy":"product_tag","embeddable":true,"href":"https:\/\/inforad.net\/index.php?rest_route=%2Fwp%2Fv2%2Fproduct_tag&post=871125309529"}],"curies":[{"name":"wp","href":"https:\/\/api.w.org\/{rel}","templated":true}]}}