{"id":871125309969,"date":"2024-01-30T21:45:06","date_gmt":"2024-01-30T20:45:06","guid":{"rendered":"https:\/\/inforad.net\/?post_type=product&#038;p=871125309969"},"modified":"2025-12-04T10:54:06","modified_gmt":"2025-12-04T09:54:06","slug":"support-de-telecommande-uniquement","status":"publish","type":"product","link":"https:\/\/inforad.net\/?product=support-de-telecommande-uniquement","title":{"rendered":"Support de t\u00e9l\u00e9commande uniquement"},"content":{"rendered":"<p>Support de t\u00e9l\u00e9commande uniquement<\/p>","protected":false},"excerpt":{"rendered":"<p>Support de t\u00e9l\u00e9commande uniquement Inforad Ci\/SMART<\/p>\n","protected":false},"featured_media":871125309970,"template":"","meta":[],"product_brand":[],"product_cat":[86,84,108,107],"product_tag":[161],"class_list":{"0":"post-871125309969","1":"product","2":"type-product","3":"status-publish","4":"has-post-thumbnail","6":"product_cat-accessories","7":"product_cat-speedcam-locators","8":"product_cat-non-classe","9":"product_cat-uncategorized","10":"product_tag-inforad-promo","11":"product_shipping_class-gls-only","13":"first","14":"instock","15":"taxable","16":"shipping-taxable","17":"purchasable","18":"product-type-simple"},"_links":{"self":[{"href":"https:\/\/inforad.net\/index.php?rest_route=\/wp\/v2\/product\/871125309969","targetHints":{"allow":["GET"]}}],"collection":[{"href":"https:\/\/inforad.net\/index.php?rest_route=\/wp\/v2\/product"}],"about":[{"href":"https:\/\/inforad.net\/index.php?rest_route=\/wp\/v2\/types\/product"}],"wp:featuredmedia":[{"embeddable":true,"href":"https:\/\/inforad.net\/index.php?rest_route=\/wp\/v2\/media\/871125309970"}],"wp:attachment":[{"href":"https:\/\/inforad.net\/index.php?rest_route=%2Fwp%2Fv2%2Fmedia&parent=871125309969"}],"wp:term":[{"taxonomy":"product_brand","embeddable":true,"href":"https:\/\/inforad.net\/index.php?rest_route=%2Fwp%2Fv2%2Fproduct_brand&post=871125309969"},{"taxonomy":"product_cat","embeddable":true,"href":"https:\/\/inforad.net\/index.php?rest_route=%2Fwp%2Fv2%2Fproduct_cat&post=871125309969"},{"taxonomy":"product_tag","embeddable":true,"href":"https:\/\/inforad.net\/index.php?rest_route=%2Fwp%2Fv2%2Fproduct_tag&post=871125309969"}],"curies":[{"name":"wp","href":"https:\/\/api.w.org\/{rel}","templated":true}]}}