{"id":871125310146,"date":"2024-04-21T02:54:45","date_gmt":"2024-04-21T00:54:45","guid":{"rendered":"https:\/\/inforad.net\/?post_type=product&#038;p=871125310146"},"modified":"2025-06-08T06:04:11","modified_gmt":"2025-06-08T04:04:11","slug":"tournevis-a-cliquet-benson-avec-jeu-dembouts-99x","status":"publish","type":"product","link":"https:\/\/inforad.net\/?product=tournevis-a-cliquet-benson-avec-jeu-dembouts-99x","title":{"rendered":"Tournevis \u00e0 cliquet BENSON avec jeu d&#8217;embouts 99x"},"content":{"rendered":"<p>Tournevis \u00e0 cliquet BENSON avec jeu d&#8217;embouts 99x<\/p>\n<p>Jeu d&#8217;embouts \/ jeu de douilles avec tournevis (99x pi\u00e8ces de tournevis)<\/p>\n<p>Tournevis avec sens de rotation r\u00e9versible<br \/>\n84 embouts chrom\u00e9s en acier \u00e0 outils de haute qualit\u00e9<br \/>\n11 capuchons chrom\u00e9s en acier \u00e0 outils de haute qualit\u00e9<\/p>\n<p>Contenu :<\/p>\n<p>2x Phillips PH1 carr\u00e9 int\u00e9rieur R1 \/ 2\/3\/4\u00c2<br \/>\nEmbout \u00e0 fente 2\/4\/5\/6\/7\/8mm et 3.2mm (1\/8 &#8220;&#8221;), 4mm (5\/32 &#8220;&#8221;) 4.8mm (3\/16 &#8220;&#8221;) 6.3mm (1\/4 &#8220;&#8221;) 7.1mm (9\/32 &#8220;&#8221;) 7.9mm (5\/16 &#8220;&#8221;), L = 25mm\u00c2<br \/>\nDouilles 6,3 mm (1\/4 &#8220;&#8221;&#8221;) 4\/5 \/ 5,5 \/ 6\/7\/8\/9\/10\/11\/12 \/ 13 mm\u00c2<br \/>\nChaque 2 Phillips PH et 2 Phillips PZ 0\/1\/2\/3, chaque 25mm L\u00c2<br \/>\nChaque 1,5 \/ 2 \/ 2,5 \/ 3\/4\/5 \/ 5,5 \/ 6 mm\u00c2<br \/>\nProfil en T T10 \/ 15\/20\/25\/27\/30\/40\/45 L = 25mm\u00c2<br \/>\nPorte-embout magn\u00e9tique 1\/4<br \/>\nadaptateur 6.3mm\u00c2<br \/>\n16x Phillips PH 2, L = 25mm\u00c2<br \/>\nEmbout de blocage 4\/5\/6 L = 50mm\u00c2<br \/>\nPhillips PH 1\/2\/3 L = 50mm\u00c2<br \/>\n16x embout \u00e0 fente 3\/16 &#8220;&#8221;L = 25mm\u00c2<\/p>\n<p><\/p>","protected":false},"excerpt":{"rendered":"<p>Jeu d&#8217;embouts \/ jeu de douilles avec tournevis (99x pi\u00e8ces de tournevis)<\/p>\n<p>Tournevis avec sens de rotation r\u00e9versible<br \/>\n84 embouts chrom\u00e9s en acier \u00e0 outils de haute qualit\u00e9<br \/>\n11 capuchons chrom\u00e9s en acier \u00e0 outils de haute qualit\u00e9<\/p>\n","protected":false},"featured_media":871125310153,"template":"","meta":[],"product_brand":[],"product_cat":[108],"product_tag":[156,101,104],"class_list":{"0":"post-871125310146","1":"product","2":"type-product","3":"status-publish","4":"has-post-thumbnail","6":"product_cat-non-classe","7":"product_tag-entretien-de-la-voiture-nettoyage","8":"product_tag-3pp","9":"product_tag-promo","10":"product_shipping_class-gls-only","12":"first","13":"instock","14":"sale","15":"taxable","16":"shipping-taxable","17":"purchasable","18":"product-type-simple"},"_links":{"self":[{"href":"https:\/\/inforad.net\/index.php?rest_route=\/wp\/v2\/product\/871125310146","targetHints":{"allow":["GET"]}}],"collection":[{"href":"https:\/\/inforad.net\/index.php?rest_route=\/wp\/v2\/product"}],"about":[{"href":"https:\/\/inforad.net\/index.php?rest_route=\/wp\/v2\/types\/product"}],"wp:featuredmedia":[{"embeddable":true,"href":"https:\/\/inforad.net\/index.php?rest_route=\/wp\/v2\/media\/871125310153"}],"wp:attachment":[{"href":"https:\/\/inforad.net\/index.php?rest_route=%2Fwp%2Fv2%2Fmedia&parent=871125310146"}],"wp:term":[{"taxonomy":"product_brand","embeddable":true,"href":"https:\/\/inforad.net\/index.php?rest_route=%2Fwp%2Fv2%2Fproduct_brand&post=871125310146"},{"taxonomy":"product_cat","embeddable":true,"href":"https:\/\/inforad.net\/index.php?rest_route=%2Fwp%2Fv2%2Fproduct_cat&post=871125310146"},{"taxonomy":"product_tag","embeddable":true,"href":"https:\/\/inforad.net\/index.php?rest_route=%2Fwp%2Fv2%2Fproduct_tag&post=871125310146"}],"curies":[{"name":"wp","href":"https:\/\/api.w.org\/{rel}","templated":true}]}}