{"id":871125310154,"date":"2024-04-21T03:00:39","date_gmt":"2024-04-21T01:00:39","guid":{"rendered":"https:\/\/inforad.net\/?post_type=product&#038;p=871125310154"},"modified":"2025-09-17T11:38:17","modified_gmt":"2025-09-17T09:38:17","slug":"benson-jeu-de-cles-mixtes-12-pieces","status":"publish","type":"product","link":"https:\/\/inforad.net\/?product=benson-jeu-de-cles-mixtes-12-pieces","title":{"rendered":"Benson &#8211; Jeu de cl\u00e9s mixtes 12 pi\u00e8ces"},"content":{"rendered":"<p>Acier tremp\u00e9 au chrome vanadium avec une finition polie de haute qualit\u00e9. Tailles incluses : 6 \u00e0 14 mm, 17 mm, 19 mm, 22 mm. Le compl\u00e9ment id\u00e9al de votre remise ou de votre bo\u00eete \u00e0 outils. L&#8217;\u00e9tui est en plastique souple, ce qui permet de le plier ou de l&#8217;enrouler facilement.<\/p>\n<p>Caract\u00e9ristiques :<\/p>\n<p>Finition : Enti\u00e8rement poli, chrom\u00e9<br \/>\nStyle : Combinaison d&#8217;une cl\u00e9 \u00e0 fourche et d&#8217;une cl\u00e9 \u00e0 anneau<br \/>\nSupport : Pochette en plastique souple.<\/p>\n<p>Contenu de la livraison :<\/p>\n<p>1 x 6 mm<br \/>\n1 x 7 mm<br \/>\n1 x 8 mm<br \/>\n1 x 9 mm<br \/>\n1 x 10 mm<br \/>\n1 x 11 mm<br \/>\n1 x 12 mm<br \/>\n1 x 13 mm<br \/>\n1 x 14 mm<br \/>\n1 x 17 mm<br \/>\n1 x 19 mm<br \/>\n1 x 22 mm<br \/>\n1x \u00e9tui souple<\/p>\n<p><\/p>","protected":false},"excerpt":{"rendered":"<p>Acier tremp\u00e9 au chrome vanadium avec une finition polie de haute qualit\u00e9. Tailles incluses : 6 \u00e0 14 mm, 17 mm, 19 mm, 22 mm. Le compl\u00e9ment id\u00e9al de votre remise ou de votre bo\u00eete \u00e0 outils. L&#8217;\u00e9tui est en plastique souple, ce qui permet de le plier ou de l&#8217;enrouler facilement.<\/p>\n","protected":false},"featured_media":871125310159,"template":"","meta":[],"product_brand":[],"product_cat":[108],"product_tag":[157,101,104,158],"class_list":{"0":"post-871125310154","1":"product","2":"type-product","3":"status-publish","4":"has-post-thumbnail","6":"product_cat-non-classe","7":"product_tag-accessoires-velo","8":"product_tag-3pp","9":"product_tag-promo","10":"product_tag-voiture-nettoyage","11":"product_shipping_class-gls-only","13":"first","14":"instock","15":"sale","16":"taxable","17":"shipping-taxable","18":"purchasable","19":"product-type-simple"},"_links":{"self":[{"href":"https:\/\/inforad.net\/index.php?rest_route=\/wp\/v2\/product\/871125310154","targetHints":{"allow":["GET"]}}],"collection":[{"href":"https:\/\/inforad.net\/index.php?rest_route=\/wp\/v2\/product"}],"about":[{"href":"https:\/\/inforad.net\/index.php?rest_route=\/wp\/v2\/types\/product"}],"wp:featuredmedia":[{"embeddable":true,"href":"https:\/\/inforad.net\/index.php?rest_route=\/wp\/v2\/media\/871125310159"}],"wp:attachment":[{"href":"https:\/\/inforad.net\/index.php?rest_route=%2Fwp%2Fv2%2Fmedia&parent=871125310154"}],"wp:term":[{"taxonomy":"product_brand","embeddable":true,"href":"https:\/\/inforad.net\/index.php?rest_route=%2Fwp%2Fv2%2Fproduct_brand&post=871125310154"},{"taxonomy":"product_cat","embeddable":true,"href":"https:\/\/inforad.net\/index.php?rest_route=%2Fwp%2Fv2%2Fproduct_cat&post=871125310154"},{"taxonomy":"product_tag","embeddable":true,"href":"https:\/\/inforad.net\/index.php?rest_route=%2Fwp%2Fv2%2Fproduct_tag&post=871125310154"}],"curies":[{"name":"wp","href":"https:\/\/api.w.org\/{rel}","templated":true}]}}