{"id":871125310166,"date":"2024-04-21T12:38:31","date_gmt":"2024-04-21T10:38:31","guid":{"rendered":"https:\/\/inforad.net\/?post_type=product&#038;p=871125310166"},"modified":"2025-10-15T14:07:14","modified_gmt":"2025-10-15T12:07:14","slug":"inforad-k1-lux-avertisseaur-de-dangers","status":"publish","type":"product","link":"https:\/\/inforad.net\/?product=inforad-k1-lux-avertisseaur-de-dangers","title":{"rendered":"Inforad K1 LUX Avertisseaur de Dangers"},"content":{"rendered":"<p>L&#8217;INFORAD K1 Lux de la c\u00e9l\u00e8bre marque &#8220;Linea Rossa by Inforad&#8221;.<\/p>\n<p>La technologie :<\/p>\n<p>Le nouveau K1 h\u00e9rite naturellement de tout le savoir faire technologique d&#8217;INFORAD<br \/>\nProcesseur GPS SiRFstarIII de derni\u00e8re g\u00e9n\u00e9ration<br \/>\nBatterie int\u00e9gr\u00e9e qui lui conf\u00e8re une autonomie jusqu&#8217;\u00e0 5 heures<br \/>\nPas d&#8217;installation n\u00e9cessaire et d\u00e9marrage tr\u00e8s rapide<br \/>\nAlarmes visuelles et sonores<br \/>\nPas de fil et une ind\u00e9pendance totale<\/p>\n<p>INFORAD K1 : la taille id\u00e9ale<br \/>\nLa petite taille de l&#8217;INFORAD K1 lui permet de se positionner facilement dans les zones non thermiques de tout pare-brise, le plus souvent sous le r\u00e9troviseur (clip fourni). Il en r\u00e9sulte une performance optimale lors de l&#8217;utilisation du v\u00e9hicule. A ce jour, le K1 est le seul d\u00e9tecteur de radars compatible avec tous les v\u00e9hicules.<\/p>\n<p>L&#8217;INFORAD K1 signale les radars.<\/p>\n<p>Ce petit appareil plac\u00e9 sur votre tableau de bord ou votre pare-brise vous permet d&#8217;\u00e9viter les contraventions pour exc\u00e8s de vitesse et les points sur votre permis de conduire, mais aussi d&#8217;accro\u00eetre votre s\u00e9curit\u00e9.<br \/>\nL&#8217;INFORAD K1 est s\u00fbr et efficace.<\/p>\n<p>Gr\u00e2ce au syst\u00e8me GPS, l&#8217;INFORAD K1 conna\u00eet en permanence la position de votre v\u00e9hicule et son processeur la compare avec les donn\u00e9es des radars contenues dans notre base de donn\u00e9es. D\u00e8s que vous entrez dans une zone de radars, le K1 vous avertit imm\u00e9diatement par des signaux lumineux et sonores simples et compr\u00e9hensibles.<\/p>\n<p>Les plus du K1 d&#8217;INFORAD<\/p>\n<p>Positionnement facile sur le pare-brise gr\u00e2ce au syst\u00e8me &#8220;Clip &amp; Go<br \/>\nCompatible avec tous les v\u00e9hicules<br \/>\nMises \u00e0 jour gratuites \u00e0 vie (PC Windows + connexion Internet)<br \/>\nAbonnement gratuit aux mises \u00e0 jour<br \/>\nUne garantie de 2 ans<br \/>\nINFORAD MANAGER (IFM) a \u00e9t\u00e9 sp\u00e9cialement con\u00e7u pour exploiter au mieux les capacit\u00e9s du K1. Il comprend une fonctionnalit\u00e9 unique pour ce type de produit : un espace d&#8217;apprentissage interactif pour aider les utilisateurs \u00e0 comprendre comment utiliser le K1.<\/p>","protected":false},"excerpt":{"rendered":"<p><strong>La puissance miniaturis\u00e9e et le son maitris\u00e9<\/strong><\/p>\n<ul>\n<li>mini taille (cl\u00e9 USB) mais maxi technologie (SiRFstarIII inside)<\/li>\n<li>mini prix mais maxi compatibilit\u00e9<\/li>\n<\/ul>\n<p>Pas plus grand qu&#8217;une clef USB (Longueur 75 mm &#8211; largeur 28 mm &#8211; Epaisseur 17 mm &#8211; Poids 30 g), le nouveau K3 int\u00e8gre pourtant la plus haute technologie GPS, notamment le fameux processeur GPS SiRFstarIII de derni\u00e8re g\u00e9n\u00e9ration, qu&#8217;une batterie, lui conf\u00e9rant une totale autonomie et une puissance digne des meilleurs GPS du march\u00e9 et surtout un bouton permettant de r\u00e9gler le volume \u00e0 sa convenance.<\/p>\n","protected":false},"featured_media":871125310167,"template":"","meta":[],"product_brand":[],"product_cat":[86,84,132,108,107],"product_tag":[161,164,90],"class_list":{"0":"post-871125310166","1":"product","2":"type-product","3":"status-publish","4":"has-post-thumbnail","6":"product_cat-accessories","7":"product_cat-speedcam-locators","8":"product_cat-hot","9":"product_cat-non-classe","10":"product_cat-uncategorized","11":"product_tag-inforad-promo","12":"product_tag-inforadspeedcam","13":"product_tag-inforad","14":"product_shipping_class-gls-only","16":"first","17":"outofstock","18":"sale","19":"featured","20":"taxable","21":"shipping-taxable","22":"purchasable","23":"product-type-simple"},"_links":{"self":[{"href":"https:\/\/inforad.net\/index.php?rest_route=\/wp\/v2\/product\/871125310166","targetHints":{"allow":["GET"]}}],"collection":[{"href":"https:\/\/inforad.net\/index.php?rest_route=\/wp\/v2\/product"}],"about":[{"href":"https:\/\/inforad.net\/index.php?rest_route=\/wp\/v2\/types\/product"}],"wp:featuredmedia":[{"embeddable":true,"href":"https:\/\/inforad.net\/index.php?rest_route=\/wp\/v2\/media\/871125310167"}],"wp:attachment":[{"href":"https:\/\/inforad.net\/index.php?rest_route=%2Fwp%2Fv2%2Fmedia&parent=871125310166"}],"wp:term":[{"taxonomy":"product_brand","embeddable":true,"href":"https:\/\/inforad.net\/index.php?rest_route=%2Fwp%2Fv2%2Fproduct_brand&post=871125310166"},{"taxonomy":"product_cat","embeddable":true,"href":"https:\/\/inforad.net\/index.php?rest_route=%2Fwp%2Fv2%2Fproduct_cat&post=871125310166"},{"taxonomy":"product_tag","embeddable":true,"href":"https:\/\/inforad.net\/index.php?rest_route=%2Fwp%2Fv2%2Fproduct_tag&post=871125310166"}],"curies":[{"name":"wp","href":"https:\/\/api.w.org\/{rel}","templated":true}]}}