{"id":871125310322,"date":"2024-07-01T13:18:17","date_gmt":"2024-07-01T11:18:17","guid":{"rendered":"https:\/\/inforad.net\/?post_type=product&#038;p=871125310322"},"modified":"2025-11-21T14:19:45","modified_gmt":"2025-11-21T13:19:45","slug":"32-en-1-mini-tournevis-de-precision-avec-embouts-magnetiques","status":"publish","type":"product","link":"https:\/\/inforad.net\/?product=32-en-1-mini-tournevis-de-precision-avec-embouts-magnetiques","title":{"rendered":"32 en 1 Mini-tournevis de pr\u00e9cision avec embouts magn\u00e9tiques"},"content":{"rendered":"<p>[fr:]<strong>32 en 1 Mini-tournevis de pr\u00e9cision avec embouts magn\u00e9tiques<\/strong><\/p>\n<ul>\n<li>100% neuf<\/li>\n<li>Poign\u00e9e antid\u00e9rapante, con\u00e7ue de mani\u00e8re ergonomique pour augmenter le couple de serrage.<\/li>\n<li>Duret\u00e9 \u00e9lev\u00e9e et bonne r\u00e9sistance.<\/li>\n<li>Id\u00e9al pour les montres d&#8217;ordinateur, les lunettes, les t\u00e9l\u00e9phones portables et autres produits \u00e9lectroniques.<\/li>\n<li>Mat\u00e9riau du manche du tournevis :ABS<\/li>\n<\/ul>\n<p><strong>Description du produit<\/strong><\/p>\n<p>Le paquet comprend :<br \/>\n1 X 30pcs Embout de tournevis<br \/>\nEmbout de tournevis Phillips : PH000 PH00 PH0 PH1 PH2<br \/>\nEmbout de tournevis \u00e0 fente : 1.5mm 2.0mm 2.5mm 3.0mm 4mm<br \/>\nEmbout de tournevis Torx : T4 T5 T6 T8 T9 T10<br \/>\nEmbout de tournevis hexagonal : H1.5 H2.0 H2.5 H3.0 H3.5 H4.0<br \/>\nEmbout de tournevis en forme de Y : Y2.0mm Y3.0mm<br \/>\nEmbout de tournevis triangulaire : 2.0mm 2.3mm<br \/>\nEmbout de tournevis \u00e0 pentalobe : 0,8 mm 1,2 mm 2,0 mm<br \/>\nEmbout de tournevis en forme de U : U2.3mm<br \/>\n1 x Barre d&#8217;extension<br \/>\n1 x manche de tournevis<\/p>\n<p><\/p>","protected":false},"excerpt":{"rendered":"<p>[fr:]32 en 1 Mini-tournevis de pr\u00e9cision avec embouts magn\u00e9tiques<\/p>\n<ul>\n<li>100% neuf<\/li>\n<li>Poign\u00e9e antid\u00e9rapante, con\u00e7ue de mani\u00e8re ergonomique pour augmenter le couple de serrage.<\/li>\n<li>Duret\u00e9 \u00e9lev\u00e9e et bonne r\u00e9sistance.<\/li>\n<li>Id\u00e9al pour les montres d&#8217;ordinateur, les lunettes, les t\u00e9l\u00e9phones portables et autres produits \u00e9lectroniques.<\/li>\n<li>Mat\u00e9riau du manche du tournevis :ABS<\/li>\n<\/ul>\n<p><a href=\"https:\/\/inforad.net\/wp-content\/uploads\/2024\/07\/32-in-1-Screwdriver-Set_Pic2.jpg\"><img decoding=\"async\" class=\"alignnone size-medium wp-image-871125310330\" src=\"https:\/\/inforad.net\/wp-content\/uploads\/2024\/07\/32-in-1-Screwdriver-Set_Pic2-286x300.jpg\" alt=\"\" width=\"286\" height=\"300\" srcset=\"https:\/\/inforad.net\/wp-content\/uploads\/2024\/07\/32-in-1-Screwdriver-Set_Pic2-57x60.jpg 57w, https:\/\/inforad.net\/wp-content\/uploads\/2024\/07\/32-in-1-Screwdriver-Set_Pic2-86x90.jpg 86w, https:\/\/inforad.net\/wp-content\/uploads\/2024\/07\/32-in-1-Screwdriver-Set_Pic2-200x210.jpg 200w, https:\/\/inforad.net\/wp-content\/uploads\/2024\/07\/32-in-1-Screwdriver-Set_Pic2-286x300.jpg 286w, https:\/\/inforad.net\/wp-content\/uploads\/2024\/07\/32-in-1-Screwdriver-Set_Pic2-400x420.jpg 400w, https:\/\/inforad.net\/wp-content\/uploads\/2024\/07\/32-in-1-Screwdriver-Set_Pic2-500x525.jpg 500w, https:\/\/inforad.net\/wp-content\/uploads\/2024\/07\/32-in-1-Screwdriver-Set_Pic2-600x630.jpg 600w, https:\/\/inforad.net\/wp-content\/uploads\/2024\/07\/32-in-1-Screwdriver-Set_Pic2-700x735.jpg 700w, https:\/\/inforad.net\/wp-content\/uploads\/2024\/07\/32-in-1-Screwdriver-Set_Pic2-768x807.jpg 768w, https:\/\/inforad.net\/wp-content\/uploads\/2024\/07\/32-in-1-Screwdriver-Set_Pic2.jpg 793w\" sizes=\"(max-width: 286px) 100vw, 286px\" \/><\/a><\/p>\n","protected":false},"featured_media":871125310323,"template":"","meta":[],"product_brand":[],"product_cat":[108],"product_tag":[157,152,156,101,104],"class_list":{"0":"post-871125310322","1":"product","2":"type-product","3":"status-publish","4":"has-post-thumbnail","6":"product_cat-non-classe","7":"product_tag-accessoires-velo","8":"product_tag-electromenager","9":"product_tag-entretien-de-la-voiture-nettoyage","10":"product_tag-3pp","11":"product_tag-promo","12":"product_shipping_class-gls-only","14":"first","15":"instock","16":"sale","17":"taxable","18":"shipping-taxable","19":"purchasable","20":"product-type-simple"},"_links":{"self":[{"href":"https:\/\/inforad.net\/index.php?rest_route=\/wp\/v2\/product\/871125310322","targetHints":{"allow":["GET"]}}],"collection":[{"href":"https:\/\/inforad.net\/index.php?rest_route=\/wp\/v2\/product"}],"about":[{"href":"https:\/\/inforad.net\/index.php?rest_route=\/wp\/v2\/types\/product"}],"wp:featuredmedia":[{"embeddable":true,"href":"https:\/\/inforad.net\/index.php?rest_route=\/wp\/v2\/media\/871125310323"}],"wp:attachment":[{"href":"https:\/\/inforad.net\/index.php?rest_route=%2Fwp%2Fv2%2Fmedia&parent=871125310322"}],"wp:term":[{"taxonomy":"product_brand","embeddable":true,"href":"https:\/\/inforad.net\/index.php?rest_route=%2Fwp%2Fv2%2Fproduct_brand&post=871125310322"},{"taxonomy":"product_cat","embeddable":true,"href":"https:\/\/inforad.net\/index.php?rest_route=%2Fwp%2Fv2%2Fproduct_cat&post=871125310322"},{"taxonomy":"product_tag","embeddable":true,"href":"https:\/\/inforad.net\/index.php?rest_route=%2Fwp%2Fv2%2Fproduct_tag&post=871125310322"}],"curies":[{"name":"wp","href":"https:\/\/api.w.org\/{rel}","templated":true}]}}