{"id":871125310418,"date":"2024-07-27T13:20:26","date_gmt":"2024-07-27T11:20:26","guid":{"rendered":"https:\/\/inforad.net\/?post_type=product&#038;p=871125310418"},"modified":"2024-09-24T13:18:25","modified_gmt":"2024-09-24T11:18:25","slug":"nettoyant-pour-vitres-lingettes-humides-citron-20-paquets-pour-dunlop","status":"publish","type":"product","link":"https:\/\/inforad.net\/?product=nettoyant-pour-vitres-lingettes-humides-citron-20-paquets-pour-dunlop","title":{"rendered":"Nettoyant pour vitres &#8211; lingettes humides &#8211; (citron) 20 paquets pour DUNLOP"},"content":{"rendered":"<p>Nettoyant pour vitres &#8211; lingettes humides &#8211; (citron)<\/p>\n<p>Enl\u00e8ve la salet\u00e9, la fum\u00e9e et les r\u00e9sidus de nicotine rapidement et facilement<br \/>\npour des vitres cristallines et un parfum frais <\/p>\n<p>20 pi\u00e8ces\/paquet<\/p>","protected":false},"excerpt":{"rendered":"<p>Nettoyant pour vitres &#8211; lingettes humides &#8211; (citron)<\/p>\n<p>Enl\u00e8ve la salet\u00e9, la fum\u00e9e et les r\u00e9sidus de nicotine rapidement et facilement<br \/>\npour des vitres cristallines et un parfum frais <\/p>\n<p>20 pi\u00e8ces\/paquet<\/p>\n","protected":false},"featured_media":871125310415,"template":"","meta":[],"product_brand":[],"product_cat":[108],"product_tag":[156,110,104],"class_list":{"0":"post-871125310418","1":"product","2":"type-product","3":"status-publish","4":"has-post-thumbnail","6":"product_cat-non-classe","7":"product_tag-entretien-de-la-voiture-nettoyage","8":"product_tag-dunlop","9":"product_tag-promo","10":"product_shipping_class-gls-only","12":"first","13":"instock","14":"sale","15":"taxable","16":"shipping-taxable","17":"purchasable","18":"product-type-simple"},"_links":{"self":[{"href":"https:\/\/inforad.net\/index.php?rest_route=\/wp\/v2\/product\/871125310418","targetHints":{"allow":["GET"]}}],"collection":[{"href":"https:\/\/inforad.net\/index.php?rest_route=\/wp\/v2\/product"}],"about":[{"href":"https:\/\/inforad.net\/index.php?rest_route=\/wp\/v2\/types\/product"}],"wp:featuredmedia":[{"embeddable":true,"href":"https:\/\/inforad.net\/index.php?rest_route=\/wp\/v2\/media\/871125310415"}],"wp:attachment":[{"href":"https:\/\/inforad.net\/index.php?rest_route=%2Fwp%2Fv2%2Fmedia&parent=871125310418"}],"wp:term":[{"taxonomy":"product_brand","embeddable":true,"href":"https:\/\/inforad.net\/index.php?rest_route=%2Fwp%2Fv2%2Fproduct_brand&post=871125310418"},{"taxonomy":"product_cat","embeddable":true,"href":"https:\/\/inforad.net\/index.php?rest_route=%2Fwp%2Fv2%2Fproduct_cat&post=871125310418"},{"taxonomy":"product_tag","embeddable":true,"href":"https:\/\/inforad.net\/index.php?rest_route=%2Fwp%2Fv2%2Fproduct_tag&post=871125310418"}],"curies":[{"name":"wp","href":"https:\/\/api.w.org\/{rel}","templated":true}]}}