{"id":871125310632,"date":"2024-11-19T14:44:01","date_gmt":"2024-11-19T13:44:01","guid":{"rendered":"https:\/\/inforad.net\/?post_type=product&#038;p=871125310632"},"modified":"2026-04-05T12:17:50","modified_gmt":"2026-04-05T10:17:50","slug":"detecteur-de-monoxyde-de-carbone-avec-indicateur-led-et-bouton-silence","status":"publish","type":"product","link":"https:\/\/inforad.net\/?product=detecteur-de-monoxyde-de-carbone-avec-indicateur-led-et-bouton-silence","title":{"rendered":"D\u00e9tecteur de monoxyde de carbone avec indicateur LED et bouton Silence"},"content":{"rendered":"<p><strong>A propos de cet article<\/strong><\/p>\n<p>Ce d\u00e9tecteur de monoxyde de carbone est dot\u00e9 d&#8217;un capteur de CO \u00e9lectrochimique qui offre une grande coh\u00e9rence et une grande fiabilit\u00e9 pour une double d\u00e9tection et une double protection. Il n&#8217;est pas recommand\u00e9 de l&#8217;installer dans les coins, les armoires et autres endroits o\u00f9 il n&#8217;y a pas de circulation d&#8217;air, et il est interdit de le placer dans des endroits o\u00f9 il y a de la fum\u00e9e huileuse.<\/p>\n<p>-Son d&#8217;alarme ultra aigu &#8211; Lorsque l&#8217;appareil est d\u00e9clench\u00e9, sa sir\u00e8ne d\u00e9passe 85 dB \u00e0 3 m pour r\u00e9veiller m\u00eame les dormeurs les plus profonds.<\/p>\n<p>-Performance sup\u00e9rieure de l&#8217;alarme &#8211; Le d\u00e9tecteur \u00e9lectrochimique d&#8217;alarme CO de haute pr\u00e9cision et de longue dur\u00e9e de vie est conforme \u00e0 la norme EN 50291. Une puissante alarme de 85 dB retentit dans toute la maison, m\u00eame les personnes \u00e2g\u00e9es endormies peuvent l&#8217;entendre clairement. Il est recommand\u00e9 d&#8217;installer le d\u00e9tecteur \u00e0 chaque \u00e9tage d&#8217;un b\u00e2timent \u00e0 plusieurs \u00e9tages pour s&#8217;assurer que l&#8217;alarme peut \u00eatre entendue \u00e0 chaque endroit. L&#8217;heure de l&#8217;alarme d\u00e9pend du niveau de concentration de monoxyde de carbone.<\/p>\n<p>Lecture pr\u00e9cise du CO &#8211; Affichage de la concentration de CO en PPM\uff0cun \u00e9cran LCD num\u00e9rique r\u00e9tro\u00e9clair\u00e9 fournit un affichage clair de nuit comme de jour, il est recommand\u00e9 de v\u00e9rifier que le d\u00e9tecteur est normal tous les mois.<\/p>\n<p>INSTALLATION FACILE &#8211; Tout le mat\u00e9riel de montage est inclus pour une installation rapide et simple en quelques minutes, y compris 2 vis, 2 chevilles et un manuel (NOTE : la pile AA n&#8217;est pas incluse).<\/p>","protected":false},"excerpt":{"rendered":"<p><strong>Alarme de monoxyde de carbone<\/strong><\/p>\n<p>Le monoxyde de carbone est un gaz tr\u00e8s toxique qui n&#8217;a ni go\u00fbt, ni couleur, ni odeur et qui est donc tr\u00e8s difficile \u00e0 d\u00e9tecter par les sens humains. Les d\u00e9tecteurs de monoxyde de carbone peuvent d\u00e9tecter dans l&#8217;air du CO que vous ne pouvez ni voir, ni sentir, ni go\u00fbter.<\/p>\n<p><strong>Pourquoi nous choisir ?<\/strong><br \/>\nCe d\u00e9tecteur de monoxyde de carbone est \u00e9quip\u00e9 de capteurs \u00e9lectrochimiques avanc\u00e9s, capables de d\u00e9tecter rapidement la concentration de monoxyde de carbone.<br \/>\nLa touche test\/mute permet de v\u00e9rifier si l&#8217;alarme CO est normale \u00e0 l&#8217;aide d&#8217;une seule touche.<br \/>\nLa double alarme sonore et lumineuse permet au d\u00e9tecteur de monoxyde de carbone de mieux assurer votre s\u00e9curit\u00e9 et celle de votre famille.<br \/>\nL&#8217;affichage num\u00e9rique \u00e0 LED haute d\u00e9finition, ce d\u00e9tecteur de monoxyde de carbone pour CO peut afficher la valeur de la concentration en temps r\u00e9el.<br \/>\nL&#8217;alarme du d\u00e9tecteur de monoxyde de carbone aliment\u00e9 par pile est dot\u00e9e d&#8217;une alerte de faible puissance pour vous rappeler de changer la pile.<br \/>\nCe d\u00e9tecteur de monoxyde de carbone ne n\u00e9cessite aucun c\u00e2blage et peut donc \u00eatre facilement install\u00e9.<br \/>\nIl s&#8217;agit d&#8217;un dispositif d&#8217;alarme de monoxyde de carbone id\u00e9al pour la maison, la cuisine, la chambre \u00e0 coucher, la salle de bain, la voiture, les voyages, etc.<\/p>\n<p><strong>Le paquet comprend:<\/strong><br \/>\n1 \u00d7 D\u00e9tecteur de monoxyde de carbone<br \/>\n1 \u00d7 Jeu de vis de montage<br \/>\n1 \u00d7 Manuel de l&#8217;utilisateur<\/p>\n","protected":false},"featured_media":871125310351,"template":"","meta":[],"product_brand":[],"product_cat":[108],"product_tag":[153,101,104],"class_list":{"0":"post-871125310632","1":"product","2":"type-product","3":"status-publish","4":"has-post-thumbnail","6":"product_cat-non-classe","7":"product_tag-detecteurs-de-fumee-carbone","8":"product_tag-3pp","9":"product_tag-promo","10":"product_shipping_class-gls-only","12":"first","13":"instock","14":"sale","15":"featured","16":"taxable","17":"shipping-taxable","18":"purchasable","19":"product-type-simple"},"_links":{"self":[{"href":"https:\/\/inforad.net\/index.php?rest_route=\/wp\/v2\/product\/871125310632","targetHints":{"allow":["GET"]}}],"collection":[{"href":"https:\/\/inforad.net\/index.php?rest_route=\/wp\/v2\/product"}],"about":[{"href":"https:\/\/inforad.net\/index.php?rest_route=\/wp\/v2\/types\/product"}],"wp:featuredmedia":[{"embeddable":true,"href":"https:\/\/inforad.net\/index.php?rest_route=\/wp\/v2\/media\/871125310351"}],"wp:attachment":[{"href":"https:\/\/inforad.net\/index.php?rest_route=%2Fwp%2Fv2%2Fmedia&parent=871125310632"}],"wp:term":[{"taxonomy":"product_brand","embeddable":true,"href":"https:\/\/inforad.net\/index.php?rest_route=%2Fwp%2Fv2%2Fproduct_brand&post=871125310632"},{"taxonomy":"product_cat","embeddable":true,"href":"https:\/\/inforad.net\/index.php?rest_route=%2Fwp%2Fv2%2Fproduct_cat&post=871125310632"},{"taxonomy":"product_tag","embeddable":true,"href":"https:\/\/inforad.net\/index.php?rest_route=%2Fwp%2Fv2%2Fproduct_tag&post=871125310632"}],"curies":[{"name":"wp","href":"https:\/\/api.w.org\/{rel}","templated":true}]}}