{"id":871125310655,"date":"2024-11-25T09:29:16","date_gmt":"2024-11-25T08:29:16","guid":{"rendered":"https:\/\/inforad.net\/?post_type=product&#038;p=871125310655"},"modified":"2026-04-07T18:05:11","modified_gmt":"2026-04-07T16:05:11","slug":"support-universel-pour-telephone-de-voiture-avec-bras-extensible","status":"publish","type":"product","link":"https:\/\/inforad.net\/?product=support-universel-pour-telephone-de-voiture-avec-bras-extensible","title":{"rendered":"Support universel pour t\u00e9l\u00e9phone de voiture, avec bras extensible"},"content":{"rendered":"<p><strong>Support universel pour t\u00e9l\u00e9phone de voiture, avec bras extensible <\/strong><\/p>\n<p>Id\u00e9al pour le montage sur le pare-brise ou le tableau de bord <\/p>\n<p>Lorsque le t\u00e9l\u00e9phone est appuy\u00e9 sur le support, celui-ci se resserre automatiquement sur le t\u00e9l\u00e9phone. Il est dot\u00e9 d&#8217;un syst\u00e8me moderne qui permet de r\u00e9gler l&#8217;angle d&#8217;inclinaison et d&#8217;allonger le bras. Il offre ainsi une libert\u00e9 et un confort d&#8217;utilisation complets. Am\u00e9liore la s\u00e9curit\u00e9 au volant car il n&#8217;est pas n\u00e9cessaire de d\u00e9crocher le t\u00e9l\u00e9phone, mat\u00e9riau plastique ABS durable, convient \u00e0 une large gamme de smartphones.<\/p>\n<p><strong>Caract\u00e9ristiques techniques:<\/strong><\/p>\n<p>Fabriqu\u00e9 avec des mat\u00e9riaux de haute qualit\u00e9<br \/>\nConvient \u00e0 la plupart des t\u00e9l\u00e9phones portables et des smartphones<br \/>\nConvient aux GPS et autres appareils mobiles<br \/>\nPeut \u00eatre mont\u00e9 sur le pare-brise ou le tableau de bord de la voiture<br \/>\nM\u00e2choires solides pour la s\u00e9curit\u00e9 du t\u00e9l\u00e9phone<br \/>\nInstallation tr\u00e8s rapide et facile<br \/>\nBras r\u00e9glable<br \/>\nLargeur des t\u00e9l\u00e9phones : de 6 cm \u00e0 9,5 cm<br \/>\nLongueur du bras : de 18cm \u00e0 21.5cm<br \/>\nDiam\u00e8tre de la ventouse : 6,5 cm<br \/>\nCouleur : noir<\/p>\n<p><strong>L&#8217;ensemble comprend:<\/strong><\/p>\n<p>Support de voiture neuf d&#8217;usine<br \/>\nEmballage d&#8217;origine<\/p>","protected":false},"excerpt":{"rendered":"<p><strong>Support universel pour t\u00e9l\u00e9phone de voiture, avec bras extensible <\/strong><\/p>\n<p>Id\u00e9al pour le montage sur le pare-brise ou le tableau de bord <\/p>\n<p>Lorsque le t\u00e9l\u00e9phone est appuy\u00e9 sur le support, celui-ci se resserre automatiquement sur le t\u00e9l\u00e9phone. Il est dot\u00e9 d&#8217;un syst\u00e8me moderne qui permet de r\u00e9gler l&#8217;angle d&#8217;inclinaison et d&#8217;allonger le bras. Il offre ainsi une libert\u00e9 et un confort d&#8217;utilisation complets. Am\u00e9liore la s\u00e9curit\u00e9 au volant car il n&#8217;est pas n\u00e9cessaire de d\u00e9crocher le t\u00e9l\u00e9phone, mat\u00e9riau plastique ABS durable, convient \u00e0 une large gamme de smartphones<\/p>\n","protected":false},"featured_media":871125310657,"template":"","meta":[],"product_brand":[],"product_cat":[132],"product_tag":[157,156,101,104],"class_list":{"0":"post-871125310655","1":"product","2":"type-product","3":"status-publish","4":"has-post-thumbnail","6":"product_cat-hot","7":"product_tag-accessoires-velo","8":"product_tag-entretien-de-la-voiture-nettoyage","9":"product_tag-3pp","10":"product_tag-promo","11":"product_shipping_class-gls-only","13":"first","14":"instock","15":"sale","16":"taxable","17":"shipping-taxable","18":"purchasable","19":"product-type-simple"},"_links":{"self":[{"href":"https:\/\/inforad.net\/index.php?rest_route=\/wp\/v2\/product\/871125310655","targetHints":{"allow":["GET"]}}],"collection":[{"href":"https:\/\/inforad.net\/index.php?rest_route=\/wp\/v2\/product"}],"about":[{"href":"https:\/\/inforad.net\/index.php?rest_route=\/wp\/v2\/types\/product"}],"wp:featuredmedia":[{"embeddable":true,"href":"https:\/\/inforad.net\/index.php?rest_route=\/wp\/v2\/media\/871125310657"}],"wp:attachment":[{"href":"https:\/\/inforad.net\/index.php?rest_route=%2Fwp%2Fv2%2Fmedia&parent=871125310655"}],"wp:term":[{"taxonomy":"product_brand","embeddable":true,"href":"https:\/\/inforad.net\/index.php?rest_route=%2Fwp%2Fv2%2Fproduct_brand&post=871125310655"},{"taxonomy":"product_cat","embeddable":true,"href":"https:\/\/inforad.net\/index.php?rest_route=%2Fwp%2Fv2%2Fproduct_cat&post=871125310655"},{"taxonomy":"product_tag","embeddable":true,"href":"https:\/\/inforad.net\/index.php?rest_route=%2Fwp%2Fv2%2Fproduct_tag&post=871125310655"}],"curies":[{"name":"wp","href":"https:\/\/api.w.org\/{rel}","templated":true}]}}