{"id":871125310803,"date":"2025-01-25T11:12:01","date_gmt":"2025-01-25T10:12:01","guid":{"rendered":"https:\/\/inforad.net\/?post_type=product&#038;p=871125310803"},"modified":"2026-04-12T15:57:27","modified_gmt":"2026-04-12T13:57:27","slug":"camera-hd-dash-cam-pour-voitures-avec-vision-nocturne-ir-enregistrement-en-boucle-ecran-ips-61-cm-full-hd-1080p-avec-vue-grand-angle-140-carte-32gb-incluse","status":"publish","type":"product","link":"https:\/\/inforad.net\/?product=camera-hd-dash-cam-pour-voitures-avec-vision-nocturne-ir-enregistrement-en-boucle-ecran-ips-61-cm-full-hd-1080p-avec-vue-grand-angle-140-carte-32gb-incluse","title":{"rendered":"Cam\u00e9ra HD Dash Cam pour voitures avec vision nocturne IR, enregistrement en boucle &#8211; Ecran IPS 6,1 cm, Full HD 1080P, avec vue grand angle 140- (Carte 32GO incluse) + Gratuit Inforad V4"},"content":{"rendered":"<p><strong>Enregistreur DVR de voiture Full HD 1080P Wide View 140 (Carte 32GO incluse) + Gratuit Inforad V4<\/strong><\/p>\n<p>Cet enregistreur DVR Full HD 1080P Wide View 140 est sur le point de devenir votre nouveau meilleur ami en voiture. Avec des images haute d\u00e9finition et des vues grand angle pendant que vous conduisez sur le boulevard ou que vous \u00eates coinc\u00e9 dans un embouteillage. Avec son design \u00e9l\u00e9gant et sa commande par bouton-poussoir.<br \/>\nCet enregistreur num\u00e9rique automatique est dot\u00e9 d&#8217;un angle de vision de 140 degr\u00e9s qui permet de capturer tout ce qui se passe devant vous et m\u00eame les mouvements lat\u00e9raux les plus furtifs. Con\u00e7u pour s&#8217;adapter \u00e0 tous les trajets, c&#8217;est comme si vous vous connectiez \u00e0 un nouveau monde de clart\u00e9 chaque fois que vous appuyez sur le bouton d&#8217;alimentation. Et gr\u00e2ce \u00e0 son \u00e9l\u00e9gante monture \u00e0 ventouse, il n&#8217;ira nulle part. Rechargez la puissante batterie lithium-polym\u00e8re pendant que vous conduisez toute la journ\u00e9e.<\/p>\n<p><strong>Des caract\u00e9ristiques impressionnantes et des avantages \u00e9clair\u00e9s.<\/strong><\/p>\n<p>[\ud83d\ude97 Ajustement universel] &#8211; Le support \u00e0 ventouse, simple, installation directe, signifie qu&#8217;aucun expert en technologie n&#8217;est n\u00e9cessaire.<br \/>\n[\ud83d\udd0b Batterie] : Alimentation rechargeable au lithium-polym\u00e8re qui vous permettra de surveiller la route toute la journ\u00e9e. Il suffit de la brancher et de continuer \u00e0 avancer.<br \/>\n[\ud83c\udfa5 Vid\u00e9o de qualit\u00e9 claire] : Full HD 1080P avec une fluidit\u00e9 de 30 FPS.<br \/>\n[Ultra grand angle] &#8211; Avec un angle de vision de 140 degr\u00e9s, cet enregistreur enregistre tout.<br \/>\n[\ud83d\uddb1 Contr\u00f4le facile] &#8211; Navigation simple avec des boutons faciles \u00e0 utiliser, il suffit d&#8217;appuyer et de jouer.<\/p>\n<p><strong>D\u00e9tails des sp\u00e9cifications<\/strong><br \/>\nPosition de conduite universelle<br \/>\nM\u00e9thode de commande par bouton-poussoir<br \/>\nType Pi\u00e8ces d\u00e9tach\u00e9es automobiles<br \/>\nOrientation C\u00f4t\u00e9 passager<br \/>\nAppareil portable compatible<br \/>\nType de montage Support \u00e0 ventouse<br \/>\nR\u00e9solution de la capture vid\u00e9o 480p<br \/>\nFr\u00e9quence d&#8217;images 30 fps<br \/>\nPropri\u00e9t\u00e9s de la batterie Batterie rechargeable<br \/>\nBatterie Lithium-Polym\u00e8re<br \/>\nMode d&#8217;alimentation Prise de courant pour voiture<br \/>\nTension de fonctionnement \u2264 36V<br \/>\nCapacit\u00e9 de la batterie (mAh) 150<\/p>","protected":false},"excerpt":{"rendered":"<p><strong>Enregistreur DVR de voiture Full HD 1080P Wide View 140 (Carte 32GO incluse) + Gratuit Inforad V4<\/strong><\/p>\n<p>Cet enregistreur DVR Full HD 1080P Wide View 140 est sur le point de devenir votre nouveau meilleur ami en voiture. Avec des images haute d\u00e9finition et des vues grand angle pendant que vous conduisez sur le boulevard ou que vous \u00eates coinc\u00e9 dans un embouteillage. Avec son design \u00e9l\u00e9gant et sa commande par bouton-poussoir.<\/p>\n<p>Cet enregistreur num\u00e9rique automatique est dot\u00e9 d&#8217;un angle de vision de 140 degr\u00e9s qui permet de capturer tout ce qui se passe devant vous et m\u00eame les mouvements lat\u00e9raux les plus furtifs. Con\u00e7u pour s&#8217;adapter \u00e0 tous les trajets, c&#8217;est comme si vous vous connectiez \u00e0 un nouveau monde de clart\u00e9 chaque fois que vous appuyez sur le bouton d&#8217;alimentation. Et gr\u00e2ce \u00e0 son \u00e9l\u00e9gante monture \u00e0 ventouse, il n&#8217;ira nulle part. Rechargez la puissante batterie lithium-polym\u00e8re pendant que vous conduisez toute la journ\u00e9e.<br \/>\n<strong><br \/>\nDes caract\u00e9ristiques impressionnantes et des avantages \u00e9clair\u00e9s.<\/strong><br \/>\n[\ud83d\ude97 Universal Fit] &#8211; Le support \u00e0 ventouse, simple, installation directe, signifie qu&#8217;aucun expert en technologie n&#8217;est n\u00e9cessaire.<br \/>\n[\ud83d\udd0b Batterie] : Alimentation rechargeable au lithium-polym\u00e8re qui vous permettra de surveiller la route toute la journ\u00e9e. Il suffit de la brancher et de continuer \u00e0 avancer.<br \/>\n[\ud83c\udfa5 Vid\u00e9o de qualit\u00e9 claire] : Full HD 1080P avec une fluidit\u00e9 de 30 FPS.<br \/>\n[Ultra grand angle] &#8211; Avec un angle de vision de 140 degr\u00e9s, cet enregistreur enregistre tout.<br \/>\n[\ud83d\uddb1 Contr\u00f4le facile] &#8211; Navigation simple avec des boutons faciles \u00e0 utiliser, il suffit d&#8217;appuyer et de jouer.<\/p>\n","protected":false},"featured_media":871125310951,"template":"","meta":[],"product_brand":[],"product_cat":[84,132,108],"product_tag":[159,90,104],"class_list":{"0":"post-871125310803","1":"product","2":"type-product","3":"status-publish","4":"has-post-thumbnail","6":"product_cat-speedcam-locators","7":"product_cat-hot","8":"product_cat-non-classe","9":"product_tag-speedcam-promo","10":"product_tag-inforad","11":"product_tag-promo","12":"product_shipping_class-gls-only","14":"first","15":"outofstock","16":"sale","17":"taxable","18":"shipping-taxable","19":"purchasable","20":"product-type-simple"},"_links":{"self":[{"href":"https:\/\/inforad.net\/index.php?rest_route=\/wp\/v2\/product\/871125310803","targetHints":{"allow":["GET"]}}],"collection":[{"href":"https:\/\/inforad.net\/index.php?rest_route=\/wp\/v2\/product"}],"about":[{"href":"https:\/\/inforad.net\/index.php?rest_route=\/wp\/v2\/types\/product"}],"wp:featuredmedia":[{"embeddable":true,"href":"https:\/\/inforad.net\/index.php?rest_route=\/wp\/v2\/media\/871125310951"}],"wp:attachment":[{"href":"https:\/\/inforad.net\/index.php?rest_route=%2Fwp%2Fv2%2Fmedia&parent=871125310803"}],"wp:term":[{"taxonomy":"product_brand","embeddable":true,"href":"https:\/\/inforad.net\/index.php?rest_route=%2Fwp%2Fv2%2Fproduct_brand&post=871125310803"},{"taxonomy":"product_cat","embeddable":true,"href":"https:\/\/inforad.net\/index.php?rest_route=%2Fwp%2Fv2%2Fproduct_cat&post=871125310803"},{"taxonomy":"product_tag","embeddable":true,"href":"https:\/\/inforad.net\/index.php?rest_route=%2Fwp%2Fv2%2Fproduct_tag&post=871125310803"}],"curies":[{"name":"wp","href":"https:\/\/api.w.org\/{rel}","templated":true}]}}