{"id":871125310827,"date":"2025-02-01T14:01:24","date_gmt":"2025-02-01T13:01:24","guid":{"rendered":"https:\/\/inforad.net\/?post_type=product&#038;p=871125310827"},"modified":"2026-02-20T15:32:58","modified_gmt":"2026-02-20T14:32:58","slug":"detecteur-de-monoxyde-de-carbone-et-de-fumee-2-en-1-avec-affichage-led-fonctionne-sur-piles","status":"publish","type":"product","link":"https:\/\/inforad.net\/?product=detecteur-de-monoxyde-de-carbone-et-de-fumee-2-en-1-avec-affichage-led-fonctionne-sur-piles","title":{"rendered":"D\u00e9tecteur de monoxyde de carbone et de fum\u00e9e 2-en-1 avec affichage LED &#8211; Fonctionne sur piles"},"content":{"rendered":"<p><strong>D\u00e9tecteur de monoxyde de carbone et de fum\u00e9e 2-en-1 avec affichage LED &#8211; Fonctionne sur piles<\/strong><\/p>\n<p>Le d\u00e9tecteur de monoxyde de carbone et de fum\u00e9e 2-en-1 est un d\u00e9tecteur de fum\u00e9e et de monoxyde de carbone fonctionnant sur piles qui prot\u00e8ge votre famille et votre maison. <\/p>\n<p>Une seule alarme prot\u00e8ge contre deux menaces mortelles. Technologie \u00e9lectrochimique avanc\u00e9e pour une meilleure d\u00e9tection du CO. \u00c9quip\u00e9 d&#8217;un bouton de test et d&#8217;un bouton d&#8217;arr\u00eat. Avertissement de pile faible pendant 30 jours. Voyant LED indiquant l&#8217;alimentation et le mode d&#8217;alarme<\/p>\n<p>Fonctionne avec 3 piles AA (non incluses).<br \/>\nRaccords et fixations inclus<br \/>\n\u00c9quip\u00e9 d&#8217;un bouton d&#8217;arr\u00eat<br \/>\nInstaller en suivant les conseils fournis dans le manuel.<\/p>\n<p><strong>Caract\u00e9ristiques et avantages<\/strong><br \/>\nL&#8217;appareil est \u00e9quip\u00e9 de d\u00e9tecteurs de fum\u00e9e et de monoxyde de carbone pour la d\u00e9tection des deux dangers. Des indicateurs et des alertes clairs vous permettent de savoir ce qui est pr\u00e9sent lorsque l&#8217;alarme se d\u00e9clenche.<br \/>\nPour une protection compl\u00e8te, installez l&#8217;appareil \u00e0 c\u00f4t\u00e9 d&#8217;autres appareils et d&#8217;un d\u00e9tecteur de chaleur dans la cuisine.<br \/>\nTestez facilement l&#8217;appareil \u00e0 l&#8217;aide d&#8217;un balai depuis le sol en appuyant sur le grand bouton de test.<\/p>","protected":false},"excerpt":{"rendered":"<p><strong>Alarme de monoxyde de carbone<\/strong><\/p>\n<p>Le monoxyde de carbone est un gaz tr\u00e8s toxique qui n&#8217;a ni go\u00fbt, ni couleur, ni odeur et qui est donc tr\u00e8s difficile \u00e0 d\u00e9tecter par les sens humains. Le d\u00e9tecteur de monoxyde de carbone peut d\u00e9tecter dans l&#8217;air du CO que vous ne pouvez ni voir, ni sentir, ni go\u00fbter.<\/p>\n<p>Ce d\u00e9tecteur de monoxyde de carbone est \u00e9quip\u00e9 de capteurs \u00e9lectrochimiques avanc\u00e9s, capables de d\u00e9tecter rapidement la concentration de monoxyde de carbone.<br \/>\nLa touche test\/mute vous permet de tester l&#8217;alarme CO si n\u00e9cessaire.<br \/>\nL&#8217;alarme sonore et lumineuse permet au d\u00e9tecteur de monoxyde de carbone de mieux assurer votre s\u00e9curit\u00e9 et celle de votre famille.<br \/>\nL&#8217;affichage num\u00e9rique \u00e0 LED haute d\u00e9finition, ce d\u00e9tecteur de monoxyde de carbone pour CO peut afficher la valeur de la concentration en temps r\u00e9el.<br \/>\nL&#8217;alarme du d\u00e9tecteur de monoxyde de carbone aliment\u00e9 par pile est dot\u00e9e d&#8217;une alerte de faible puissance pour vous rappeler de changer la pile.<br \/>\nCe d\u00e9tecteur de monoxyde de carbone ne n\u00e9cessite aucun c\u00e2blage et peut donc \u00eatre facilement install\u00e9.<br \/>\nIl s&#8217;agit d&#8217;un dispositif d&#8217;alarme de monoxyde de carbone id\u00e9al pour la maison, la cuisine, la chambre \u00e0 coucher, la salle de bain, la voiture, les voyages, etc.<\/p>\n","protected":false},"featured_media":871125310828,"template":"","meta":[],"product_brand":[],"product_cat":[132,108],"product_tag":[153,101,104],"class_list":{"0":"post-871125310827","1":"product","2":"type-product","3":"status-publish","4":"has-post-thumbnail","6":"product_cat-hot","7":"product_cat-non-classe","8":"product_tag-detecteurs-de-fumee-carbone","9":"product_tag-3pp","10":"product_tag-promo","11":"product_shipping_class-gls-only","13":"first","14":"instock","15":"sale","16":"featured","17":"taxable","18":"shipping-taxable","19":"purchasable","20":"product-type-simple"},"_links":{"self":[{"href":"https:\/\/inforad.net\/index.php?rest_route=\/wp\/v2\/product\/871125310827","targetHints":{"allow":["GET"]}}],"collection":[{"href":"https:\/\/inforad.net\/index.php?rest_route=\/wp\/v2\/product"}],"about":[{"href":"https:\/\/inforad.net\/index.php?rest_route=\/wp\/v2\/types\/product"}],"wp:featuredmedia":[{"embeddable":true,"href":"https:\/\/inforad.net\/index.php?rest_route=\/wp\/v2\/media\/871125310828"}],"wp:attachment":[{"href":"https:\/\/inforad.net\/index.php?rest_route=%2Fwp%2Fv2%2Fmedia&parent=871125310827"}],"wp:term":[{"taxonomy":"product_brand","embeddable":true,"href":"https:\/\/inforad.net\/index.php?rest_route=%2Fwp%2Fv2%2Fproduct_brand&post=871125310827"},{"taxonomy":"product_cat","embeddable":true,"href":"https:\/\/inforad.net\/index.php?rest_route=%2Fwp%2Fv2%2Fproduct_cat&post=871125310827"},{"taxonomy":"product_tag","embeddable":true,"href":"https:\/\/inforad.net\/index.php?rest_route=%2Fwp%2Fv2%2Fproduct_tag&post=871125310827"}],"curies":[{"name":"wp","href":"https:\/\/api.w.org\/{rel}","templated":true}]}}