{"id":871125311013,"date":"2025-05-29T17:00:58","date_gmt":"2025-05-29T15:00:58","guid":{"rendered":"https:\/\/inforad.net\/?post_type=product&#038;p=871125311013"},"modified":"2025-08-06T23:14:13","modified_gmt":"2025-08-06T21:14:13","slug":"all-ride-alarmes-de-porte-sans-fil-pour-camion-voiture-caravane-camping-car-x-2-4-6-ou-8","status":"publish","type":"product","link":"https:\/\/inforad.net\/?product=all-ride-alarmes-de-porte-sans-fil-pour-camion-voiture-caravane-camping-car-x-2-4-6-ou-8","title":{"rendered":"All Ride &#8211; Alarmes de porte sans fil pour camion, voiture, caravane, camping-car x 4, 6, 8 ou 10"},"content":{"rendered":"<p><strong>Alarmes de porte sans fil pour camion, voiture, caravane, camping-car x 4, 6, 6 ou 10<\/strong><\/p>\n<p>Le syst\u00e8me d&#8217;alarme vous aidera \u00e0 prot\u00e9ger votre camion, voiture, caravane ou camping-car contre les intrusions ind\u00e9sirables.<br \/>\nIl est tr\u00e8s facile \u00e0 installer, il suffit de le placer aux points d&#8217;entr\u00e9e les plus vuln\u00e9rables de votre camion et de l&#8217;activer.<br \/>\nToute personne qui tentera d&#8217;entrer dans votre v\u00e9hicule rompra la connexion magn\u00e9tique avec le capteur d&#8217;alarme, d\u00e9clenchant un bruit de 100 d\u00e9cibels, ce qui fera retentir l&#8217;alarme.<\/p>\n<p><strong>Caract\u00e9ristiques :<\/strong><br \/>\nBande adh\u00e9sive pour une installation facile<br \/>\nPratique et l\u00e9ger<br \/>\nAlimentation : piles AG13 (incluses)<br \/>\nBruit : 100 dB<br \/>\nCouleur : blanc<br \/>\nTemp\u00e9rature de fonctionnement : -10 \u00b0C \u00e0 + 50 \u00b0C<br \/>\nInterrupteur ON\/OFF<\/p>\n<p><strong>ENSEMBLE D&#8217;ALARMES DE FEN\u00caTRE 4, 6, 6 ou 10 PI\u00c8CES AU TOTAL<\/strong><\/p>","protected":false},"excerpt":{"rendered":"<p><strong>Alarmes de porte sans fil pour camion, voiture, caravane, camping-car x 4, 6, 8 ou 10<\/strong><\/p>\n<p>Le syst\u00e8me d&#8217;alarme vous aidera \u00e0 prot\u00e9ger votre camion, voiture, caravane ou camping-car contre les intrusions ind\u00e9sirables.<br \/>\nIl est tr\u00e8s facile \u00e0 installer, il suffit de le placer aux points d&#8217;entr\u00e9e les plus vuln\u00e9rables de votre camion et de l&#8217;activer.<br \/>\nToute personne qui tentera d&#8217;entrer dans votre v\u00e9hicule rompra la connexion magn\u00e9tique avec le capteur d&#8217;alarme, d\u00e9clenchant un bruit de 100 d\u00e9cibels, ce qui fera retentir l&#8217;alarme.<\/p>\n<p>4 &#8211; Pack @ 4.90\u20ac = 2.45\u20ac chaque<br \/>\n6 &#8211; Pack @ 6.60\u20ac = 2.20\u20ac chaque<br \/>\n8 &#8211; Pack @ 8.00\u20ac = 2.00\u20ac chaque<br \/>\n10 &#8211; Pack @ 9.00\u20ac = 1.80\u20ac chaque<\/p>\n","protected":false},"featured_media":871125311022,"template":"","meta":[],"product_brand":[],"product_cat":[108],"product_tag":[156,101,104,158],"class_list":{"0":"post-871125311013","1":"product","2":"type-product","3":"status-publish","4":"has-post-thumbnail","6":"product_cat-non-classe","7":"product_tag-entretien-de-la-voiture-nettoyage","8":"product_tag-3pp","9":"product_tag-promo","10":"product_tag-voiture-nettoyage","11":"product_shipping_class-gls-only","13":"first","14":"instock","15":"featured","16":"taxable","17":"shipping-taxable","18":"purchasable","19":"product-type-variable"},"_links":{"self":[{"href":"https:\/\/inforad.net\/index.php?rest_route=\/wp\/v2\/product\/871125311013","targetHints":{"allow":["GET"]}}],"collection":[{"href":"https:\/\/inforad.net\/index.php?rest_route=\/wp\/v2\/product"}],"about":[{"href":"https:\/\/inforad.net\/index.php?rest_route=\/wp\/v2\/types\/product"}],"wp:featuredmedia":[{"embeddable":true,"href":"https:\/\/inforad.net\/index.php?rest_route=\/wp\/v2\/media\/871125311022"}],"wp:attachment":[{"href":"https:\/\/inforad.net\/index.php?rest_route=%2Fwp%2Fv2%2Fmedia&parent=871125311013"}],"wp:term":[{"taxonomy":"product_brand","embeddable":true,"href":"https:\/\/inforad.net\/index.php?rest_route=%2Fwp%2Fv2%2Fproduct_brand&post=871125311013"},{"taxonomy":"product_cat","embeddable":true,"href":"https:\/\/inforad.net\/index.php?rest_route=%2Fwp%2Fv2%2Fproduct_cat&post=871125311013"},{"taxonomy":"product_tag","embeddable":true,"href":"https:\/\/inforad.net\/index.php?rest_route=%2Fwp%2Fv2%2Fproduct_tag&post=871125311013"}],"curies":[{"name":"wp","href":"https:\/\/api.w.org\/{rel}","templated":true}]}}