{"id":871125311026,"date":"2025-05-31T13:36:45","date_gmt":"2025-05-31T11:36:45","guid":{"rendered":"https:\/\/inforad.net\/?post_type=product&#038;p=871125311026"},"modified":"2025-05-31T13:36:45","modified_gmt":"2025-05-31T11:36:45","slug":"miroir-cosmetique-double-face-normal-et-grossissement-3x","status":"publish","type":"product","link":"https:\/\/inforad.net\/?product=miroir-cosmetique-double-face-normal-et-grossissement-3x","title":{"rendered":"Miroir cosm\u00e9tique double face &#8211; normal et grossissement 3x"},"content":{"rendered":"<p>Miroir \u00e0 cosm\u00e9tiques par Touch of Beauty<\/p>\n<p>Autonome &#8211; style pi\u00e9destal<br \/>\n1 c\u00f4t\u00e9 est un miroir standard<br \/>\n1 c\u00f4t\u00e9 est un grossissement 3 x<br \/>\nHauteur : 19.5cm<br \/>\nLargeur : 10cm<br \/>\nCouleur Argent<\/p>","protected":false},"excerpt":{"rendered":"<li>Autonome &#8211; style pi\u00e9destal<\/li>\n<li>1 c\u00f4t\u00e9 est un miroir standard<\/li>\n<li>1 c\u00f4t\u00e9 est un grossissement 3 x<\/li>\n<li>Hauteur : 19.5cm<\/li>\n<li>Largeur : 10cm<\/li>\n<li>Couleur Argent<\/li>\n","protected":false},"featured_media":871125311029,"template":"","meta":[],"product_brand":[],"product_cat":[132],"product_tag":[101,104],"class_list":{"0":"post-871125311026","1":"product","2":"type-product","3":"status-publish","4":"has-post-thumbnail","6":"product_cat-hot","7":"product_tag-3pp","8":"product_tag-promo","9":"product_shipping_class-gls-only","11":"first","12":"instock","13":"sale","14":"taxable","15":"shipping-taxable","16":"purchasable","17":"product-type-simple"},"_links":{"self":[{"href":"https:\/\/inforad.net\/index.php?rest_route=\/wp\/v2\/product\/871125311026","targetHints":{"allow":["GET"]}}],"collection":[{"href":"https:\/\/inforad.net\/index.php?rest_route=\/wp\/v2\/product"}],"about":[{"href":"https:\/\/inforad.net\/index.php?rest_route=\/wp\/v2\/types\/product"}],"wp:featuredmedia":[{"embeddable":true,"href":"https:\/\/inforad.net\/index.php?rest_route=\/wp\/v2\/media\/871125311029"}],"wp:attachment":[{"href":"https:\/\/inforad.net\/index.php?rest_route=%2Fwp%2Fv2%2Fmedia&parent=871125311026"}],"wp:term":[{"taxonomy":"product_brand","embeddable":true,"href":"https:\/\/inforad.net\/index.php?rest_route=%2Fwp%2Fv2%2Fproduct_brand&post=871125311026"},{"taxonomy":"product_cat","embeddable":true,"href":"https:\/\/inforad.net\/index.php?rest_route=%2Fwp%2Fv2%2Fproduct_cat&post=871125311026"},{"taxonomy":"product_tag","embeddable":true,"href":"https:\/\/inforad.net\/index.php?rest_route=%2Fwp%2Fv2%2Fproduct_tag&post=871125311026"}],"curies":[{"name":"wp","href":"https:\/\/api.w.org\/{rel}","templated":true}]}}